{"id":8510,"date":"2021-02-03T16:40:33","date_gmt":"2021-02-03T16:40:33","guid":{"rendered":"http:\/\/pergaminho-design.local\/product\/lacre-cor-de-rosa\/"},"modified":"2025-04-23T12:24:12","modified_gmt":"2025-04-23T12:24:12","slug":"lacre-cor-de-rosa","status":"publish","type":"product","link":"https:\/\/pergaminho.design\/es\/producto\/lacre-cor-de-rosa\/","title":{"rendered":"Sello rosa"},"content":{"rendered":"<p><strong>Tiempo de producci\u00f3n:<\/strong> 1 a 2 Dias \u00fateis<br \/>\n<strong>Contiene:<\/strong> 4 barras de sellado<br \/>\n<strong>Dimensiones:<\/strong> 14 cm de largo x 10 mm de di\u00e1metro<br \/>\n<strong>Rendimiento:<\/strong> 1 bar aprox. 12 juntas con un di\u00e1metro de 25 mm.<\/p>\n<p>&nbsp;<\/p>","protected":false},"excerpt":{"rendered":"<p>As barras de lacre cor de rosa servem para criar selos decorativos personalizados de uma forma cl\u00e1ssica e elegante. O lacre pode ser utilizado em v\u00e1rios elementos, tais como, cart\u00f5es, convites, envelopes entre outros, \u00e9 o ideal para casamentos, eventos, monogramas, marcas e log\u00f3tipos.<\/p>","protected":false},"featured_media":9981,"comment_status":"closed","ping_status":"closed","template":"","meta":{"_acf_changed":false},"product_brand":[],"product_cat":[191,306],"product_tag":[232,239,279,149,222,228,229,230],"class_list":{"0":"post-8510","1":"product","2":"type-product","3":"status-publish","4":"has-post-thumbnail","6":"product_cat-envelopes-e-lacres","7":"product_cat-lacres","8":"product_tag-lacre-personalizado","9":"product_tag-lacres-e-acessorios","10":"product_tag-selos-de-lacre","11":"product_tag-barras-de-lacre","12":"product_tag-lacre","13":"product_tag-lacre-cor-de-rosa","14":"product_tag-lacre-de-cera","15":"product_tag-lacre-decorativo","17":"first","18":"instock","19":"shipping-taxable","20":"purchasable","21":"product-type-simple"},"acf":[],"tiered_pricing_type":"fixed","tiered_pricing_fixed_rules":[],"tiered_pricing_product_settings":{"layout":"default","base_unit_name":{"singular":null,"plural":null},"default_variation":null},"tiered_pricing_minimum_quantity":null,"tiered_pricing_roles_data":[],"tiered_pricing_percentage_rules":[],"_links":{"self":[{"href":"https:\/\/pergaminho.design\/es\/wp-json\/wp\/v2\/product\/8510","targetHints":{"allow":["GET"]}}],"collection":[{"href":"https:\/\/pergaminho.design\/es\/wp-json\/wp\/v2\/product"}],"about":[{"href":"https:\/\/pergaminho.design\/es\/wp-json\/wp\/v2\/types\/product"}],"replies":[{"embeddable":true,"href":"https:\/\/pergaminho.design\/es\/wp-json\/wp\/v2\/comments?post=8510"}],"version-history":[{"count":1,"href":"https:\/\/pergaminho.design\/es\/wp-json\/wp\/v2\/product\/8510\/revisions"}],"predecessor-version":[{"id":26955,"href":"https:\/\/pergaminho.design\/es\/wp-json\/wp\/v2\/product\/8510\/revisions\/26955"}],"wp:featuredmedia":[{"embeddable":true,"href":"https:\/\/pergaminho.design\/es\/wp-json\/wp\/v2\/media\/9981"}],"wp:attachment":[{"href":"https:\/\/pergaminho.design\/es\/wp-json\/wp\/v2\/media?parent=8510"}],"wp:term":[{"taxonomy":"product_brand","embeddable":true,"href":"https:\/\/pergaminho.design\/es\/wp-json\/wp\/v2\/product_brand?post=8510"},{"taxonomy":"product_cat","embeddable":true,"href":"https:\/\/pergaminho.design\/es\/wp-json\/wp\/v2\/product_cat?post=8510"},{"taxonomy":"product_tag","embeddable":true,"href":"https:\/\/pergaminho.design\/es\/wp-json\/wp\/v2\/product_tag?post=8510"}],"curies":[{"name":"wp","href":"https:\/\/api.w.org\/{rel}","templated":true}]}}