{"id":8501,"date":"2021-02-03T16:28:35","date_gmt":"2021-02-03T16:28:35","guid":{"rendered":"http:\/\/pergaminho-design.local\/product\/lacre-castanho\/"},"modified":"2025-04-23T12:23:43","modified_gmt":"2025-04-23T12:23:43","slug":"lacre-castanho","status":"publish","type":"product","link":"https:\/\/pergaminho.design\/es\/producto\/lacre-castanho\/","title":{"rendered":"Sello marr\u00f3n"},"content":{"rendered":"<p><strong>Tiempo de producci\u00f3n:<\/strong> 1 a 2 Dias \u00fateis<br \/>\n<strong>Contiene:<\/strong> 4 barras de sellado<br \/>\n<strong>Dimensiones:<\/strong> 14 cm de largo x 10 mm de di\u00e1metro<br \/>\n<strong>Rendimiento:<\/strong> 1 bar aprox. 12 juntas con un di\u00e1metro de 25 mm.<\/p>","protected":false},"excerpt":{"rendered":"<p>As barras de lacre castanho servem para criar selos decorativos personalizados de uma forma cl\u00e1ssica e elegante. O lacre pode ser utilizado em v\u00e1rios elementos, tais como, cart\u00f5es, convites, envelopes entre outros, \u00e9 o ideal para casamentos, eventos, monogramas, marcas e log\u00f3tipos.<\/p>","protected":false},"featured_media":9957,"comment_status":"closed","ping_status":"closed","template":"","meta":{"_acf_changed":false},"product_brand":[],"product_cat":[191,306],"product_tag":[149,222,227,229,230,232,239,279],"class_list":{"0":"post-8501","1":"product","2":"type-product","3":"status-publish","4":"has-post-thumbnail","6":"product_cat-envelopes-e-lacres","7":"product_cat-lacres","8":"product_tag-barras-de-lacre","9":"product_tag-lacre","10":"product_tag-lacre-castanho","11":"product_tag-lacre-de-cera","12":"product_tag-lacre-decorativo","13":"product_tag-lacre-personalizado","14":"product_tag-lacres-e-acessorios","15":"product_tag-selos-de-lacre","17":"first","18":"instock","19":"shipping-taxable","20":"purchasable","21":"product-type-simple"},"acf":[],"tiered_pricing_type":"fixed","tiered_pricing_fixed_rules":[],"tiered_pricing_product_settings":{"layout":"default","base_unit_name":{"singular":null,"plural":null},"default_variation":null},"tiered_pricing_minimum_quantity":null,"tiered_pricing_roles_data":[],"tiered_pricing_percentage_rules":[],"_links":{"self":[{"href":"https:\/\/pergaminho.design\/es\/wp-json\/wp\/v2\/product\/8501","targetHints":{"allow":["GET"]}}],"collection":[{"href":"https:\/\/pergaminho.design\/es\/wp-json\/wp\/v2\/product"}],"about":[{"href":"https:\/\/pergaminho.design\/es\/wp-json\/wp\/v2\/types\/product"}],"replies":[{"embeddable":true,"href":"https:\/\/pergaminho.design\/es\/wp-json\/wp\/v2\/comments?post=8501"}],"version-history":[{"count":1,"href":"https:\/\/pergaminho.design\/es\/wp-json\/wp\/v2\/product\/8501\/revisions"}],"predecessor-version":[{"id":26954,"href":"https:\/\/pergaminho.design\/es\/wp-json\/wp\/v2\/product\/8501\/revisions\/26954"}],"wp:featuredmedia":[{"embeddable":true,"href":"https:\/\/pergaminho.design\/es\/wp-json\/wp\/v2\/media\/9957"}],"wp:attachment":[{"href":"https:\/\/pergaminho.design\/es\/wp-json\/wp\/v2\/media?parent=8501"}],"wp:term":[{"taxonomy":"product_brand","embeddable":true,"href":"https:\/\/pergaminho.design\/es\/wp-json\/wp\/v2\/product_brand?post=8501"},{"taxonomy":"product_cat","embeddable":true,"href":"https:\/\/pergaminho.design\/es\/wp-json\/wp\/v2\/product_cat?post=8501"},{"taxonomy":"product_tag","embeddable":true,"href":"https:\/\/pergaminho.design\/es\/wp-json\/wp\/v2\/product_tag?post=8501"}],"curies":[{"name":"wp","href":"https:\/\/api.w.org\/{rel}","templated":true}]}}