{"id":8378,"date":"2021-02-03T15:48:33","date_gmt":"2021-02-03T15:48:33","guid":{"rendered":"http:\/\/pergaminho-design.local\/product\/envelope-branco\/"},"modified":"2026-03-27T13:17:58","modified_gmt":"2026-03-27T13:17:58","slug":"envelope-branco","status":"publish","type":"product","link":"https:\/\/pergaminho.design\/es\/producto\/envelope-branco\/","title":{"rendered":"Sobre blanco"},"content":{"rendered":"<p><strong>Tiempo de producci\u00f3n:<\/strong> 10 a 15 dias \u00fateis<br \/>\n<strong>Cantidad m\u00ednima:<\/strong> 25 sobres<br \/>\n<strong>Cierre:<\/strong> Solapa en V<br \/>\n<strong>Papel:<\/strong> Cartolina<br \/>\n<strong>Pegamento:<\/strong> Sin cinta adhesiva<br \/>\n<strong>Tamanho:<\/strong> 10\u00d715 Vertical, 15\u00d710 Horizontal, 13\u00d718 Vertical, 18\u00d713 Horizontal, 15\u00d715 Quadrado, 10\u00d720 Vertical, 20\u00d710 Horizontal, 15\u00d720 Vertical, 20\u00d715 Horizontal<\/p>\n<p>Para personalizar su sobre de forma \u00fanica y creativa, le recomendamos cerrar los sobres con <a href=\"https:\/\/pergaminho.design\/es\/categoria-produto\/lacres-e-acessorios\/\">sellos de cera<\/a>, ou com uma das nossas sugest\u00f5es de <a href=\"https:\/\/pergaminho.design\/es\/categoria-produto\/lacres-e-acessorios\/fios-e-cordoes\/\">cables y cordones<\/a>.<\/p>","protected":false},"excerpt":{"rendered":"<p><span style=\"vertical-align: inherit;\"><span style=\"vertical-align: inherit;\">Os nossos envelopes brancos s\u00e3o a embalagem perfeita para enviar e complementar os seus cart\u00f5es de felicita\u00e7\u00f5es, cartas, postais, convites de casamento, convites de batizado ou outro tipo de festas ou eventos.<\/span><\/span><\/p>\n<p>&nbsp;<\/p>","protected":false},"featured_media":9898,"comment_status":"closed","ping_status":"closed","template":"","meta":{"_acf_changed":false},"product_brand":[],"product_cat":[198,191],"product_tag":[195,196,238,260,180,181,192,194],"class_list":{"0":"post-8378","1":"product","2":"type-product","3":"status-publish","4":"has-post-thumbnail","6":"product_cat-envelopes-lisos","7":"product_cat-envelopes-e-lacres","8":"product_tag-envelopes-de-casamento","9":"product_tag-envelopes-de-papel","10":"product_tag-lacres","11":"product_tag-papelaria","12":"product_tag-convites","13":"product_tag-convites-de-casamento","14":"product_tag-envelopes","15":"product_tag-envelopes-coloridos","17":"first","18":"instock","19":"shipping-taxable","20":"purchasable","21":"product-type-variable"},"acf":[],"tiered_pricing_type":"fixed","tiered_pricing_fixed_rules":[],"tiered_pricing_product_settings":{"layout":"default","base_unit_name":{"singular":null,"plural":null},"default_variation":null},"tiered_pricing_minimum_quantity":null,"tiered_pricing_roles_data":[],"tiered_pricing_percentage_rules":[],"_links":{"self":[{"href":"https:\/\/pergaminho.design\/es\/wp-json\/wp\/v2\/product\/8378","targetHints":{"allow":["GET"]}}],"collection":[{"href":"https:\/\/pergaminho.design\/es\/wp-json\/wp\/v2\/product"}],"about":[{"href":"https:\/\/pergaminho.design\/es\/wp-json\/wp\/v2\/types\/product"}],"replies":[{"embeddable":true,"href":"https:\/\/pergaminho.design\/es\/wp-json\/wp\/v2\/comments?post=8378"}],"version-history":[{"count":2,"href":"https:\/\/pergaminho.design\/es\/wp-json\/wp\/v2\/product\/8378\/revisions"}],"predecessor-version":[{"id":26776,"href":"https:\/\/pergaminho.design\/es\/wp-json\/wp\/v2\/product\/8378\/revisions\/26776"}],"wp:featuredmedia":[{"embeddable":true,"href":"https:\/\/pergaminho.design\/es\/wp-json\/wp\/v2\/media\/9898"}],"wp:attachment":[{"href":"https:\/\/pergaminho.design\/es\/wp-json\/wp\/v2\/media?parent=8378"}],"wp:term":[{"taxonomy":"product_brand","embeddable":true,"href":"https:\/\/pergaminho.design\/es\/wp-json\/wp\/v2\/product_brand?post=8378"},{"taxonomy":"product_cat","embeddable":true,"href":"https:\/\/pergaminho.design\/es\/wp-json\/wp\/v2\/product_cat?post=8378"},{"taxonomy":"product_tag","embeddable":true,"href":"https:\/\/pergaminho.design\/es\/wp-json\/wp\/v2\/product_tag?post=8378"}],"curies":[{"name":"wp","href":"https:\/\/api.w.org\/{rel}","templated":true}]}}