{"id":8221,"date":"2021-01-29T18:05:34","date_gmt":"2021-01-29T18:05:34","guid":{"rendered":"http:\/\/pergaminho-design.local\/product\/conjunto-de-lacre\/"},"modified":"2025-04-23T12:23:30","modified_gmt":"2025-04-23T12:23:30","slug":"conjunto-de-lacre","status":"publish","type":"product","link":"https:\/\/pergaminho.design\/es\/producto\/conjunto-de-lacre\/","title":{"rendered":"Conjunto de Lacre"},"content":{"rendered":"<p><strong>Tiempo de producci\u00f3n:<\/strong> De 10 a 15 d\u00edas<br \/>\n<strong>Material:<\/strong> Madera, acero y sello de cera<br \/>\n<strong>Contiene:<\/strong> 1 Portavelas + 1 Coler + 1 Signet + 4 Barras selladoras<\/p>","protected":false},"excerpt":{"rendered":"<p>O Conjunto de Lacre \u00e9 perfeito para dar aos seus convites um toque cl\u00e1ssico atrav\u00e9s da aplica\u00e7\u00e3o de lacre com um design \u00e0 sua escolha. Este \u00e9 o conjunto que ir\u00e1 precisar para toda a produ\u00e7\u00e3o dos seus lacres, o aquecedor manual, 4 barras de lacre e um sinete.<\/p>","protected":false},"featured_media":9880,"comment_status":"closed","ping_status":"closed","template":"","meta":{"_acf_changed":false},"product_brand":[],"product_cat":[191,302],"product_tag":[256,280,281,149,222,232,239],"class_list":{"0":"post-8221","1":"product","2":"type-product","3":"status-publish","4":"has-post-thumbnail","6":"product_cat-envelopes-e-lacres","7":"product_cat-acessorios-p-lacres","8":"product_tag-pack","9":"product_tag-sinete","10":"product_tag-sinete-personalizado","11":"product_tag-barras-de-lacre","12":"product_tag-lacre","13":"product_tag-lacre-personalizado","14":"product_tag-lacres-e-acessorios","16":"first","17":"instock","18":"shipping-taxable","19":"purchasable","20":"product-type-simple"},"acf":[],"tiered_pricing_type":"fixed","tiered_pricing_fixed_rules":[],"tiered_pricing_product_settings":{"layout":"default","base_unit_name":{"singular":null,"plural":null},"default_variation":null},"tiered_pricing_minimum_quantity":null,"tiered_pricing_roles_data":[],"tiered_pricing_percentage_rules":[],"_links":{"self":[{"href":"https:\/\/pergaminho.design\/es\/wp-json\/wp\/v2\/product\/8221","targetHints":{"allow":["GET"]}}],"collection":[{"href":"https:\/\/pergaminho.design\/es\/wp-json\/wp\/v2\/product"}],"about":[{"href":"https:\/\/pergaminho.design\/es\/wp-json\/wp\/v2\/types\/product"}],"replies":[{"embeddable":true,"href":"https:\/\/pergaminho.design\/es\/wp-json\/wp\/v2\/comments?post=8221"}],"version-history":[{"count":4,"href":"https:\/\/pergaminho.design\/es\/wp-json\/wp\/v2\/product\/8221\/revisions"}],"predecessor-version":[{"id":28127,"href":"https:\/\/pergaminho.design\/es\/wp-json\/wp\/v2\/product\/8221\/revisions\/28127"}],"wp:featuredmedia":[{"embeddable":true,"href":"https:\/\/pergaminho.design\/es\/wp-json\/wp\/v2\/media\/9880"}],"wp:attachment":[{"href":"https:\/\/pergaminho.design\/es\/wp-json\/wp\/v2\/media?parent=8221"}],"wp:term":[{"taxonomy":"product_brand","embeddable":true,"href":"https:\/\/pergaminho.design\/es\/wp-json\/wp\/v2\/product_brand?post=8221"},{"taxonomy":"product_cat","embeddable":true,"href":"https:\/\/pergaminho.design\/es\/wp-json\/wp\/v2\/product_cat?post=8221"},{"taxonomy":"product_tag","embeddable":true,"href":"https:\/\/pergaminho.design\/es\/wp-json\/wp\/v2\/product_tag?post=8221"}],"curies":[{"name":"wp","href":"https:\/\/api.w.org\/{rel}","templated":true}]}}