{"id":8020,"date":"2021-01-20T23:18:09","date_gmt":"2021-01-20T23:18:09","guid":{"rendered":"http:\/\/pergaminho-design.local\/product\/aquecedor-manual\/"},"modified":"2025-04-23T12:23:05","modified_gmt":"2025-04-23T12:23:05","slug":"aquecedor-manual","status":"publish","type":"product","link":"https:\/\/pergaminho.design\/es\/producto\/aquecedor-manual\/","title":{"rendered":"Calentador manual"},"content":{"rendered":"<p><strong>Tiempo de producci\u00f3n:<\/strong> 1 a 2 Dias \u00fateis<br \/>\n<strong>Material:<\/strong> Madera, acero y cera<br \/>\n<strong>Contiene:<\/strong> 1 Cuchara + 1 Portavelas + 1 Vela<\/p>","protected":false},"excerpt":{"rendered":"<p>O Aquecedor Manual \u00e9 um produto necess\u00e1rio para derreter as barras de lacre facilitando o processo de produ\u00e7\u00e3o de selos.<\/p>","protected":false},"featured_media":9861,"comment_status":"open","ping_status":"closed","template":"","meta":{"_acf_changed":false},"product_brand":[],"product_cat":[191,302],"product_tag":[232,239,279,127,141,142,222,229],"class_list":{"0":"post-8020","1":"product","2":"type-product","3":"status-publish","4":"has-post-thumbnail","6":"product_cat-envelopes-e-lacres","7":"product_cat-acessorios-p-lacres","8":"product_tag-lacre-personalizado","9":"product_tag-lacres-e-acessorios","10":"product_tag-selos-de-lacre","11":"product_tag-acessorio","12":"product_tag-aquecedor-lacre","13":"product_tag-aquecedor-manual","14":"product_tag-lacre","15":"product_tag-lacre-de-cera","17":"first","18":"instock","19":"shipping-taxable","20":"purchasable","21":"product-type-simple"},"acf":[],"tiered_pricing_type":"fixed","tiered_pricing_fixed_rules":[],"tiered_pricing_product_settings":{"layout":"default","base_unit_name":{"singular":null,"plural":null},"default_variation":null},"tiered_pricing_minimum_quantity":null,"tiered_pricing_roles_data":[],"tiered_pricing_percentage_rules":[],"_links":{"self":[{"href":"https:\/\/pergaminho.design\/es\/wp-json\/wp\/v2\/product\/8020","targetHints":{"allow":["GET"]}}],"collection":[{"href":"https:\/\/pergaminho.design\/es\/wp-json\/wp\/v2\/product"}],"about":[{"href":"https:\/\/pergaminho.design\/es\/wp-json\/wp\/v2\/types\/product"}],"replies":[{"embeddable":true,"href":"https:\/\/pergaminho.design\/es\/wp-json\/wp\/v2\/comments?post=8020"}],"version-history":[{"count":3,"href":"https:\/\/pergaminho.design\/es\/wp-json\/wp\/v2\/product\/8020\/revisions"}],"predecessor-version":[{"id":28126,"href":"https:\/\/pergaminho.design\/es\/wp-json\/wp\/v2\/product\/8020\/revisions\/28126"}],"wp:featuredmedia":[{"embeddable":true,"href":"https:\/\/pergaminho.design\/es\/wp-json\/wp\/v2\/media\/9861"}],"wp:attachment":[{"href":"https:\/\/pergaminho.design\/es\/wp-json\/wp\/v2\/media?parent=8020"}],"wp:term":[{"taxonomy":"product_brand","embeddable":true,"href":"https:\/\/pergaminho.design\/es\/wp-json\/wp\/v2\/product_brand?post=8020"},{"taxonomy":"product_cat","embeddable":true,"href":"https:\/\/pergaminho.design\/es\/wp-json\/wp\/v2\/product_cat?post=8020"},{"taxonomy":"product_tag","embeddable":true,"href":"https:\/\/pergaminho.design\/es\/wp-json\/wp\/v2\/product_tag?post=8020"}],"curies":[{"name":"wp","href":"https:\/\/api.w.org\/{rel}","templated":true}]}}