{"id":37137,"date":"2026-05-08T14:30:39","date_gmt":"2026-05-08T14:30:39","guid":{"rendered":"https:\/\/pergaminho.design\/?post_type=product&#038;p=37137"},"modified":"2026-05-15T15:25:56","modified_gmt":"2026-05-15T15:25:56","slug":"livro-de-votos-veludo","status":"publish","type":"product","link":"https:\/\/pergaminho.design\/es\/producto\/livro-de-votos-veludo\/","title":{"rendered":"Livro de Votos &#8211; Veludo"},"content":{"rendered":"<p><strong>Tiempo de producci\u00f3n:<\/strong> 12 a 15 Dias \u00fateis<br \/>\n<strong>Material:<\/strong> Veludo<br \/>\n<strong>Dimensi\u00f3n:<\/strong> 15x15cm<\/p>","protected":false},"excerpt":{"rendered":"<p>Eternize em palavras o que o cora\u00e7\u00e3o sente e transforme promessas em mem\u00f3rias para toda a vida.<\/p>","protected":false},"featured_media":37243,"comment_status":"closed","ping_status":"closed","template":"","meta":{"_acf_changed":false},"product_brand":[],"product_cat":[351],"product_tag":[],"class_list":{"0":"post-37137","1":"product","2":"type-product","3":"status-publish","4":"has-post-thumbnail","6":"product_cat-livro-de-votos","8":"first","9":"instock","10":"shipping-taxable","11":"purchasable","12":"product-type-variable"},"acf":[],"tiered_pricing_type":"fixed","tiered_pricing_fixed_rules":[],"tiered_pricing_product_settings":{"layout":"default","base_unit_name":{"singular":null,"plural":null},"default_variation":null},"tiered_pricing_minimum_quantity":null,"tiered_pricing_roles_data":[],"tiered_pricing_percentage_rules":[],"_links":{"self":[{"href":"https:\/\/pergaminho.design\/es\/wp-json\/wp\/v2\/product\/37137","targetHints":{"allow":["GET"]}}],"collection":[{"href":"https:\/\/pergaminho.design\/es\/wp-json\/wp\/v2\/product"}],"about":[{"href":"https:\/\/pergaminho.design\/es\/wp-json\/wp\/v2\/types\/product"}],"replies":[{"embeddable":true,"href":"https:\/\/pergaminho.design\/es\/wp-json\/wp\/v2\/comments?post=37137"}],"version-history":[{"count":3,"href":"https:\/\/pergaminho.design\/es\/wp-json\/wp\/v2\/product\/37137\/revisions"}],"predecessor-version":[{"id":37313,"href":"https:\/\/pergaminho.design\/es\/wp-json\/wp\/v2\/product\/37137\/revisions\/37313"}],"wp:featuredmedia":[{"embeddable":true,"href":"https:\/\/pergaminho.design\/es\/wp-json\/wp\/v2\/media\/37243"}],"wp:attachment":[{"href":"https:\/\/pergaminho.design\/es\/wp-json\/wp\/v2\/media?parent=37137"}],"wp:term":[{"taxonomy":"product_brand","embeddable":true,"href":"https:\/\/pergaminho.design\/es\/wp-json\/wp\/v2\/product_brand?post=37137"},{"taxonomy":"product_cat","embeddable":true,"href":"https:\/\/pergaminho.design\/es\/wp-json\/wp\/v2\/product_cat?post=37137"},{"taxonomy":"product_tag","embeddable":true,"href":"https:\/\/pergaminho.design\/es\/wp-json\/wp\/v2\/product_tag?post=37137"}],"curies":[{"name":"wp","href":"https:\/\/api.w.org\/{rel}","templated":true}]}}