{"id":36845,"date":"2026-03-30T13:44:12","date_gmt":"2026-03-30T13:44:12","guid":{"rendered":"https:\/\/pergaminho.design\/?post_type=product&#038;p=36845"},"modified":"2026-03-30T14:09:31","modified_gmt":"2026-03-30T14:09:31","slug":"livro-de-votos-papel","status":"publish","type":"product","link":"https:\/\/pergaminho.design\/es\/producto\/livro-de-votos-papel\/","title":{"rendered":"Livro de Votos &#8211; Papel"},"content":{"rendered":"<p><strong>Tiempo de producci\u00f3n:<\/strong> 12 dias \u00fateis<br \/>\n<strong>Dimensiones:<\/strong> 15x20cm (fechado)<br \/>\n<strong>Material:<\/strong> Papel<\/p>\n<p>Este produto \u00e9 composto por um pack de 2 livros de votos.<\/p>\n<p>&nbsp;<\/p>","protected":false},"excerpt":{"rendered":"<p>Eternize em palavras o que o cora\u00e7\u00e3o sente e transforme promessas em mem\u00f3rias para toda a vida.<\/p>","protected":false},"featured_media":36852,"comment_status":"closed","ping_status":"closed","template":"","meta":{"_acf_changed":false},"product_brand":[],"product_cat":[351],"product_tag":[127,222,229,232,239,279,280,281],"class_list":{"0":"post-36845","1":"product","2":"type-product","3":"status-publish","4":"has-post-thumbnail","6":"product_cat-livro-de-votos","7":"product_tag-acessorio","8":"product_tag-lacre","9":"product_tag-lacre-de-cera","10":"product_tag-lacre-personalizado","11":"product_tag-lacres-e-acessorios","12":"product_tag-selos-de-lacre","13":"product_tag-sinete","14":"product_tag-sinete-personalizado","16":"first","17":"instock","18":"shipping-taxable","19":"purchasable","20":"product-type-simple"},"acf":[],"tiered_pricing_type":"fixed","tiered_pricing_fixed_rules":[],"tiered_pricing_product_settings":{"layout":"default","base_unit_name":{"singular":null,"plural":null},"default_variation":null},"tiered_pricing_minimum_quantity":null,"tiered_pricing_roles_data":[],"tiered_pricing_percentage_rules":[],"_links":{"self":[{"href":"https:\/\/pergaminho.design\/es\/wp-json\/wp\/v2\/product\/36845","targetHints":{"allow":["GET"]}}],"collection":[{"href":"https:\/\/pergaminho.design\/es\/wp-json\/wp\/v2\/product"}],"about":[{"href":"https:\/\/pergaminho.design\/es\/wp-json\/wp\/v2\/types\/product"}],"replies":[{"embeddable":true,"href":"https:\/\/pergaminho.design\/es\/wp-json\/wp\/v2\/comments?post=36845"}],"version-history":[{"count":3,"href":"https:\/\/pergaminho.design\/es\/wp-json\/wp\/v2\/product\/36845\/revisions"}],"predecessor-version":[{"id":36862,"href":"https:\/\/pergaminho.design\/es\/wp-json\/wp\/v2\/product\/36845\/revisions\/36862"}],"wp:featuredmedia":[{"embeddable":true,"href":"https:\/\/pergaminho.design\/es\/wp-json\/wp\/v2\/media\/36852"}],"wp:attachment":[{"href":"https:\/\/pergaminho.design\/es\/wp-json\/wp\/v2\/media?parent=36845"}],"wp:term":[{"taxonomy":"product_brand","embeddable":true,"href":"https:\/\/pergaminho.design\/es\/wp-json\/wp\/v2\/product_brand?post=36845"},{"taxonomy":"product_cat","embeddable":true,"href":"https:\/\/pergaminho.design\/es\/wp-json\/wp\/v2\/product_cat?post=36845"},{"taxonomy":"product_tag","embeddable":true,"href":"https:\/\/pergaminho.design\/es\/wp-json\/wp\/v2\/product_tag?post=36845"}],"curies":[{"name":"wp","href":"https:\/\/api.w.org\/{rel}","templated":true}]}}