{"id":35716,"date":"2026-01-14T08:42:06","date_gmt":"2026-01-14T08:42:06","guid":{"rendered":"https:\/\/pergaminho.design\/?post_type=product&#038;p=35716"},"modified":"2026-01-14T16:55:47","modified_gmt":"2026-01-14T16:55:47","slug":"agenda-da-gravida","status":"publish","type":"product","link":"https:\/\/pergaminho.design\/es\/producto\/agenda-da-gravida\/","title":{"rendered":"Agenda da Gr\u00e1vida"},"content":{"rendered":"<p class=\"p1\"><strong>Tiempo de producci\u00f3n:<\/strong> 1 a 2 dias \u00fateis<br \/>\n<strong>Encuadernaci\u00f3n:<\/strong> Anillos de oro<br \/>\n<strong>Tapa:<\/strong> R\u00edgido personalizado con impresi\u00f3n en l\u00e1mina de oro<br \/>\n<strong>Dimensi\u00f3n:<\/strong> A5<br \/>\n<strong>N\u00ba de p\u00e1ginas: <\/strong>120<br \/>\n<strong>Separadores:<\/strong> Hist\u00f3ria; Ecografias; O Crescimento; Agenda; A Tua Chegada;<\/p>","protected":false},"excerpt":{"rendered":"<p>A Agenda da Gr\u00e1vida trata-se de um produto que funciona como uma companheira durante toda a gravidez, e \u00e9 perfeita para registar o crescimento do beb\u00e9 e todos os momentos mais especiais para a mam\u00e3 durante cada gesta\u00e7\u00e3o.<\/p>","protected":false},"featured_media":35717,"comment_status":"closed","ping_status":"closed","template":"","meta":{"_acf_changed":false},"product_brand":[],"product_cat":[134,154],"product_tag":[131,169,189,218,254,287],"class_list":{"0":"post-35716","1":"product","2":"type-product","3":"status-publish","4":"has-post-thumbnail","6":"product_cat-agendas","7":"product_cat-bebes-e-mamas","8":"product_tag-agenda","9":"product_tag-checklist","10":"product_tag-diario-do-bebe","11":"product_tag-inspiracao","12":"product_tag-organizacao","13":"product_tag-timeline","15":"first","16":"instock","17":"shipping-taxable","18":"purchasable","19":"product-type-simple"},"acf":[],"tiered_pricing_type":"fixed","tiered_pricing_fixed_rules":[],"tiered_pricing_product_settings":{"layout":"default","base_unit_name":{"singular":null,"plural":null},"default_variation":null},"tiered_pricing_minimum_quantity":null,"tiered_pricing_roles_data":[],"tiered_pricing_percentage_rules":[],"_links":{"self":[{"href":"https:\/\/pergaminho.design\/es\/wp-json\/wp\/v2\/product\/35716","targetHints":{"allow":["GET"]}}],"collection":[{"href":"https:\/\/pergaminho.design\/es\/wp-json\/wp\/v2\/product"}],"about":[{"href":"https:\/\/pergaminho.design\/es\/wp-json\/wp\/v2\/types\/product"}],"replies":[{"embeddable":true,"href":"https:\/\/pergaminho.design\/es\/wp-json\/wp\/v2\/comments?post=35716"}],"version-history":[{"count":3,"href":"https:\/\/pergaminho.design\/es\/wp-json\/wp\/v2\/product\/35716\/revisions"}],"predecessor-version":[{"id":36349,"href":"https:\/\/pergaminho.design\/es\/wp-json\/wp\/v2\/product\/35716\/revisions\/36349"}],"wp:featuredmedia":[{"embeddable":true,"href":"https:\/\/pergaminho.design\/es\/wp-json\/wp\/v2\/media\/35717"}],"wp:attachment":[{"href":"https:\/\/pergaminho.design\/es\/wp-json\/wp\/v2\/media?parent=35716"}],"wp:term":[{"taxonomy":"product_brand","embeddable":true,"href":"https:\/\/pergaminho.design\/es\/wp-json\/wp\/v2\/product_brand?post=35716"},{"taxonomy":"product_cat","embeddable":true,"href":"https:\/\/pergaminho.design\/es\/wp-json\/wp\/v2\/product_cat?post=35716"},{"taxonomy":"product_tag","embeddable":true,"href":"https:\/\/pergaminho.design\/es\/wp-json\/wp\/v2\/product_tag?post=35716"}],"curies":[{"name":"wp","href":"https:\/\/api.w.org\/{rel}","templated":true}]}}