{"id":32213,"date":"2024-09-11T11:44:27","date_gmt":"2024-09-11T11:44:27","guid":{"rendered":"https:\/\/pergaminho.design\/?post_type=product&#038;p=32213"},"modified":"2026-03-27T14:31:52","modified_gmt":"2026-03-27T14:31:52","slug":"caixa-de-aliancas-tecido","status":"publish","type":"product","link":"https:\/\/pergaminho.design\/es\/producto\/caixa-de-aliancas-tecido\/","title":{"rendered":"Caixa de Alian\u00e7as &#8211; Tecido"},"content":{"rendered":"<p><strong>Tiempo de producci\u00f3n:<\/strong> 8 a 10 dias \u00fateis<br \/>\n<strong>Material:<\/strong> Tecido<br \/>\n<strong>Dimensi\u00f3n:<\/strong> 10x10cm<br \/>\n<strong>Outros:<\/strong> Alian\u00e7as n\u00e3o inclu\u00eddas<\/p>","protected":false},"excerpt":{"rendered":"<p>A Caixa de Alian\u00e7as \u00e9 a forma perfeita para transportar as alian\u00e7as at\u00e9 ao momento mais especial: a uni\u00e3o dos noivos.<\/p>","protected":false},"featured_media":32194,"comment_status":"closed","ping_status":"closed","template":"","meta":{"_acf_changed":false},"product_brand":[],"product_cat":[161],"product_tag":[162],"class_list":{"0":"post-32213","1":"product","2":"type-product","3":"status-publish","4":"has-post-thumbnail","6":"product_cat-caixas-de-aliancas","7":"product_tag-caixa-madeira","9":"first","10":"instock","11":"shipping-taxable","12":"purchasable","13":"product-type-variable"},"acf":[],"tiered_pricing_type":"fixed","tiered_pricing_fixed_rules":[],"tiered_pricing_product_settings":{"layout":"default","base_unit_name":{"singular":null,"plural":null},"default_variation":null},"tiered_pricing_minimum_quantity":null,"tiered_pricing_roles_data":[],"tiered_pricing_percentage_rules":[],"_links":{"self":[{"href":"https:\/\/pergaminho.design\/es\/wp-json\/wp\/v2\/product\/32213","targetHints":{"allow":["GET"]}}],"collection":[{"href":"https:\/\/pergaminho.design\/es\/wp-json\/wp\/v2\/product"}],"about":[{"href":"https:\/\/pergaminho.design\/es\/wp-json\/wp\/v2\/types\/product"}],"replies":[{"embeddable":true,"href":"https:\/\/pergaminho.design\/es\/wp-json\/wp\/v2\/comments?post=32213"}],"version-history":[{"count":4,"href":"https:\/\/pergaminho.design\/es\/wp-json\/wp\/v2\/product\/32213\/revisions"}],"predecessor-version":[{"id":32405,"href":"https:\/\/pergaminho.design\/es\/wp-json\/wp\/v2\/product\/32213\/revisions\/32405"}],"wp:featuredmedia":[{"embeddable":true,"href":"https:\/\/pergaminho.design\/es\/wp-json\/wp\/v2\/media\/32194"}],"wp:attachment":[{"href":"https:\/\/pergaminho.design\/es\/wp-json\/wp\/v2\/media?parent=32213"}],"wp:term":[{"taxonomy":"product_brand","embeddable":true,"href":"https:\/\/pergaminho.design\/es\/wp-json\/wp\/v2\/product_brand?post=32213"},{"taxonomy":"product_cat","embeddable":true,"href":"https:\/\/pergaminho.design\/es\/wp-json\/wp\/v2\/product_cat?post=32213"},{"taxonomy":"product_tag","embeddable":true,"href":"https:\/\/pergaminho.design\/es\/wp-json\/wp\/v2\/product_tag?post=32213"}],"curies":[{"name":"wp","href":"https:\/\/api.w.org\/{rel}","templated":true}]}}