{"id":30105,"date":"2024-05-28T16:25:19","date_gmt":"2024-05-28T16:25:19","guid":{"rendered":"https:\/\/pergaminho.design\/?post_type=product&#038;p=30105"},"modified":"2026-03-27T14:21:57","modified_gmt":"2026-03-27T14:21:57","slug":"seating-plan-acrilico-transparente","status":"publish","type":"product","link":"https:\/\/pergaminho.design\/es\/producto\/seating-plan-acrilico-transparente\/","title":{"rendered":"Seating Plan &#8211; Acr\u00edlico Transparente"},"content":{"rendered":"<p><strong>Tiempo de producci\u00f3n:<\/strong> 10 a 12 dias \u00fateis<br \/>\n<strong>Tamanho:<\/strong> 60x90cm<br \/>\n<strong>Material:<\/strong> Acr\u00edlico com impress\u00e3o direta a cor branca<\/p>","protected":false},"excerpt":{"rendered":"<p>A forma mais especial e elegante para direcionar os seus convidados aos seus lugares no dia do seu casamento! O Seating Plan em Acr\u00edlico Transparente \u00e9 uma das tend\u00eancias que veio para ficar e conquistar todos os olhares refletindo eleg\u00e2ncia e simplicidade numa pe\u00e7a.<\/p>","protected":false},"featured_media":30112,"comment_status":"closed","ping_status":"closed","template":"","meta":{"_acf_changed":false},"product_brand":[],"product_cat":[316,261],"product_tag":[],"class_list":{"0":"post-30105","1":"product","2":"type-product","3":"status-publish","4":"has-post-thumbnail","6":"product_cat-seating-plan","7":"product_cat-sinaletica","9":"first","10":"instock","11":"shipping-taxable","12":"purchasable","13":"product-type-simple"},"acf":[],"tiered_pricing_type":"fixed","tiered_pricing_fixed_rules":[],"tiered_pricing_product_settings":{"layout":"default","base_unit_name":{"singular":null,"plural":null},"default_variation":null},"tiered_pricing_minimum_quantity":null,"tiered_pricing_roles_data":[],"tiered_pricing_percentage_rules":[],"_links":{"self":[{"href":"https:\/\/pergaminho.design\/es\/wp-json\/wp\/v2\/product\/30105","targetHints":{"allow":["GET"]}}],"collection":[{"href":"https:\/\/pergaminho.design\/es\/wp-json\/wp\/v2\/product"}],"about":[{"href":"https:\/\/pergaminho.design\/es\/wp-json\/wp\/v2\/types\/product"}],"replies":[{"embeddable":true,"href":"https:\/\/pergaminho.design\/es\/wp-json\/wp\/v2\/comments?post=30105"}],"version-history":[{"count":1,"href":"https:\/\/pergaminho.design\/es\/wp-json\/wp\/v2\/product\/30105\/revisions"}],"predecessor-version":[{"id":30118,"href":"https:\/\/pergaminho.design\/es\/wp-json\/wp\/v2\/product\/30105\/revisions\/30118"}],"wp:featuredmedia":[{"embeddable":true,"href":"https:\/\/pergaminho.design\/es\/wp-json\/wp\/v2\/media\/30112"}],"wp:attachment":[{"href":"https:\/\/pergaminho.design\/es\/wp-json\/wp\/v2\/media?parent=30105"}],"wp:term":[{"taxonomy":"product_brand","embeddable":true,"href":"https:\/\/pergaminho.design\/es\/wp-json\/wp\/v2\/product_brand?post=30105"},{"taxonomy":"product_cat","embeddable":true,"href":"https:\/\/pergaminho.design\/es\/wp-json\/wp\/v2\/product_cat?post=30105"},{"taxonomy":"product_tag","embeddable":true,"href":"https:\/\/pergaminho.design\/es\/wp-json\/wp\/v2\/product_tag?post=30105"}],"curies":[{"name":"wp","href":"https:\/\/api.w.org\/{rel}","templated":true}]}}