{"id":30091,"date":"2024-05-28T16:21:37","date_gmt":"2024-05-28T16:21:37","guid":{"rendered":"https:\/\/pergaminho.design\/?post_type=product&#038;p=30091"},"modified":"2026-03-27T14:19:42","modified_gmt":"2026-03-27T14:19:42","slug":"seating-plan-s-corda-madeira","status":"publish","type":"product","link":"https:\/\/pergaminho.design\/es\/producto\/seating-plan-s-corda-madeira\/","title":{"rendered":"Seating Plan s\/ corda &#8211; Madeira"},"content":{"rendered":"<p><strong>Tiempo de producci\u00f3n:<\/strong> 10 a 12 dias \u00fateis<br \/>\n<strong>Tamanho:<\/strong> 60x90cm<br \/>\n<strong>Material:<\/strong> Madeira de B\u00e9tula com colora\u00e7\u00e3o e com impress\u00e3o direta a cor branca<\/p>","protected":false},"excerpt":{"rendered":"<p>O Seating Plan de Madeira sem corda \u00e9 a escolha ideal para os amantes do r\u00fastico e do natural.<\/p>","protected":false},"featured_media":30103,"comment_status":"closed","ping_status":"closed","template":"","meta":{"_acf_changed":false},"product_brand":[],"product_cat":[316,261],"product_tag":[],"class_list":{"0":"post-30091","1":"product","2":"type-product","3":"status-publish","4":"has-post-thumbnail","6":"product_cat-seating-plan","7":"product_cat-sinaletica","9":"first","10":"instock","11":"shipping-taxable","12":"purchasable","13":"product-type-simple"},"acf":[],"tiered_pricing_type":"fixed","tiered_pricing_fixed_rules":[],"tiered_pricing_product_settings":{"layout":"default","base_unit_name":{"singular":null,"plural":null},"default_variation":null},"tiered_pricing_minimum_quantity":null,"tiered_pricing_roles_data":[],"tiered_pricing_percentage_rules":[],"_links":{"self":[{"href":"https:\/\/pergaminho.design\/es\/wp-json\/wp\/v2\/product\/30091","targetHints":{"allow":["GET"]}}],"collection":[{"href":"https:\/\/pergaminho.design\/es\/wp-json\/wp\/v2\/product"}],"about":[{"href":"https:\/\/pergaminho.design\/es\/wp-json\/wp\/v2\/types\/product"}],"replies":[{"embeddable":true,"href":"https:\/\/pergaminho.design\/es\/wp-json\/wp\/v2\/comments?post=30091"}],"version-history":[{"count":1,"href":"https:\/\/pergaminho.design\/es\/wp-json\/wp\/v2\/product\/30091\/revisions"}],"predecessor-version":[{"id":30104,"href":"https:\/\/pergaminho.design\/es\/wp-json\/wp\/v2\/product\/30091\/revisions\/30104"}],"wp:featuredmedia":[{"embeddable":true,"href":"https:\/\/pergaminho.design\/es\/wp-json\/wp\/v2\/media\/30103"}],"wp:attachment":[{"href":"https:\/\/pergaminho.design\/es\/wp-json\/wp\/v2\/media?parent=30091"}],"wp:term":[{"taxonomy":"product_brand","embeddable":true,"href":"https:\/\/pergaminho.design\/es\/wp-json\/wp\/v2\/product_brand?post=30091"},{"taxonomy":"product_cat","embeddable":true,"href":"https:\/\/pergaminho.design\/es\/wp-json\/wp\/v2\/product_cat?post=30091"},{"taxonomy":"product_tag","embeddable":true,"href":"https:\/\/pergaminho.design\/es\/wp-json\/wp\/v2\/product_tag?post=30091"}],"curies":[{"name":"wp","href":"https:\/\/api.w.org\/{rel}","templated":true}]}}