{"id":30049,"date":"2024-05-24T18:26:53","date_gmt":"2024-05-24T18:26:53","guid":{"rendered":"https:\/\/pergaminho.design\/?post_type=product&#038;p=30049"},"modified":"2026-03-27T14:18:03","modified_gmt":"2026-03-27T14:18:03","slug":"placa-de-boas-vindas-acrilico-dourado","status":"publish","type":"product","link":"https:\/\/pergaminho.design\/es\/producto\/placa-de-boas-vindas-acrilico-dourado\/","title":{"rendered":"Placa de Boas-Vindas &#8211; Acr\u00edlico Dourado"},"content":{"rendered":"<p><strong>Tiempo de producci\u00f3n:<\/strong> 10 a 12 dias \u00fateis<br \/>\n<strong>Tamanho:<\/strong> 50x75cm<br \/>\n<strong>Material:<\/strong> Acr\u00edlico com impress\u00e3o direta a cor branca<br \/>\n<strong>Orientaci\u00f3n:<\/strong> vertical ou horizontal<\/p>","protected":false},"excerpt":{"rendered":"<p>A forma mais especial para receber os seus convidados no dia do seu casamento! A Placa de Boas-Vindas em Acr\u00edlico Dourado \u00e9 uma das tend\u00eancias que veio para ficar e conquistar todos os olhares refletindo eleg\u00e2ncia e simplicidade numa pe\u00e7a.<\/p>","protected":false},"featured_media":30067,"comment_status":"open","ping_status":"closed","template":"","meta":{"_acf_changed":false},"product_brand":[],"product_cat":[262,261],"product_tag":[],"class_list":{"0":"post-30049","1":"product","2":"type-product","3":"status-publish","4":"has-post-thumbnail","6":"product_cat-placas-de-boas-vindas","7":"product_cat-sinaletica","9":"first","10":"instock","11":"shipping-taxable","12":"purchasable","13":"product-type-simple"},"acf":[],"tiered_pricing_type":"fixed","tiered_pricing_fixed_rules":[],"tiered_pricing_product_settings":{"layout":"default","base_unit_name":{"singular":null,"plural":null},"default_variation":null},"tiered_pricing_minimum_quantity":null,"tiered_pricing_roles_data":[],"tiered_pricing_percentage_rules":[],"_links":{"self":[{"href":"https:\/\/pergaminho.design\/es\/wp-json\/wp\/v2\/product\/30049","targetHints":{"allow":["GET"]}}],"collection":[{"href":"https:\/\/pergaminho.design\/es\/wp-json\/wp\/v2\/product"}],"about":[{"href":"https:\/\/pergaminho.design\/es\/wp-json\/wp\/v2\/types\/product"}],"replies":[{"embeddable":true,"href":"https:\/\/pergaminho.design\/es\/wp-json\/wp\/v2\/comments?post=30049"}],"version-history":[{"count":1,"href":"https:\/\/pergaminho.design\/es\/wp-json\/wp\/v2\/product\/30049\/revisions"}],"predecessor-version":[{"id":30065,"href":"https:\/\/pergaminho.design\/es\/wp-json\/wp\/v2\/product\/30049\/revisions\/30065"}],"wp:featuredmedia":[{"embeddable":true,"href":"https:\/\/pergaminho.design\/es\/wp-json\/wp\/v2\/media\/30067"}],"wp:attachment":[{"href":"https:\/\/pergaminho.design\/es\/wp-json\/wp\/v2\/media?parent=30049"}],"wp:term":[{"taxonomy":"product_brand","embeddable":true,"href":"https:\/\/pergaminho.design\/es\/wp-json\/wp\/v2\/product_brand?post=30049"},{"taxonomy":"product_cat","embeddable":true,"href":"https:\/\/pergaminho.design\/es\/wp-json\/wp\/v2\/product_cat?post=30049"},{"taxonomy":"product_tag","embeddable":true,"href":"https:\/\/pergaminho.design\/es\/wp-json\/wp\/v2\/product_tag?post=30049"}],"curies":[{"name":"wp","href":"https:\/\/api.w.org\/{rel}","templated":true}]}}