{"id":30009,"date":"2024-05-21T16:08:24","date_gmt":"2024-05-21T16:08:24","guid":{"rendered":"https:\/\/pergaminho.design\/?post_type=product&#038;p=30009"},"modified":"2026-03-27T14:24:27","modified_gmt":"2026-03-27T14:24:27","slug":"marcador-de-mesa-moldura-nogal","status":"publish","type":"product","link":"https:\/\/pergaminho.design\/es\/producto\/marcador-de-mesa-moldura-nogal\/","title":{"rendered":"Marcador de Mesa &#8211; Moldura Nogal"},"content":{"rendered":"<p class=\"p1\"><strong>Tiempo de producci\u00f3n:<\/strong> 10 a 12 dias \u00fateis<br \/>\n<strong>Tamanho:<\/strong> 22x22cm<br \/>\n<strong>Material:<\/strong> Madeira e Papel<\/p>","protected":false},"excerpt":{"rendered":"<p>O Marcador de Mesa &#8211; Moldura Nogal \u00e9 uma excelente op\u00e7\u00e3o para quem procura um estilo r\u00fastico.<\/p>","protected":false},"featured_media":32712,"comment_status":"closed","ping_status":"closed","template":"","meta":{"_acf_changed":false},"product_brand":[],"product_cat":[261,317],"product_tag":[],"class_list":{"0":"post-30009","1":"product","2":"type-product","3":"status-publish","4":"has-post-thumbnail","6":"product_cat-sinaletica","7":"product_cat-marcadores-de-mesa","9":"first","10":"instock","11":"shipping-taxable","12":"purchasable","13":"product-type-simple"},"acf":[],"tiered_pricing_type":"fixed","tiered_pricing_fixed_rules":[],"tiered_pricing_product_settings":{"layout":"default","base_unit_name":{"singular":null,"plural":null},"default_variation":null},"tiered_pricing_minimum_quantity":null,"tiered_pricing_roles_data":[],"tiered_pricing_percentage_rules":[],"_links":{"self":[{"href":"https:\/\/pergaminho.design\/es\/wp-json\/wp\/v2\/product\/30009","targetHints":{"allow":["GET"]}}],"collection":[{"href":"https:\/\/pergaminho.design\/es\/wp-json\/wp\/v2\/product"}],"about":[{"href":"https:\/\/pergaminho.design\/es\/wp-json\/wp\/v2\/types\/product"}],"replies":[{"embeddable":true,"href":"https:\/\/pergaminho.design\/es\/wp-json\/wp\/v2\/comments?post=30009"}],"version-history":[{"count":2,"href":"https:\/\/pergaminho.design\/es\/wp-json\/wp\/v2\/product\/30009\/revisions"}],"predecessor-version":[{"id":32756,"href":"https:\/\/pergaminho.design\/es\/wp-json\/wp\/v2\/product\/30009\/revisions\/32756"}],"wp:featuredmedia":[{"embeddable":true,"href":"https:\/\/pergaminho.design\/es\/wp-json\/wp\/v2\/media\/32712"}],"wp:attachment":[{"href":"https:\/\/pergaminho.design\/es\/wp-json\/wp\/v2\/media?parent=30009"}],"wp:term":[{"taxonomy":"product_brand","embeddable":true,"href":"https:\/\/pergaminho.design\/es\/wp-json\/wp\/v2\/product_brand?post=30009"},{"taxonomy":"product_cat","embeddable":true,"href":"https:\/\/pergaminho.design\/es\/wp-json\/wp\/v2\/product_cat?post=30009"},{"taxonomy":"product_tag","embeddable":true,"href":"https:\/\/pergaminho.design\/es\/wp-json\/wp\/v2\/product_tag?post=30009"}],"curies":[{"name":"wp","href":"https:\/\/api.w.org\/{rel}","templated":true}]}}