{"id":29996,"date":"2024-05-21T13:14:50","date_gmt":"2024-05-21T13:14:50","guid":{"rendered":"https:\/\/pergaminho.design\/?post_type=product&#038;p=29996"},"modified":"2025-04-23T12:21:05","modified_gmt":"2025-04-23T12:21:05","slug":"sinete-quadrado","status":"publish","type":"product","link":"https:\/\/pergaminho.design\/es\/producto\/sinete-quadrado\/","title":{"rendered":"Sinete Quadrado"},"content":{"rendered":"<p><strong>Tiempo de producci\u00f3n:<\/strong> De 10 a 15 d\u00edas<br \/>\n<strong>Material:<\/strong> Madera y acero<br \/>\n<strong>T\u00e9cnica de grabaci\u00f3n:<\/strong> Grava\u00e7\u00e3o mec\u00e2nica<br \/>\n<strong>Dimensi\u00f3n:<\/strong> 2cmx2cm<\/p>\n<p>&nbsp;<\/p>","protected":false},"excerpt":{"rendered":"<p>O Sinete Quadrado \u00e9 o produto ideal para dar aos seus convites um toque cl\u00e1ssico atrav\u00e9s da personaliza\u00e7\u00e3o do de lacre com um design \u00e0 sua escolha.<\/p>","protected":false},"featured_media":31185,"comment_status":"closed","ping_status":"closed","template":"","meta":{"_acf_changed":false},"product_brand":[],"product_cat":[191,302],"product_tag":[239,279,280,281,127,222,229,232],"class_list":{"0":"post-29996","1":"product","2":"type-product","3":"status-publish","4":"has-post-thumbnail","6":"product_cat-envelopes-e-lacres","7":"product_cat-acessorios-p-lacres","8":"product_tag-lacres-e-acessorios","9":"product_tag-selos-de-lacre","10":"product_tag-sinete","11":"product_tag-sinete-personalizado","12":"product_tag-acessorio","13":"product_tag-lacre","14":"product_tag-lacre-de-cera","15":"product_tag-lacre-personalizado","17":"first","18":"instock","19":"shipping-taxable","20":"purchasable","21":"product-type-simple"},"acf":[],"tiered_pricing_type":"fixed","tiered_pricing_fixed_rules":[],"tiered_pricing_product_settings":{"layout":"default","base_unit_name":{"singular":null,"plural":null},"default_variation":null},"tiered_pricing_minimum_quantity":null,"tiered_pricing_roles_data":[],"tiered_pricing_percentage_rules":[],"_links":{"self":[{"href":"https:\/\/pergaminho.design\/es\/wp-json\/wp\/v2\/product\/29996","targetHints":{"allow":["GET"]}}],"collection":[{"href":"https:\/\/pergaminho.design\/es\/wp-json\/wp\/v2\/product"}],"about":[{"href":"https:\/\/pergaminho.design\/es\/wp-json\/wp\/v2\/types\/product"}],"replies":[{"embeddable":true,"href":"https:\/\/pergaminho.design\/es\/wp-json\/wp\/v2\/comments?post=29996"}],"version-history":[{"count":1,"href":"https:\/\/pergaminho.design\/es\/wp-json\/wp\/v2\/product\/29996\/revisions"}],"predecessor-version":[{"id":30004,"href":"https:\/\/pergaminho.design\/es\/wp-json\/wp\/v2\/product\/29996\/revisions\/30004"}],"wp:featuredmedia":[{"embeddable":true,"href":"https:\/\/pergaminho.design\/es\/wp-json\/wp\/v2\/media\/31185"}],"wp:attachment":[{"href":"https:\/\/pergaminho.design\/es\/wp-json\/wp\/v2\/media?parent=29996"}],"wp:term":[{"taxonomy":"product_brand","embeddable":true,"href":"https:\/\/pergaminho.design\/es\/wp-json\/wp\/v2\/product_brand?post=29996"},{"taxonomy":"product_cat","embeddable":true,"href":"https:\/\/pergaminho.design\/es\/wp-json\/wp\/v2\/product_cat?post=29996"},{"taxonomy":"product_tag","embeddable":true,"href":"https:\/\/pergaminho.design\/es\/wp-json\/wp\/v2\/product_tag?post=29996"}],"curies":[{"name":"wp","href":"https:\/\/api.w.org\/{rel}","templated":true}]}}