{"id":22493,"date":"2024-03-21T17:41:55","date_gmt":"2024-03-21T17:41:55","guid":{"rendered":"https:\/\/dev.pergaminho.design\/?post_type=product&#038;p=22493"},"modified":"2025-01-27T08:46:27","modified_gmt":"2025-01-27T08:46:27","slug":"caixa-padrinhos-cartao","status":"publish","type":"product","link":"https:\/\/pergaminho.design\/es\/producto\/caixa-padrinhos-cartao\/","title":{"rendered":"Caixa Padrinhos &#8211; Cart\u00e3o"},"content":{"rendered":"<p class=\"p1\"><strong>Tiempo de producci\u00f3n:<\/strong> 10 a 12 dias \u00fateis<br \/>\n<strong>Material:<\/strong> Cart\u00e3o<br \/>\n<strong>Tamanho:<\/strong> 20cm de largura x 30cm de comprimento x 8cm de altura<br \/>\n<strong>Outros:<\/strong> Elementos no interior da caixa n\u00e3o inclu\u00eddos<\/p>","protected":false},"excerpt":{"rendered":"<p>A Caixa de Padrinhos \u00e9 mais do que um simples convite \u2013 \u00e9 um presente especial que expressa o quanto a presen\u00e7a deles \u00e9 importante para os noivos.<\/p>","protected":false},"featured_media":33327,"comment_status":"closed","ping_status":"closed","template":"","meta":{"_acf_changed":false},"product_brand":[],"product_cat":[327],"product_tag":[],"class_list":{"0":"post-22493","1":"product","2":"type-product","3":"status-publish","4":"has-post-thumbnail","6":"product_cat-convites-especiais","8":"first","9":"instock","10":"shipping-taxable","11":"purchasable","12":"product-type-simple"},"acf":[],"tiered_pricing_type":"fixed","tiered_pricing_fixed_rules":[],"tiered_pricing_product_settings":{"layout":"default","base_unit_name":{"singular":null,"plural":null},"default_variation":null},"tiered_pricing_minimum_quantity":null,"tiered_pricing_roles_data":[],"tiered_pricing_percentage_rules":[],"_links":{"self":[{"href":"https:\/\/pergaminho.design\/es\/wp-json\/wp\/v2\/product\/22493","targetHints":{"allow":["GET"]}}],"collection":[{"href":"https:\/\/pergaminho.design\/es\/wp-json\/wp\/v2\/product"}],"about":[{"href":"https:\/\/pergaminho.design\/es\/wp-json\/wp\/v2\/types\/product"}],"replies":[{"embeddable":true,"href":"https:\/\/pergaminho.design\/es\/wp-json\/wp\/v2\/comments?post=22493"}],"version-history":[{"count":5,"href":"https:\/\/pergaminho.design\/es\/wp-json\/wp\/v2\/product\/22493\/revisions"}],"predecessor-version":[{"id":33560,"href":"https:\/\/pergaminho.design\/es\/wp-json\/wp\/v2\/product\/22493\/revisions\/33560"}],"wp:featuredmedia":[{"embeddable":true,"href":"https:\/\/pergaminho.design\/es\/wp-json\/wp\/v2\/media\/33327"}],"wp:attachment":[{"href":"https:\/\/pergaminho.design\/es\/wp-json\/wp\/v2\/media?parent=22493"}],"wp:term":[{"taxonomy":"product_brand","embeddable":true,"href":"https:\/\/pergaminho.design\/es\/wp-json\/wp\/v2\/product_brand?post=22493"},{"taxonomy":"product_cat","embeddable":true,"href":"https:\/\/pergaminho.design\/es\/wp-json\/wp\/v2\/product_cat?post=22493"},{"taxonomy":"product_tag","embeddable":true,"href":"https:\/\/pergaminho.design\/es\/wp-json\/wp\/v2\/product_tag?post=22493"}],"curies":[{"name":"wp","href":"https:\/\/api.w.org\/{rel}","templated":true}]}}