{"id":21908,"date":"2024-03-19T12:57:43","date_gmt":"2024-03-19T12:57:43","guid":{"rendered":"https:\/\/dev.pergaminho.design\/pt-pt\/?post_type=product&#038;p=21908"},"modified":"2025-01-15T15:14:43","modified_gmt":"2025-01-15T15:14:43","slug":"placas-meninos-das-aliancas-madeira","status":"publish","type":"product","link":"https:\/\/pergaminho.design\/es\/producto\/placas-meninos-das-aliancas-madeira\/","title":{"rendered":"Placas Meninos das Alian\u00e7as &#8211; Madeira"},"content":{"rendered":"<p class=\"p1\"><strong>Tiempo de producci\u00f3n:<\/strong> 10 a 12 dias \u00fateis<br \/>\n<strong>Tamanho:<\/strong> 25x45cm<br \/>\n<strong>Material:<\/strong> Madeira<\/p>","protected":false},"excerpt":{"rendered":"<p>\u00c9 importante que os meninos das alian\u00e7as sintam que est\u00e3o a desempenhar uma fun\u00e7\u00e3o, e esta placa \u00e9 perfeita para isso mesmo Esta placa em madeira \u00e9 a escolha ideal para os amantes do r\u00fastico e do natural.<\/p>","protected":false},"featured_media":25863,"comment_status":"closed","ping_status":"closed","template":"","meta":{"_acf_changed":false},"product_brand":[],"product_cat":[261,321],"product_tag":[],"class_list":{"0":"post-21908","1":"product","2":"type-product","3":"status-publish","4":"has-post-thumbnail","6":"product_cat-sinaletica","7":"product_cat-placas-de-meninos-das-aliancas","9":"first","10":"instock","11":"shipping-taxable","12":"purchasable","13":"product-type-simple"},"acf":[],"tiered_pricing_type":"fixed","tiered_pricing_fixed_rules":[],"tiered_pricing_product_settings":{"layout":"default","base_unit_name":{"singular":null,"plural":null},"default_variation":null},"tiered_pricing_minimum_quantity":null,"tiered_pricing_roles_data":[],"tiered_pricing_percentage_rules":[],"_links":{"self":[{"href":"https:\/\/pergaminho.design\/es\/wp-json\/wp\/v2\/product\/21908","targetHints":{"allow":["GET"]}}],"collection":[{"href":"https:\/\/pergaminho.design\/es\/wp-json\/wp\/v2\/product"}],"about":[{"href":"https:\/\/pergaminho.design\/es\/wp-json\/wp\/v2\/types\/product"}],"replies":[{"embeddable":true,"href":"https:\/\/pergaminho.design\/es\/wp-json\/wp\/v2\/comments?post=21908"}],"version-history":[{"count":3,"href":"https:\/\/pergaminho.design\/es\/wp-json\/wp\/v2\/product\/21908\/revisions"}],"predecessor-version":[{"id":26928,"href":"https:\/\/pergaminho.design\/es\/wp-json\/wp\/v2\/product\/21908\/revisions\/26928"}],"wp:featuredmedia":[{"embeddable":true,"href":"https:\/\/pergaminho.design\/es\/wp-json\/wp\/v2\/media\/25863"}],"wp:attachment":[{"href":"https:\/\/pergaminho.design\/es\/wp-json\/wp\/v2\/media?parent=21908"}],"wp:term":[{"taxonomy":"product_brand","embeddable":true,"href":"https:\/\/pergaminho.design\/es\/wp-json\/wp\/v2\/product_brand?post=21908"},{"taxonomy":"product_cat","embeddable":true,"href":"https:\/\/pergaminho.design\/es\/wp-json\/wp\/v2\/product_cat?post=21908"},{"taxonomy":"product_tag","embeddable":true,"href":"https:\/\/pergaminho.design\/es\/wp-json\/wp\/v2\/product_tag?post=21908"}],"curies":[{"name":"wp","href":"https:\/\/api.w.org\/{rel}","templated":true}]}}