{"id":21900,"date":"2024-03-19T12:48:42","date_gmt":"2024-03-19T12:48:42","guid":{"rendered":"https:\/\/dev.pergaminho.design\/pt-pt\/?post_type=product&#038;p=21900"},"modified":"2026-03-27T14:24:05","modified_gmt":"2026-03-27T14:24:05","slug":"marcador-de-mesa-moldura-natural","status":"publish","type":"product","link":"https:\/\/pergaminho.design\/es\/producto\/marcador-de-mesa-moldura-natural\/","title":{"rendered":"Marcador de Mesa &#8211; Moldura Natural"},"content":{"rendered":"<p class=\"p1\"><strong>Tiempo de producci\u00f3n:<\/strong> 10 a 12 dias \u00fateis<br \/>\n<strong>Tamanho:<\/strong> 22x22cm<br \/>\n<strong>Material:<\/strong> Madeira e Papel<\/p>","protected":false},"excerpt":{"rendered":"<p>O Marcador de Mesa &#8211; Moldura Natural \u00e9 uma excelente op\u00e7\u00e3o para quem procura um estilo r\u00fastico.<\/p>","protected":false},"featured_media":32722,"comment_status":"closed","ping_status":"closed","template":"","meta":{"_acf_changed":false},"product_brand":[],"product_cat":[261,317],"product_tag":[],"class_list":{"0":"post-21900","1":"product","2":"type-product","3":"status-publish","4":"has-post-thumbnail","6":"product_cat-sinaletica","7":"product_cat-marcadores-de-mesa","9":"first","10":"instock","11":"shipping-taxable","12":"purchasable","13":"product-type-simple"},"acf":[],"tiered_pricing_type":"fixed","tiered_pricing_fixed_rules":[],"tiered_pricing_product_settings":{"layout":"default","base_unit_name":{"singular":null,"plural":null},"default_variation":null},"tiered_pricing_minimum_quantity":null,"tiered_pricing_roles_data":[],"tiered_pricing_percentage_rules":[],"_links":{"self":[{"href":"https:\/\/pergaminho.design\/es\/wp-json\/wp\/v2\/product\/21900","targetHints":{"allow":["GET"]}}],"collection":[{"href":"https:\/\/pergaminho.design\/es\/wp-json\/wp\/v2\/product"}],"about":[{"href":"https:\/\/pergaminho.design\/es\/wp-json\/wp\/v2\/types\/product"}],"replies":[{"embeddable":true,"href":"https:\/\/pergaminho.design\/es\/wp-json\/wp\/v2\/comments?post=21900"}],"version-history":[{"count":4,"href":"https:\/\/pergaminho.design\/es\/wp-json\/wp\/v2\/product\/21900\/revisions"}],"predecessor-version":[{"id":32759,"href":"https:\/\/pergaminho.design\/es\/wp-json\/wp\/v2\/product\/21900\/revisions\/32759"}],"wp:featuredmedia":[{"embeddable":true,"href":"https:\/\/pergaminho.design\/es\/wp-json\/wp\/v2\/media\/32722"}],"wp:attachment":[{"href":"https:\/\/pergaminho.design\/es\/wp-json\/wp\/v2\/media?parent=21900"}],"wp:term":[{"taxonomy":"product_brand","embeddable":true,"href":"https:\/\/pergaminho.design\/es\/wp-json\/wp\/v2\/product_brand?post=21900"},{"taxonomy":"product_cat","embeddable":true,"href":"https:\/\/pergaminho.design\/es\/wp-json\/wp\/v2\/product_cat?post=21900"},{"taxonomy":"product_tag","embeddable":true,"href":"https:\/\/pergaminho.design\/es\/wp-json\/wp\/v2\/product_tag?post=21900"}],"curies":[{"name":"wp","href":"https:\/\/api.w.org\/{rel}","templated":true}]}}