{"id":21884,"date":"2024-03-19T12:33:00","date_gmt":"2024-03-19T12:33:00","guid":{"rendered":"https:\/\/dev.pergaminho.design\/pt-pt\/?post_type=product&#038;p=21884"},"modified":"2025-01-15T17:06:58","modified_gmt":"2025-01-15T17:06:58","slug":"marcador-de-mesa-acrilico","status":"publish","type":"product","link":"https:\/\/pergaminho.design\/es\/producto\/marcador-de-mesa-acrilico\/","title":{"rendered":"Marcador de Mesa &#8211; Acr\u00edlico"},"content":{"rendered":"<p class=\"p1\"><strong>Tiempo de producci\u00f3n:<\/strong> 10 a 12 dias \u00fateis<br \/>\n<strong>Tamanho:<\/strong> 13x18cm<br \/>\n<strong>Material:<\/strong> Acr\u00edlico com impress\u00e3o direta a cor branca<\/p>","protected":false},"excerpt":{"rendered":"<p>O Marcador de Mesa em Acr\u00edlico \u00e9 a escolha perfeita para adicionar um toque de eleg\u00e2ncia e modernidade a qualquer evento.<\/p>","protected":false},"featured_media":32733,"comment_status":"closed","ping_status":"closed","template":"","meta":{"_acf_changed":false},"product_brand":[],"product_cat":[261,317],"product_tag":[],"class_list":{"0":"post-21884","1":"product","2":"type-product","3":"status-publish","4":"has-post-thumbnail","6":"product_cat-sinaletica","7":"product_cat-marcadores-de-mesa","9":"first","10":"instock","11":"shipping-taxable","12":"purchasable","13":"product-type-simple"},"acf":[],"tiered_pricing_type":"fixed","tiered_pricing_fixed_rules":[],"tiered_pricing_product_settings":{"layout":"default","base_unit_name":{"singular":null,"plural":null},"default_variation":null},"tiered_pricing_minimum_quantity":null,"tiered_pricing_roles_data":[],"tiered_pricing_percentage_rules":[],"_links":{"self":[{"href":"https:\/\/pergaminho.design\/es\/wp-json\/wp\/v2\/product\/21884","targetHints":{"allow":["GET"]}}],"collection":[{"href":"https:\/\/pergaminho.design\/es\/wp-json\/wp\/v2\/product"}],"about":[{"href":"https:\/\/pergaminho.design\/es\/wp-json\/wp\/v2\/types\/product"}],"replies":[{"embeddable":true,"href":"https:\/\/pergaminho.design\/es\/wp-json\/wp\/v2\/comments?post=21884"}],"version-history":[{"count":2,"href":"https:\/\/pergaminho.design\/es\/wp-json\/wp\/v2\/product\/21884\/revisions"}],"predecessor-version":[{"id":26856,"href":"https:\/\/pergaminho.design\/es\/wp-json\/wp\/v2\/product\/21884\/revisions\/26856"}],"wp:featuredmedia":[{"embeddable":true,"href":"https:\/\/pergaminho.design\/es\/wp-json\/wp\/v2\/media\/32733"}],"wp:attachment":[{"href":"https:\/\/pergaminho.design\/es\/wp-json\/wp\/v2\/media?parent=21884"}],"wp:term":[{"taxonomy":"product_brand","embeddable":true,"href":"https:\/\/pergaminho.design\/es\/wp-json\/wp\/v2\/product_brand?post=21884"},{"taxonomy":"product_cat","embeddable":true,"href":"https:\/\/pergaminho.design\/es\/wp-json\/wp\/v2\/product_cat?post=21884"},{"taxonomy":"product_tag","embeddable":true,"href":"https:\/\/pergaminho.design\/es\/wp-json\/wp\/v2\/product_tag?post=21884"}],"curies":[{"name":"wp","href":"https:\/\/api.w.org\/{rel}","templated":true}]}}