{"id":21647,"date":"2024-03-18T16:16:31","date_gmt":"2024-03-18T16:16:31","guid":{"rendered":"https:\/\/dev.pergaminho.design\/?post_type=product&#038;p=21647"},"modified":"2026-03-27T14:28:33","modified_gmt":"2026-03-27T14:28:33","slug":"caixa-de-cartoes-de-agradecimento-veludo","status":"publish","type":"product","link":"https:\/\/pergaminho.design\/es\/producto\/caixa-de-cartoes-de-agradecimento-veludo\/","title":{"rendered":"Caixa de Cart\u00f5es &#8211; Veludo"},"content":{"rendered":"<p><span style=\"font-weight: 400;\"><strong>Tiempo de producci\u00f3n:<\/strong> 12 a 15 Dias \u00fateis<br \/>\n<strong>Material:<\/strong> Veludo<br \/>\n<strong>Dimensi\u00f3n:<\/strong> 10x15cm<\/span><\/p>","protected":false},"excerpt":{"rendered":"<p>A Caixa de Cart\u00f5es de Agradecimento \u00e9 uma alternativa ao tradicional livro de honra. \u00c9 \u00f3timo para os noivos que procuram algo diferente para o dia do seu casamento.<\/p>","protected":false},"featured_media":33218,"comment_status":"closed","ping_status":"closed","template":"","meta":{"_acf_changed":false},"product_brand":[],"product_cat":[263],"product_tag":[162],"class_list":{"0":"post-21647","1":"product","2":"type-product","3":"status-publish","4":"has-post-thumbnail","6":"product_cat-caixas-de-mensagens","7":"product_tag-caixa-madeira","9":"first","10":"instock","11":"shipping-taxable","12":"purchasable","13":"product-type-variable"},"acf":[],"tiered_pricing_type":"fixed","tiered_pricing_fixed_rules":[],"tiered_pricing_product_settings":{"layout":"default","base_unit_name":{"singular":null,"plural":null},"default_variation":null},"tiered_pricing_minimum_quantity":null,"tiered_pricing_roles_data":[],"tiered_pricing_percentage_rules":[],"_links":{"self":[{"href":"https:\/\/pergaminho.design\/es\/wp-json\/wp\/v2\/product\/21647","targetHints":{"allow":["GET"]}}],"collection":[{"href":"https:\/\/pergaminho.design\/es\/wp-json\/wp\/v2\/product"}],"about":[{"href":"https:\/\/pergaminho.design\/es\/wp-json\/wp\/v2\/types\/product"}],"replies":[{"embeddable":true,"href":"https:\/\/pergaminho.design\/es\/wp-json\/wp\/v2\/comments?post=21647"}],"version-history":[{"count":5,"href":"https:\/\/pergaminho.design\/es\/wp-json\/wp\/v2\/product\/21647\/revisions"}],"predecessor-version":[{"id":21655,"href":"https:\/\/pergaminho.design\/es\/wp-json\/wp\/v2\/product\/21647\/revisions\/21655"}],"wp:featuredmedia":[{"embeddable":true,"href":"https:\/\/pergaminho.design\/es\/wp-json\/wp\/v2\/media\/33218"}],"wp:attachment":[{"href":"https:\/\/pergaminho.design\/es\/wp-json\/wp\/v2\/media?parent=21647"}],"wp:term":[{"taxonomy":"product_brand","embeddable":true,"href":"https:\/\/pergaminho.design\/es\/wp-json\/wp\/v2\/product_brand?post=21647"},{"taxonomy":"product_cat","embeddable":true,"href":"https:\/\/pergaminho.design\/es\/wp-json\/wp\/v2\/product_cat?post=21647"},{"taxonomy":"product_tag","embeddable":true,"href":"https:\/\/pergaminho.design\/es\/wp-json\/wp\/v2\/product_tag?post=21647"}],"curies":[{"name":"wp","href":"https:\/\/api.w.org\/{rel}","templated":true}]}}