{"id":21556,"date":"2024-03-16T18:48:31","date_gmt":"2024-03-16T18:48:31","guid":{"rendered":"https:\/\/dev.pergaminho.design\/?post_type=product&#038;p=21556"},"modified":"2025-12-03T15:21:27","modified_gmt":"2025-12-03T15:21:27","slug":"moldura-bebe-o-momento","status":"publish","type":"product","link":"https:\/\/pergaminho.design\/es\/producto\/moldura-bebe-o-momento\/","title":{"rendered":"Moldura Beb\u00e9 &#8211; O Momento"},"content":{"rendered":"<p><strong>Tiempo de producci\u00f3n:<\/strong> 8 a 10 dias \u00fateis<br \/>\n<strong>Material:<\/strong> Madeira e papel algod\u00e3o<br \/>\n<strong>Dimensi\u00f3n:<\/strong> 30x40cm, 45\u00d760, 50\u00d770<br \/>\n<strong>Colores de la montura:<\/strong> Madera natural o blanca<\/p>","protected":false},"excerpt":{"rendered":"<p>A Moldura de Beb\u00e9 personalizada \u00e9 a melhor forma de registar um momento t\u00e3o importante como o nascimento de um beb\u00e9.<\/p>","protected":false},"featured_media":24618,"comment_status":"open","ping_status":"closed","template":"","meta":{"_acf_changed":false},"product_brand":[],"product_cat":[154,270],"product_tag":[],"class_list":{"0":"post-21556","1":"product","2":"type-product","3":"status-publish","4":"has-post-thumbnail","6":"product_cat-bebes-e-mamas","7":"product_cat-quadro-nascimento","9":"first","10":"instock","11":"sale","12":"shipping-taxable","13":"purchasable","14":"product-type-variable"},"acf":[],"tiered_pricing_type":"fixed","tiered_pricing_fixed_rules":[],"tiered_pricing_product_settings":{"layout":"default","base_unit_name":{"singular":null,"plural":null},"default_variation":null},"tiered_pricing_minimum_quantity":null,"tiered_pricing_roles_data":[],"tiered_pricing_percentage_rules":[],"_links":{"self":[{"href":"https:\/\/pergaminho.design\/es\/wp-json\/wp\/v2\/product\/21556","targetHints":{"allow":["GET"]}}],"collection":[{"href":"https:\/\/pergaminho.design\/es\/wp-json\/wp\/v2\/product"}],"about":[{"href":"https:\/\/pergaminho.design\/es\/wp-json\/wp\/v2\/types\/product"}],"replies":[{"embeddable":true,"href":"https:\/\/pergaminho.design\/es\/wp-json\/wp\/v2\/comments?post=21556"}],"version-history":[{"count":3,"href":"https:\/\/pergaminho.design\/es\/wp-json\/wp\/v2\/product\/21556\/revisions"}],"predecessor-version":[{"id":32898,"href":"https:\/\/pergaminho.design\/es\/wp-json\/wp\/v2\/product\/21556\/revisions\/32898"}],"wp:featuredmedia":[{"embeddable":true,"href":"https:\/\/pergaminho.design\/es\/wp-json\/wp\/v2\/media\/24618"}],"wp:attachment":[{"href":"https:\/\/pergaminho.design\/es\/wp-json\/wp\/v2\/media?parent=21556"}],"wp:term":[{"taxonomy":"product_brand","embeddable":true,"href":"https:\/\/pergaminho.design\/es\/wp-json\/wp\/v2\/product_brand?post=21556"},{"taxonomy":"product_cat","embeddable":true,"href":"https:\/\/pergaminho.design\/es\/wp-json\/wp\/v2\/product_cat?post=21556"},{"taxonomy":"product_tag","embeddable":true,"href":"https:\/\/pergaminho.design\/es\/wp-json\/wp\/v2\/product_tag?post=21556"}],"curies":[{"name":"wp","href":"https:\/\/api.w.org\/{rel}","templated":true}]}}