{"id":20571,"date":"2024-03-14T16:45:27","date_gmt":"2024-03-14T16:45:27","guid":{"rendered":"https:\/\/pergaminho.design\/?post_type=product&#038;p=20545"},"modified":"2024-04-20T17:04:48","modified_gmt":"2024-04-20T17:04:48","slug":"mama","status":"publish","type":"product","link":"https:\/\/pergaminho.design\/es\/producto\/mama\/","title":{"rendered":"MAM\u00c3"},"content":{"rendered":"<p><strong>Tiempo de producci\u00f3n:<\/strong> 1 a 2 dias \u00fateis<br \/>\n<strong>Tamanho:<\/strong> 13\u00d718 cm<br \/>\n<strong>Outros:<\/strong> Envelope incluido<\/p>","protected":false},"excerpt":{"rendered":"<p class=\"p1\">Surpreenda a sua M\u00e3e com um postal \u00fanico e especial. \u201cMAM\u00c3\u201d \u00e9 um postal que floresce sobre um fundo cor lavanda, criando um cen\u00e1rio de seriedade e ternura. Tem uma ilustra\u00e7\u00e3o encantadora de um ramo de flores, que traz n\u00e3o apenas beleza, mas tamb\u00e9m, apre\u00e7o por aquela a quem s\u00e3o dedicadas as flores: a m\u00e3e.<\/p>","protected":false},"featured_media":20865,"comment_status":"closed","ping_status":"closed","template":"","meta":{"_acf_changed":false},"product_brand":[],"product_cat":[314,267],"product_tag":[],"class_list":{"0":"post-20571","1":"product","2":"type-product","3":"status-publish","4":"has-post-thumbnail","6":"product_cat-mae","7":"product_cat-postais-tematicos","9":"first","10":"instock","11":"shipping-taxable","12":"purchasable","13":"product-type-simple"},"acf":[],"tiered_pricing_type":"fixed","tiered_pricing_fixed_rules":[],"tiered_pricing_product_settings":{"layout":"default","base_unit_name":{"singular":null,"plural":null},"default_variation":null},"tiered_pricing_minimum_quantity":null,"tiered_pricing_roles_data":[],"tiered_pricing_percentage_rules":[],"_links":{"self":[{"href":"https:\/\/pergaminho.design\/es\/wp-json\/wp\/v2\/product\/20571","targetHints":{"allow":["GET"]}}],"collection":[{"href":"https:\/\/pergaminho.design\/es\/wp-json\/wp\/v2\/product"}],"about":[{"href":"https:\/\/pergaminho.design\/es\/wp-json\/wp\/v2\/types\/product"}],"replies":[{"embeddable":true,"href":"https:\/\/pergaminho.design\/es\/wp-json\/wp\/v2\/comments?post=20571"}],"version-history":[{"count":2,"href":"https:\/\/pergaminho.design\/es\/wp-json\/wp\/v2\/product\/20571\/revisions"}],"predecessor-version":[{"id":27128,"href":"https:\/\/pergaminho.design\/es\/wp-json\/wp\/v2\/product\/20571\/revisions\/27128"}],"wp:featuredmedia":[{"embeddable":true,"href":"https:\/\/pergaminho.design\/es\/wp-json\/wp\/v2\/media\/20865"}],"wp:attachment":[{"href":"https:\/\/pergaminho.design\/es\/wp-json\/wp\/v2\/media?parent=20571"}],"wp:term":[{"taxonomy":"product_brand","embeddable":true,"href":"https:\/\/pergaminho.design\/es\/wp-json\/wp\/v2\/product_brand?post=20571"},{"taxonomy":"product_cat","embeddable":true,"href":"https:\/\/pergaminho.design\/es\/wp-json\/wp\/v2\/product_cat?post=20571"},{"taxonomy":"product_tag","embeddable":true,"href":"https:\/\/pergaminho.design\/es\/wp-json\/wp\/v2\/product_tag?post=20571"}],"curies":[{"name":"wp","href":"https:\/\/api.w.org\/{rel}","templated":true}]}}