{"id":20569,"date":"2024-03-14T16:35:07","date_gmt":"2024-03-14T16:35:07","guid":{"rendered":"https:\/\/pergaminho.design\/?post_type=product&#038;p=20530"},"modified":"2024-04-20T16:50:04","modified_gmt":"2024-04-20T16:50:04","slug":"abraco-delicioso","status":"publish","type":"product","link":"https:\/\/pergaminho.design\/es\/producto\/abraco-delicioso\/","title":{"rendered":"Abra\u00e7o Delicioso"},"content":{"rendered":"<p><strong>Tiempo de producci\u00f3n:<\/strong> 1 a 2 dias \u00fateis<br \/>\n<strong>Tamanho:<\/strong> 13\u00d718 cm<br \/>\n<strong>Outros:<\/strong> Envelope incluido<\/p>","protected":false},"excerpt":{"rendered":"<p class=\"p1\">Surpreenda a sua M\u00e3e com um postal \u00fanico e especial. \u201cAbra\u00e7o Delicioso\u201d \u00e9 um postal com um fundo laranja pastel. A ilustra\u00e7\u00e3o do abacate, para al\u00e9m de ador\u00e1vel, representa a uni\u00e3o entre m\u00e3e e filho, uma fus\u00e3o de amor e afeto que \u00e9 t\u00e3o \u00fanica quanto um abra\u00e7o delicioso.<\/p>","protected":false},"featured_media":20853,"comment_status":"closed","ping_status":"closed","template":"","meta":{"_acf_changed":false},"product_brand":[],"product_cat":[314,267],"product_tag":[],"class_list":{"0":"post-20569","1":"product","2":"type-product","3":"status-publish","4":"has-post-thumbnail","6":"product_cat-mae","7":"product_cat-postais-tematicos","9":"first","10":"instock","11":"shipping-taxable","12":"purchasable","13":"product-type-simple"},"acf":[],"tiered_pricing_type":"fixed","tiered_pricing_fixed_rules":[],"tiered_pricing_product_settings":{"layout":"default","base_unit_name":{"singular":null,"plural":null},"default_variation":null},"tiered_pricing_minimum_quantity":null,"tiered_pricing_roles_data":[],"tiered_pricing_percentage_rules":[],"_links":{"self":[{"href":"https:\/\/pergaminho.design\/es\/wp-json\/wp\/v2\/product\/20569","targetHints":{"allow":["GET"]}}],"collection":[{"href":"https:\/\/pergaminho.design\/es\/wp-json\/wp\/v2\/product"}],"about":[{"href":"https:\/\/pergaminho.design\/es\/wp-json\/wp\/v2\/types\/product"}],"replies":[{"embeddable":true,"href":"https:\/\/pergaminho.design\/es\/wp-json\/wp\/v2\/comments?post=20569"}],"version-history":[{"count":3,"href":"https:\/\/pergaminho.design\/es\/wp-json\/wp\/v2\/product\/20569\/revisions"}],"predecessor-version":[{"id":27119,"href":"https:\/\/pergaminho.design\/es\/wp-json\/wp\/v2\/product\/20569\/revisions\/27119"}],"wp:featuredmedia":[{"embeddable":true,"href":"https:\/\/pergaminho.design\/es\/wp-json\/wp\/v2\/media\/20853"}],"wp:attachment":[{"href":"https:\/\/pergaminho.design\/es\/wp-json\/wp\/v2\/media?parent=20569"}],"wp:term":[{"taxonomy":"product_brand","embeddable":true,"href":"https:\/\/pergaminho.design\/es\/wp-json\/wp\/v2\/product_brand?post=20569"},{"taxonomy":"product_cat","embeddable":true,"href":"https:\/\/pergaminho.design\/es\/wp-json\/wp\/v2\/product_cat?post=20569"},{"taxonomy":"product_tag","embeddable":true,"href":"https:\/\/pergaminho.design\/es\/wp-json\/wp\/v2\/product_tag?post=20569"}],"curies":[{"name":"wp","href":"https:\/\/api.w.org\/{rel}","templated":true}]}}