{"id":20567,"date":"2024-03-14T16:25:36","date_gmt":"2024-03-14T16:25:36","guid":{"rendered":"https:\/\/pergaminho.design\/?post_type=product&#038;p=20514"},"modified":"2024-04-20T17:11:36","modified_gmt":"2024-04-20T17:11:36","slug":"to-the-moon-and-back","status":"publish","type":"product","link":"https:\/\/pergaminho.design\/es\/producto\/to-the-moon-and-back\/","title":{"rendered":"To the Moon and Back"},"content":{"rendered":"<p><strong>Tiempo de producci\u00f3n:<\/strong> 1 a 2 dias \u00fateis<br \/>\n<strong>Tamanho:<\/strong> 13\u00d718 cm<br \/>\n<strong>Outros:<\/strong> Envelope incluido<\/p>","protected":false},"excerpt":{"rendered":"<p class=\"p1\">Surpreenda a sua M\u00e3e com um postal \u00fanico e especial. \u201cto the moon and back\u201d \u00e9 um postal que brilha sobre um fundo azul escuro. Variadas ilustra\u00e7\u00f5es, desde planetas a luas e estrelas, fortalecem o amor \u00fanico vindo de outro mundo. A frase \u201cto the moon and back\u201d eleva o postal a uma declara\u00e7\u00e3o po\u00e9tica.<\/p>","protected":false},"featured_media":20841,"comment_status":"closed","ping_status":"closed","template":"","meta":{"_acf_changed":false},"product_brand":[],"product_cat":[314,267],"product_tag":[],"class_list":{"0":"post-20567","1":"product","2":"type-product","3":"status-publish","4":"has-post-thumbnail","6":"product_cat-mae","7":"product_cat-postais-tematicos","9":"first","10":"instock","11":"shipping-taxable","12":"purchasable","13":"product-type-simple"},"acf":[],"tiered_pricing_type":"fixed","tiered_pricing_fixed_rules":[],"tiered_pricing_product_settings":{"layout":"default","base_unit_name":{"singular":null,"plural":null},"default_variation":null},"tiered_pricing_minimum_quantity":null,"tiered_pricing_roles_data":[],"tiered_pricing_percentage_rules":[],"_links":{"self":[{"href":"https:\/\/pergaminho.design\/es\/wp-json\/wp\/v2\/product\/20567","targetHints":{"allow":["GET"]}}],"collection":[{"href":"https:\/\/pergaminho.design\/es\/wp-json\/wp\/v2\/product"}],"about":[{"href":"https:\/\/pergaminho.design\/es\/wp-json\/wp\/v2\/types\/product"}],"replies":[{"embeddable":true,"href":"https:\/\/pergaminho.design\/es\/wp-json\/wp\/v2\/comments?post=20567"}],"version-history":[{"count":3,"href":"https:\/\/pergaminho.design\/es\/wp-json\/wp\/v2\/product\/20567\/revisions"}],"predecessor-version":[{"id":27136,"href":"https:\/\/pergaminho.design\/es\/wp-json\/wp\/v2\/product\/20567\/revisions\/27136"}],"wp:featuredmedia":[{"embeddable":true,"href":"https:\/\/pergaminho.design\/es\/wp-json\/wp\/v2\/media\/20841"}],"wp:attachment":[{"href":"https:\/\/pergaminho.design\/es\/wp-json\/wp\/v2\/media?parent=20567"}],"wp:term":[{"taxonomy":"product_brand","embeddable":true,"href":"https:\/\/pergaminho.design\/es\/wp-json\/wp\/v2\/product_brand?post=20567"},{"taxonomy":"product_cat","embeddable":true,"href":"https:\/\/pergaminho.design\/es\/wp-json\/wp\/v2\/product_cat?post=20567"},{"taxonomy":"product_tag","embeddable":true,"href":"https:\/\/pergaminho.design\/es\/wp-json\/wp\/v2\/product_tag?post=20567"}],"curies":[{"name":"wp","href":"https:\/\/api.w.org\/{rel}","templated":true}]}}