{"id":20380,"date":"2024-02-27T10:48:27","date_gmt":"2024-02-27T10:48:27","guid":{"rendered":"https:\/\/pergaminho.design\/?post_type=product&#038;p=20380"},"modified":"2026-03-27T13:33:37","modified_gmt":"2026-03-27T13:33:37","slug":"envelope-artesanal-lavanda","status":"publish","type":"product","link":"https:\/\/pergaminho.design\/es\/producto\/envelope-artesanal-lavanda\/","title":{"rendered":"Envelope Artesanal Lavanda"},"content":{"rendered":"<p><strong>Tiempo de producci\u00f3n:<\/strong> 10 a 15 dias \u00fateis<br \/>\n<strong>Cantidad m\u00ednima:<\/strong> 20 Envelopes<br \/>\n<strong>Cierre:<\/strong> Solapa en V<br \/>\n<strong>Papel:<\/strong> Artesanal<br \/>\n<strong>Pegamento:<\/strong> N\u00e3o cont\u00e9m<br \/>\n<strong>Tamanho:<\/strong> 16,2&#215;22,9cm Horizontal | 12&#215;17,5cm Horizontal | 11x22cm Horizontal<\/p>\n<p>Para personalizar su sobre de forma \u00fanica y creativa, le recomendamos cerrar los sobres con <a href=\"https:\/\/pergaminho.design\/es\/categoria-produto\/lacres-e-acessorios\/\">sello<\/a>, ou com uma das nossas sugest\u00f5es de <a href=\"https:\/\/pergaminho.design\/es\/categoria-produto\/lacres-e-acessorios\/fios-e-cordoes\/\">cables y cordones<\/a>.<\/p>","protected":false},"excerpt":{"rendered":"<p class=\"p1\">Os nossos envelopes artesanais lavanda s\u00e3o uma obra de arte \u00fanica, confeccionada manualmente com aten\u00e7\u00e3o aos detalhes. A textura do papel artesanal e o acabamento com aspecto \u201crasgado\u201d \u00e9 o que o torna mais especial.<\/p>","protected":false},"featured_media":20642,"comment_status":"closed","ping_status":"closed","template":"","meta":{"_acf_changed":false},"product_brand":[],"product_cat":[191,193],"product_tag":[195],"class_list":{"0":"post-20380","1":"product","2":"type-product","3":"status-publish","4":"has-post-thumbnail","6":"product_cat-envelopes-e-lacres","7":"product_cat-envelopes-artesanais","8":"product_tag-envelopes-de-casamento","10":"first","11":"instock","12":"shipping-taxable","13":"purchasable","14":"product-type-variable"},"acf":[],"tiered_pricing_type":"fixed","tiered_pricing_fixed_rules":[],"tiered_pricing_product_settings":{"layout":"default","base_unit_name":{"singular":null,"plural":null},"default_variation":null},"tiered_pricing_minimum_quantity":null,"tiered_pricing_roles_data":[],"tiered_pricing_percentage_rules":[],"_links":{"self":[{"href":"https:\/\/pergaminho.design\/es\/wp-json\/wp\/v2\/product\/20380","targetHints":{"allow":["GET"]}}],"collection":[{"href":"https:\/\/pergaminho.design\/es\/wp-json\/wp\/v2\/product"}],"about":[{"href":"https:\/\/pergaminho.design\/es\/wp-json\/wp\/v2\/types\/product"}],"replies":[{"embeddable":true,"href":"https:\/\/pergaminho.design\/es\/wp-json\/wp\/v2\/comments?post=20380"}],"version-history":[{"count":5,"href":"https:\/\/pergaminho.design\/es\/wp-json\/wp\/v2\/product\/20380\/revisions"}],"predecessor-version":[{"id":31079,"href":"https:\/\/pergaminho.design\/es\/wp-json\/wp\/v2\/product\/20380\/revisions\/31079"}],"wp:featuredmedia":[{"embeddable":true,"href":"https:\/\/pergaminho.design\/es\/wp-json\/wp\/v2\/media\/20642"}],"wp:attachment":[{"href":"https:\/\/pergaminho.design\/es\/wp-json\/wp\/v2\/media?parent=20380"}],"wp:term":[{"taxonomy":"product_brand","embeddable":true,"href":"https:\/\/pergaminho.design\/es\/wp-json\/wp\/v2\/product_brand?post=20380"},{"taxonomy":"product_cat","embeddable":true,"href":"https:\/\/pergaminho.design\/es\/wp-json\/wp\/v2\/product_cat?post=20380"},{"taxonomy":"product_tag","embeddable":true,"href":"https:\/\/pergaminho.design\/es\/wp-json\/wp\/v2\/product_tag?post=20380"}],"curies":[{"name":"wp","href":"https:\/\/api.w.org\/{rel}","templated":true}]}}