{"id":20093,"date":"2024-02-19T12:51:53","date_gmt":"2024-02-19T12:51:53","guid":{"rendered":"https:\/\/pergaminho.design\/?post_type=product&#038;p=20093"},"modified":"2024-04-20T16:36:00","modified_gmt":"2024-04-20T16:36:00","slug":"jackpot","status":"publish","type":"product","link":"https:\/\/pergaminho.design\/es\/producto\/jackpot\/","title":{"rendered":"JACKPOT"},"content":{"rendered":"<p><strong>Tiempo de producci\u00f3n:<\/strong> 1 a 2 dias \u00fateis<br \/>\n<strong>Tamanho:<\/strong> 13\u00d718 cm<br \/>\n<strong>Outros:<\/strong> Envelope incluido<\/p>","protected":false},"excerpt":{"rendered":"<p>Surpreenda o seu Pai com um postal \u00fanico e especial. \u201cJACKPOT\u201d \u00e9 um postal em tons de azul que evoca serenidade e sorte, criando um ambiente ideal para expressar gratid\u00e3o e carinho. O design deste postal cont\u00e9m uma ilustra\u00e7\u00e3o de uma m\u00e1quina de casino que simboliza a sorte em ter um pai t\u00e3o extraordin\u00e1rio.<\/p>","protected":false},"featured_media":20792,"comment_status":"closed","ping_status":"closed","template":"","meta":{"_acf_changed":false},"product_brand":[],"product_cat":[308,267],"product_tag":[],"class_list":{"0":"post-20093","1":"product","2":"type-product","3":"status-publish","4":"has-post-thumbnail","6":"product_cat-pai","7":"product_cat-postais-tematicos","9":"first","10":"instock","11":"shipping-taxable","12":"purchasable","13":"product-type-simple"},"acf":[],"tiered_pricing_type":"fixed","tiered_pricing_fixed_rules":[],"tiered_pricing_product_settings":{"layout":"default","base_unit_name":{"singular":null,"plural":null},"default_variation":null},"tiered_pricing_minimum_quantity":null,"tiered_pricing_roles_data":[],"tiered_pricing_percentage_rules":[],"_links":{"self":[{"href":"https:\/\/pergaminho.design\/es\/wp-json\/wp\/v2\/product\/20093","targetHints":{"allow":["GET"]}}],"collection":[{"href":"https:\/\/pergaminho.design\/es\/wp-json\/wp\/v2\/product"}],"about":[{"href":"https:\/\/pergaminho.design\/es\/wp-json\/wp\/v2\/types\/product"}],"replies":[{"embeddable":true,"href":"https:\/\/pergaminho.design\/es\/wp-json\/wp\/v2\/comments?post=20093"}],"version-history":[{"count":2,"href":"https:\/\/pergaminho.design\/es\/wp-json\/wp\/v2\/product\/20093\/revisions"}],"predecessor-version":[{"id":27109,"href":"https:\/\/pergaminho.design\/es\/wp-json\/wp\/v2\/product\/20093\/revisions\/27109"}],"wp:featuredmedia":[{"embeddable":true,"href":"https:\/\/pergaminho.design\/es\/wp-json\/wp\/v2\/media\/20792"}],"wp:attachment":[{"href":"https:\/\/pergaminho.design\/es\/wp-json\/wp\/v2\/media?parent=20093"}],"wp:term":[{"taxonomy":"product_brand","embeddable":true,"href":"https:\/\/pergaminho.design\/es\/wp-json\/wp\/v2\/product_brand?post=20093"},{"taxonomy":"product_cat","embeddable":true,"href":"https:\/\/pergaminho.design\/es\/wp-json\/wp\/v2\/product_cat?post=20093"},{"taxonomy":"product_tag","embeddable":true,"href":"https:\/\/pergaminho.design\/es\/wp-json\/wp\/v2\/product_tag?post=20093"}],"curies":[{"name":"wp","href":"https:\/\/api.w.org\/{rel}","templated":true}]}}