{"id":16529,"date":"2023-01-24T18:49:04","date_gmt":"2023-01-24T18:49:04","guid":{"rendered":"https:\/\/pergaminho.design\/?post_type=product&#038;p=16529"},"modified":"2024-04-20T16:23:51","modified_gmt":"2024-04-20T16:23:51","slug":"i-love-you","status":"publish","type":"product","link":"https:\/\/pergaminho.design\/es\/producto\/i-love-you\/","title":{"rendered":"Te quiero"},"content":{"rendered":"<p><strong>Tiempo de producci\u00f3n:<\/strong> 1 a 2 dias \u00fateis<br \/>\n<strong>Tamanho:<\/strong> 13\u00d718 cm<br \/>\n<strong>Outros:<\/strong> Envelope incluido<\/p>","protected":false},"excerpt":{"rendered":"<p>Surpreenda o seu amor com um postal \u00fanico e especial. \u201cI Love You\u201d \u00e9 um postal que apresenta um design geom\u00e9trico moderno e elegante. As cores escolhidas foram o vermelho e dourado, que simboliza paix\u00e3o e eleg\u00e2ncia. Os cora\u00e7\u00f5es s\u00e3o incorporados no postal, representando os sentimentos fortes e profundos de amor.<\/p>","protected":false},"featured_media":20917,"comment_status":"closed","ping_status":"closed","template":"","meta":{"_acf_changed":false},"product_brand":[],"product_cat":[307,267],"product_tag":[],"class_list":{"0":"post-16529","1":"product","2":"type-product","3":"status-publish","4":"has-post-thumbnail","6":"product_cat-love","7":"product_cat-postais-tematicos","9":"first","10":"instock","11":"shipping-taxable","12":"purchasable","13":"product-type-simple"},"acf":[],"tiered_pricing_type":"fixed","tiered_pricing_fixed_rules":[],"tiered_pricing_product_settings":{"layout":"default","base_unit_name":{"singular":null,"plural":null},"default_variation":null},"tiered_pricing_minimum_quantity":null,"tiered_pricing_roles_data":[],"tiered_pricing_percentage_rules":[],"_links":{"self":[{"href":"https:\/\/pergaminho.design\/es\/wp-json\/wp\/v2\/product\/16529","targetHints":{"allow":["GET"]}}],"collection":[{"href":"https:\/\/pergaminho.design\/es\/wp-json\/wp\/v2\/product"}],"about":[{"href":"https:\/\/pergaminho.design\/es\/wp-json\/wp\/v2\/types\/product"}],"replies":[{"embeddable":true,"href":"https:\/\/pergaminho.design\/es\/wp-json\/wp\/v2\/comments?post=16529"}],"version-history":[{"count":3,"href":"https:\/\/pergaminho.design\/es\/wp-json\/wp\/v2\/product\/16529\/revisions"}],"predecessor-version":[{"id":27075,"href":"https:\/\/pergaminho.design\/es\/wp-json\/wp\/v2\/product\/16529\/revisions\/27075"}],"wp:featuredmedia":[{"embeddable":true,"href":"https:\/\/pergaminho.design\/es\/wp-json\/wp\/v2\/media\/20917"}],"wp:attachment":[{"href":"https:\/\/pergaminho.design\/es\/wp-json\/wp\/v2\/media?parent=16529"}],"wp:term":[{"taxonomy":"product_brand","embeddable":true,"href":"https:\/\/pergaminho.design\/es\/wp-json\/wp\/v2\/product_brand?post=16529"},{"taxonomy":"product_cat","embeddable":true,"href":"https:\/\/pergaminho.design\/es\/wp-json\/wp\/v2\/product_cat?post=16529"},{"taxonomy":"product_tag","embeddable":true,"href":"https:\/\/pergaminho.design\/es\/wp-json\/wp\/v2\/product_tag?post=16529"}],"curies":[{"name":"wp","href":"https:\/\/api.w.org\/{rel}","templated":true}]}}