{"id":15501,"date":"2022-06-14T16:29:37","date_gmt":"2022-06-14T16:29:37","guid":{"rendered":"https:\/\/pergaminho.design\/?post_type=product&#038;p=15501"},"modified":"2025-04-23T12:22:53","modified_gmt":"2025-04-23T12:22:53","slug":"pastilhas-de-lacre-salmao","status":"publish","type":"product","link":"https:\/\/pergaminho.design\/es\/producto\/pastilhas-de-lacre-salmao\/","title":{"rendered":"Pastillas de sellado - Salm\u00f3n"},"content":{"rendered":"<p><strong>Tiempo de producci\u00f3n:<\/strong> 2 a 3 dias \u00fateis<br \/>\n<strong>Dimensiones:<\/strong> 2,5cm de di\u00e2metro<br \/>\n<strong>Outros:<\/strong> Sinete n\u00e3o inclu\u00eddo<\/p>","protected":false},"excerpt":{"rendered":"<p>As pastilhas de lacre salm\u00e3o d\u00e3o o toque de eleg\u00e2ncia, delicadeza e distin\u00e7\u00e3o aos elementos em que \u00e9 colocado. O toque especial para todos os convites, caixas, cart\u00f5es e envelopes!<\/p>","protected":false},"featured_media":21100,"comment_status":"closed","ping_status":"closed","template":"","meta":{"_acf_changed":false},"product_brand":[],"product_cat":[191,319,306],"product_tag":[],"class_list":{"0":"post-15501","1":"product","2":"type-product","3":"status-publish","4":"has-post-thumbnail","6":"product_cat-envelopes-e-lacres","7":"product_cat-pastilhas-de-lacre","8":"product_cat-lacres","10":"first","11":"instock","12":"shipping-taxable","13":"purchasable","14":"product-type-simple"},"acf":[],"tiered_pricing_type":"fixed","tiered_pricing_fixed_rules":[],"tiered_pricing_product_settings":{"layout":"default","base_unit_name":{"singular":null,"plural":null},"default_variation":null},"tiered_pricing_minimum_quantity":null,"tiered_pricing_roles_data":[],"tiered_pricing_percentage_rules":[],"_links":{"self":[{"href":"https:\/\/pergaminho.design\/es\/wp-json\/wp\/v2\/product\/15501","targetHints":{"allow":["GET"]}}],"collection":[{"href":"https:\/\/pergaminho.design\/es\/wp-json\/wp\/v2\/product"}],"about":[{"href":"https:\/\/pergaminho.design\/es\/wp-json\/wp\/v2\/types\/product"}],"replies":[{"embeddable":true,"href":"https:\/\/pergaminho.design\/es\/wp-json\/wp\/v2\/comments?post=15501"}],"version-history":[{"count":2,"href":"https:\/\/pergaminho.design\/es\/wp-json\/wp\/v2\/product\/15501\/revisions"}],"predecessor-version":[{"id":27040,"href":"https:\/\/pergaminho.design\/es\/wp-json\/wp\/v2\/product\/15501\/revisions\/27040"}],"wp:featuredmedia":[{"embeddable":true,"href":"https:\/\/pergaminho.design\/es\/wp-json\/wp\/v2\/media\/21100"}],"wp:attachment":[{"href":"https:\/\/pergaminho.design\/es\/wp-json\/wp\/v2\/media?parent=15501"}],"wp:term":[{"taxonomy":"product_brand","embeddable":true,"href":"https:\/\/pergaminho.design\/es\/wp-json\/wp\/v2\/product_brand?post=15501"},{"taxonomy":"product_cat","embeddable":true,"href":"https:\/\/pergaminho.design\/es\/wp-json\/wp\/v2\/product_cat?post=15501"},{"taxonomy":"product_tag","embeddable":true,"href":"https:\/\/pergaminho.design\/es\/wp-json\/wp\/v2\/product_tag?post=15501"}],"curies":[{"name":"wp","href":"https:\/\/api.w.org\/{rel}","templated":true}]}}