{"id":14989,"date":"2022-05-26T17:01:32","date_gmt":"2022-05-26T17:01:32","guid":{"rendered":"https:\/\/pergaminho.design\/?post_type=product&#038;p=14989"},"modified":"2025-01-15T14:11:38","modified_gmt":"2025-01-15T14:11:38","slug":"placa-de-boas-vindas-pvc","status":"publish","type":"product","link":"https:\/\/pergaminho.design\/es\/producto\/placa-de-boas-vindas-pvc\/","title":{"rendered":"Placa de Boas-Vindas &#8211; PVC"},"content":{"rendered":"<p><strong>Tiempo de producci\u00f3n:<\/strong> 10 a 12 dias \u00fateis<br \/>\n<strong>Tamanho:<\/strong> 50x75cm ou 75x50cm<br \/>\n<strong>Material:<\/strong> PVC<br \/>\n<strong>Orientaci\u00f3n:<\/strong> vertical ou horizontal<\/p>","protected":false},"excerpt":{"rendered":"<p>Todas as celebra\u00e7\u00f5es devem conter uma Placa de Boas Vindas. Todos os convidados, seja num casamento, numa comunh\u00e3o, num batizado ou anivers\u00e1rio, gostam de ser bem recebidos e memorizam essa aten\u00e7\u00e3o da parte de quem convida!<\/p>","protected":false},"featured_media":24213,"comment_status":"open","ping_status":"closed","template":"","meta":{"_acf_changed":false},"product_brand":[],"product_cat":[262,261],"product_tag":[],"class_list":{"0":"post-14989","1":"product","2":"type-product","3":"status-publish","4":"has-post-thumbnail","6":"product_cat-placas-de-boas-vindas","7":"product_cat-sinaletica","9":"first","10":"instock","11":"shipping-taxable","12":"purchasable","13":"product-type-simple"},"acf":[],"tiered_pricing_type":"fixed","tiered_pricing_fixed_rules":[],"tiered_pricing_product_settings":{"layout":"default","base_unit_name":{"singular":null,"plural":null},"default_variation":null},"tiered_pricing_minimum_quantity":null,"tiered_pricing_roles_data":[],"tiered_pricing_percentage_rules":[],"_links":{"self":[{"href":"https:\/\/pergaminho.design\/es\/wp-json\/wp\/v2\/product\/14989","targetHints":{"allow":["GET"]}}],"collection":[{"href":"https:\/\/pergaminho.design\/es\/wp-json\/wp\/v2\/product"}],"about":[{"href":"https:\/\/pergaminho.design\/es\/wp-json\/wp\/v2\/types\/product"}],"replies":[{"embeddable":true,"href":"https:\/\/pergaminho.design\/es\/wp-json\/wp\/v2\/comments?post=14989"}],"version-history":[{"count":3,"href":"https:\/\/pergaminho.design\/es\/wp-json\/wp\/v2\/product\/14989\/revisions"}],"predecessor-version":[{"id":26927,"href":"https:\/\/pergaminho.design\/es\/wp-json\/wp\/v2\/product\/14989\/revisions\/26927"}],"wp:featuredmedia":[{"embeddable":true,"href":"https:\/\/pergaminho.design\/es\/wp-json\/wp\/v2\/media\/24213"}],"wp:attachment":[{"href":"https:\/\/pergaminho.design\/es\/wp-json\/wp\/v2\/media?parent=14989"}],"wp:term":[{"taxonomy":"product_brand","embeddable":true,"href":"https:\/\/pergaminho.design\/es\/wp-json\/wp\/v2\/product_brand?post=14989"},{"taxonomy":"product_cat","embeddable":true,"href":"https:\/\/pergaminho.design\/es\/wp-json\/wp\/v2\/product_cat?post=14989"},{"taxonomy":"product_tag","embeddable":true,"href":"https:\/\/pergaminho.design\/es\/wp-json\/wp\/v2\/product_tag?post=14989"}],"curies":[{"name":"wp","href":"https:\/\/api.w.org\/{rel}","templated":true}]}}