{"id":14072,"date":"2022-04-21T13:10:51","date_gmt":"2022-04-21T13:10:51","guid":{"rendered":"https:\/\/pergaminho.design\/?post_type=product&#038;p=14072"},"modified":"2025-12-03T15:20:51","modified_gmt":"2025-12-03T15:20:51","slug":"milestones-de-madeira-momentos","status":"publish","type":"product","link":"https:\/\/pergaminho.design\/es\/producto\/milestones-de-madeira-momentos\/","title":{"rendered":"Milestones de Madeira Nogal- Momentos"},"content":{"rendered":"<p><strong>Tiempo de producci\u00f3n:<\/strong> 1 a 2 dias \u00fateis<br \/>\n<strong>Material:<\/strong> Madeira (os materiais utilizados s\u00e3o seguros para estarem em contacto com o beb\u00e9) + Saco de tecido<br \/>\n<strong>Dimensi\u00f3n:<\/strong> 10cm de di\u00e2metro<br \/>\n<strong>Contiene:<\/strong> 6 Rodelas de madeira personalizadas na frente e no verso: Cheguei; O primeiro dente; Eu consigo gatinhar; A primeira gargalhada; J\u00e1 digo mam\u00e3; J\u00e1 digo pap\u00e1; O primeiro Natal; Primeiro Halloween; O primeiro dia da M\u00e3e; O primeiro dia do Pai; A primeira P\u00e1scoa; Eu consigo andar;<\/p>","protected":false},"excerpt":{"rendered":"<p>Os Milestones de Madeira s\u00e3o um produto ideal para fotografar os momentos mais marcantes do crescimento do beb\u00e9.<\/p>","protected":false},"featured_media":33972,"comment_status":"closed","ping_status":"closed","template":"","meta":{"_acf_changed":false},"product_brand":[],"product_cat":[154,250],"product_tag":[127,130,153],"class_list":{"0":"post-14072","1":"product","2":"type-product","3":"status-publish","4":"has-post-thumbnail","6":"product_cat-bebes-e-mamas","7":"product_cat-milestones-bebe","8":"product_tag-acessorio","9":"product_tag-adereco","10":"product_tag-bebe","12":"first","13":"instock","14":"shipping-taxable","15":"purchasable","16":"product-type-simple"},"acf":[],"tiered_pricing_type":"fixed","tiered_pricing_fixed_rules":[],"tiered_pricing_product_settings":{"layout":"default","base_unit_name":{"singular":null,"plural":null},"default_variation":null},"tiered_pricing_minimum_quantity":null,"tiered_pricing_roles_data":[],"tiered_pricing_percentage_rules":[],"_links":{"self":[{"href":"https:\/\/pergaminho.design\/es\/wp-json\/wp\/v2\/product\/14072","targetHints":{"allow":["GET"]}}],"collection":[{"href":"https:\/\/pergaminho.design\/es\/wp-json\/wp\/v2\/product"}],"about":[{"href":"https:\/\/pergaminho.design\/es\/wp-json\/wp\/v2\/types\/product"}],"replies":[{"embeddable":true,"href":"https:\/\/pergaminho.design\/es\/wp-json\/wp\/v2\/comments?post=14072"}],"version-history":[{"count":3,"href":"https:\/\/pergaminho.design\/es\/wp-json\/wp\/v2\/product\/14072\/revisions"}],"predecessor-version":[{"id":32536,"href":"https:\/\/pergaminho.design\/es\/wp-json\/wp\/v2\/product\/14072\/revisions\/32536"}],"wp:featuredmedia":[{"embeddable":true,"href":"https:\/\/pergaminho.design\/es\/wp-json\/wp\/v2\/media\/33972"}],"wp:attachment":[{"href":"https:\/\/pergaminho.design\/es\/wp-json\/wp\/v2\/media?parent=14072"}],"wp:term":[{"taxonomy":"product_brand","embeddable":true,"href":"https:\/\/pergaminho.design\/es\/wp-json\/wp\/v2\/product_brand?post=14072"},{"taxonomy":"product_cat","embeddable":true,"href":"https:\/\/pergaminho.design\/es\/wp-json\/wp\/v2\/product_cat?post=14072"},{"taxonomy":"product_tag","embeddable":true,"href":"https:\/\/pergaminho.design\/es\/wp-json\/wp\/v2\/product_tag?post=14072"}],"curies":[{"name":"wp","href":"https:\/\/api.w.org\/{rel}","templated":true}]}}