{"id":14053,"date":"2022-04-21T10:53:23","date_gmt":"2022-04-21T10:53:23","guid":{"rendered":"https:\/\/pergaminho.design\/?post_type=product&#038;p=14053"},"modified":"2026-03-27T14:29:30","modified_gmt":"2026-03-27T14:29:30","slug":"caixa-de-aliancas-madeira","status":"publish","type":"product","link":"https:\/\/pergaminho.design\/es\/producto\/caixa-de-aliancas-madeira\/","title":{"rendered":"Caja para alianzas - Madera"},"content":{"rendered":"<p><strong>Tiempo de producci\u00f3n:<\/strong> 8 a 10 dias \u00fateis<br \/>\n<strong>Material:<\/strong> Madeira<br \/>\n<strong>Dimensi\u00f3n:<\/strong> 10x15cm<br \/>\n<strong>Color:<\/strong> Madera de nogal<br \/>\n<strong>Outros:<\/strong> Alian\u00e7as n\u00e3o inclu\u00eddas<\/p>","protected":false},"excerpt":{"rendered":"<p>A Caixa de Alian\u00e7as \u00e9 a forma perfeita para transportar as alian\u00e7as at\u00e9 ao momento mais especial: a uni\u00e3o dos noivos.<\/p>","protected":false},"featured_media":32324,"comment_status":"closed","ping_status":"closed","template":"","meta":{"_acf_changed":false},"product_brand":[],"product_cat":[161],"product_tag":[254,287,131,169,189,218],"class_list":{"0":"post-14053","1":"product","2":"type-product","3":"status-publish","4":"has-post-thumbnail","6":"product_cat-caixas-de-aliancas","7":"product_tag-organizacao","8":"product_tag-timeline","9":"product_tag-agenda","10":"product_tag-checklist","11":"product_tag-diario-do-bebe","12":"product_tag-inspiracao","14":"first","15":"instock","16":"shipping-taxable","17":"purchasable","18":"product-type-simple"},"acf":[],"tiered_pricing_type":"fixed","tiered_pricing_fixed_rules":[],"tiered_pricing_product_settings":{"layout":"default","base_unit_name":{"singular":null,"plural":null},"default_variation":null},"tiered_pricing_minimum_quantity":null,"tiered_pricing_roles_data":[],"tiered_pricing_percentage_rules":[],"_links":{"self":[{"href":"https:\/\/pergaminho.design\/es\/wp-json\/wp\/v2\/product\/14053","targetHints":{"allow":["GET"]}}],"collection":[{"href":"https:\/\/pergaminho.design\/es\/wp-json\/wp\/v2\/product"}],"about":[{"href":"https:\/\/pergaminho.design\/es\/wp-json\/wp\/v2\/types\/product"}],"replies":[{"embeddable":true,"href":"https:\/\/pergaminho.design\/es\/wp-json\/wp\/v2\/comments?post=14053"}],"version-history":[{"count":3,"href":"https:\/\/pergaminho.design\/es\/wp-json\/wp\/v2\/product\/14053\/revisions"}],"predecessor-version":[{"id":32331,"href":"https:\/\/pergaminho.design\/es\/wp-json\/wp\/v2\/product\/14053\/revisions\/32331"}],"wp:featuredmedia":[{"embeddable":true,"href":"https:\/\/pergaminho.design\/es\/wp-json\/wp\/v2\/media\/32324"}],"wp:attachment":[{"href":"https:\/\/pergaminho.design\/es\/wp-json\/wp\/v2\/media?parent=14053"}],"wp:term":[{"taxonomy":"product_brand","embeddable":true,"href":"https:\/\/pergaminho.design\/es\/wp-json\/wp\/v2\/product_brand?post=14053"},{"taxonomy":"product_cat","embeddable":true,"href":"https:\/\/pergaminho.design\/es\/wp-json\/wp\/v2\/product_cat?post=14053"},{"taxonomy":"product_tag","embeddable":true,"href":"https:\/\/pergaminho.design\/es\/wp-json\/wp\/v2\/product_tag?post=14053"}],"curies":[{"name":"wp","href":"https:\/\/api.w.org\/{rel}","templated":true}]}}