{"id":10065,"date":"2023-04-05T10:22:13","date_gmt":"2023-04-05T10:22:13","guid":{"rendered":"http:\/\/pergaminho-design.local\/product\/agenda-da-noiva\/"},"modified":"2026-02-05T10:32:20","modified_gmt":"2026-02-05T10:32:20","slug":"agenda-da-noiva","status":"publish","type":"product","link":"https:\/\/pergaminho.design\/es\/producto\/agenda-da-noiva\/","title":{"rendered":"Diario de la novia"},"content":{"rendered":"","protected":false},"excerpt":{"rendered":"<p>A Agenda da Noiva \u00e9 a solu\u00e7\u00e3o perfeita para aqueles que procuram uma organiza\u00e7\u00e3o eficiente e personalizada para o seu casamento. \u00c9 o companheiro ideal para noivas e noivos que desejam planear o casamento dos seus sonhos, onde nenhum detalhe pode ficar ao acaso. Com mais de 100 p\u00e1ginas divididas por categorias, a Agenda da Noiva \u00e9 um verdadeiro guia para a organiza\u00e7\u00e3o do vosso casamento. Nesta agenda poder\u00e1s registar e fazer uma boa organiza\u00e7\u00e3o de or\u00e7amentos e de todas as informa\u00e7\u00f5es sobre todos os fornecedores para o teu casamento de sonho.<\/p>","protected":false},"featured_media":35874,"comment_status":"closed","ping_status":"closed","template":"","meta":{"_acf_changed":false},"product_brand":[],"product_cat":[134],"product_tag":[218,254,255,264,287,131,301,132,166,169],"class_list":{"0":"post-10065","1":"product","2":"type-product","3":"status-publish","4":"has-post-thumbnail","6":"product_cat-agendas","7":"product_tag-inspiracao","8":"product_tag-organizacao","9":"product_tag-organizacao-de-um-casamento-perfeito","10":"product_tag-planner","11":"product_tag-timeline","12":"product_tag-agenda","13":"product_tag-wedding-planner","14":"product_tag-agenda-da-noiva","15":"product_tag-casamento","16":"product_tag-checklist","17":"product_shipping_class-gratis","19":"first","20":"instock","21":"shipping-taxable","22":"purchasable","23":"product-type-simple"},"acf":[],"tiered_pricing_type":"fixed","tiered_pricing_fixed_rules":[],"tiered_pricing_product_settings":{"layout":"default","base_unit_name":{"singular":null,"plural":null},"default_variation":null},"tiered_pricing_minimum_quantity":null,"tiered_pricing_roles_data":[],"tiered_pricing_percentage_rules":[],"_links":{"self":[{"href":"https:\/\/pergaminho.design\/es\/wp-json\/wp\/v2\/product\/10065","targetHints":{"allow":["GET"]}}],"collection":[{"href":"https:\/\/pergaminho.design\/es\/wp-json\/wp\/v2\/product"}],"about":[{"href":"https:\/\/pergaminho.design\/es\/wp-json\/wp\/v2\/types\/product"}],"replies":[{"embeddable":true,"href":"https:\/\/pergaminho.design\/es\/wp-json\/wp\/v2\/comments?post=10065"}],"version-history":[{"count":5,"href":"https:\/\/pergaminho.design\/es\/wp-json\/wp\/v2\/product\/10065\/revisions"}],"predecessor-version":[{"id":33263,"href":"https:\/\/pergaminho.design\/es\/wp-json\/wp\/v2\/product\/10065\/revisions\/33263"}],"wp:featuredmedia":[{"embeddable":true,"href":"https:\/\/pergaminho.design\/es\/wp-json\/wp\/v2\/media\/35874"}],"wp:attachment":[{"href":"https:\/\/pergaminho.design\/es\/wp-json\/wp\/v2\/media?parent=10065"}],"wp:term":[{"taxonomy":"product_brand","embeddable":true,"href":"https:\/\/pergaminho.design\/es\/wp-json\/wp\/v2\/product_brand?post=10065"},{"taxonomy":"product_cat","embeddable":true,"href":"https:\/\/pergaminho.design\/es\/wp-json\/wp\/v2\/product_cat?post=10065"},{"taxonomy":"product_tag","embeddable":true,"href":"https:\/\/pergaminho.design\/es\/wp-json\/wp\/v2\/product_tag?post=10065"}],"curies":[{"name":"wp","href":"https:\/\/api.w.org\/{rel}","templated":true}]}}