{"id":9814,"date":"2021-03-23T16:09:05","date_gmt":"2021-03-23T16:09:05","guid":{"rendered":"http:\/\/pergaminho-design.local\/?page_id=9814"},"modified":"2024-04-24T22:17:36","modified_gmt":"2024-04-24T22:17:36","slug":"envios-e-devolucoes","status":"publish","type":"page","link":"https:\/\/pergaminho.design\/es\/envios-e-devolucoes\/","title":{"rendered":"Envios e Devolu\u00e7\u00f5es"},"content":{"rendered":"<div data-elementor-type=\"wp-page\" data-elementor-id=\"9814\" class=\"elementor elementor-9814\" data-elementor-post-type=\"page\">\n\t\t\t\t<div class=\"wd-negative-gap elementor-element elementor-element-029e967 e-flex e-con-boxed e-con e-parent\" data-id=\"029e967\" data-element_type=\"container\" data-e-type=\"container\">\n\t\t\t\t\t<div class=\"e-con-inner\">\n\t\t\t\t<div class=\"elementor-element elementor-element-a923a9b elementor-widget elementor-widget-heading\" data-id=\"a923a9b\" data-element_type=\"widget\" data-e-type=\"widget\" data-widget_type=\"heading.default\">\n\t\t\t\t<div class=\"elementor-widget-container\">\n\t\t\t\t\t<h2 class=\"elementor-heading-title elementor-size-default\">Envios e Devolu\u00e7\u00f5es<\/h2>\t\t\t\t<\/div>\n\t\t\t\t<\/div>\n\t\t\t\t\t<\/div>\n\t\t\t\t<\/div>\n\t\t<div class=\"wd-negative-gap elementor-element elementor-element-018eed6 e-flex e-con-boxed e-con e-parent\" data-id=\"018eed6\" data-element_type=\"container\" data-e-type=\"container\">\n\t\t\t\t\t<div class=\"e-con-inner\">\n\t\t<div class=\"elementor-element elementor-element-57b724f e-con-full e-flex e-con e-child\" data-id=\"57b724f\" data-element_type=\"container\" data-e-type=\"container\">\n\t\t\t\t<div class=\"elementor-element elementor-element-2b75050 elementor-widget elementor-widget-image\" data-id=\"2b75050\" data-element_type=\"widget\" data-e-type=\"widget\" data-widget_type=\"image.default\">\n\t\t\t\t<div class=\"elementor-widget-container\">\n\t\t\t\t\t\t\t\t\t\t\t\t\t\t\t<img fetchpriority=\"high\" decoding=\"async\" width=\"1084\" height=\"714\" src=\"https:\/\/pergaminho.design\/wp-content\/uploads\/2024\/04\/Pergaminho-43-e1713972483312.jpg\" class=\"attachment-full size-full wp-image-27905\" alt=\"\" srcset=\"https:\/\/pergaminho.design\/wp-content\/uploads\/2024\/04\/Pergaminho-43-e1713972483312.jpg 1084w, https:\/\/pergaminho.design\/wp-content\/uploads\/2024\/04\/Pergaminho-43-e1713972483312-300x198.jpg 300w, https:\/\/pergaminho.design\/wp-content\/uploads\/2024\/04\/Pergaminho-43-e1713972483312-1024x674.jpg 1024w, https:\/\/pergaminho.design\/wp-content\/uploads\/2024\/04\/Pergaminho-43-e1713972483312-768x506.jpg 768w, https:\/\/pergaminho.design\/wp-content\/uploads\/2024\/04\/Pergaminho-43-e1713972483312-18x12.jpg 18w, https:\/\/pergaminho.design\/wp-content\/uploads\/2024\/04\/Pergaminho-43-e1713972483312-1000x659.jpg 1000w, https:\/\/pergaminho.design\/wp-content\/uploads\/2024\/04\/Pergaminho-43-e1713972483312-150x99.jpg 150w\" sizes=\"(max-width: 1084px) 100vw, 1084px\" \/>\t\t\t\t\t\t\t\t\t\t\t\t\t\t\t<\/div>\n\t\t\t\t<\/div>\n\t\t<div class=\"wd-negative-gap elementor-element elementor-element-30b3311 e-flex e-con-boxed e-con e-child\" data-id=\"30b3311\" data-element_type=\"container\" data-e-type=\"container\" data-settings=\"{&quot;background_background&quot;:&quot;classic&quot;}\">\n\t\t\t\t\t<div class=\"e-con-inner\">\n\t\t\t\t<div class=\"elementor-element elementor-element-10c9bfd elementor-widget elementor-widget-heading\" data-id=\"10c9bfd\" data-element_type=\"widget\" data-e-type=\"widget\" data-widget_type=\"heading.default\">\n\t\t\t\t<div class=\"elementor-widget-container\">\n\t\t\t\t\t<h2 class=\"elementor-heading-title elementor-size-default\">Envios Gratuitos<\/h2>\t\t\t\t<\/div>\n\t\t\t\t<\/div>\n\t\t\t\t<div class=\"elementor-element elementor-element-fd71201 color-scheme-inherit text-left elementor-widget elementor-widget-text-editor\" data-id=\"fd71201\" data-element_type=\"widget\" data-e-type=\"widget\" data-widget_type=\"text-editor.default\">\n\t\t\t\t<div class=\"elementor-widget-container\">\n\t\t\t\t\t\t\t\t\t<p>As encomendas com o valor superior a 39,89\u20ac t\u00eam os portes de envio gr\u00e1tis para Portugal Continental.<\/p>\t\t\t\t\t\t\t\t<\/div>\n\t\t\t\t<\/div>\n\t\t\t\t\t<\/div>\n\t\t\t\t<\/div>\n\t\t\t\t<\/div>\n\t\t<div class=\"elementor-element elementor-element-eb08207 e-con-full e-flex e-con e-child\" data-id=\"eb08207\" data-element_type=\"container\" data-e-type=\"container\">\n\t\t\t\t<div class=\"elementor-element elementor-element-93fbe5f wd-width-100 elementor-widget elementor-widget-wd_title\" data-id=\"93fbe5f\" data-element_type=\"widget\" data-e-type=\"widget\" data-widget_type=\"wd_title.default\">\n\t\t\t\t<div class=\"elementor-widget-container\">\n\t\t\t\t\t\t\t<div class=\"title-wrapper wd-set-mb reset-last-child wd-title-color-default wd-title-style-default wd-title-size-default text-left\">\n\n\t\t\t\n\t\t\t<div class=\"liner-continer\">\n\t\t\t\t<h4 class=\"woodmart-title-container title wd-fontsize-l\">Env\u00edo<\/h4> \n\t\t\t\t\t\t\t<\/div>\n\n\t\t\t\t\t<\/div>\n\t\t\t\t\t\t<\/div>\n\t\t\t\t<\/div>\n\t\t\t\t<div class=\"elementor-element elementor-element-d8ac6f4 elementor-widget elementor-widget-html\" data-id=\"d8ac6f4\" data-element_type=\"widget\" data-e-type=\"widget\" data-widget_type=\"html.default\">\n\t\t\t\t<div class=\"elementor-widget-container\">\n\t\t\t\t\t<table class=\"styled-table\">\n    <tbody>\n        <tr>\n            <th>Portugal Continental\t<\/th>\n            <td>5,90\u20ac<\/td>\n            <td>2-3 d\u00edas laborables\n            <\/td>\n        <\/tr>\n    <\/tbody>\n    <tbody>\n        <tr>\n            <th>A\u00e7ores & Madeira\t<\/th>\n            <td>9,90\u20ac<\/td>\n            <td>5-12 d\u00edas laborables<\/td>\n        <\/tr>\n    <\/tbody>\n<\/table>\n\t\t\t\t<\/div>\n\t\t\t\t<\/div>\n\t\t\t\t<div class=\"elementor-element elementor-element-3a0502e color-scheme-inherit text-left elementor-widget elementor-widget-text-editor\" data-id=\"3a0502e\" data-element_type=\"widget\" data-e-type=\"widget\" data-widget_type=\"text-editor.default\">\n\t\t\t\t<div class=\"elementor-widget-container\">\n\t\t\t\t\t\t\t\t\t<p>Los plazos de entrega pueden variar en funci\u00f3n de la \u00e9poca del a\u00f1o. Las fechas indicadas son meramente indicativas. Estos plazos se refieren \u00fanicamente al tiempo de env\u00edo, m\u00e1s el tiempo de preparaci\u00f3n\/producci\u00f3n de los art\u00edculos mencionados en cada producto.<\/p><p>Para envios para outros pa\u00edses contacte a nossa linha de apoio atrav\u00e9s do email: <a href=\"mailto:ola@pergaminho.design\">ola@pergaminho.design<\/a><\/p><p>Os envios ser\u00e3o feitos atrav\u00e9s do nosso parceiro log\u00edstico: CTT EXPRESSO.<\/p><p>As entregas s\u00e3o efetuadas das 9h \u00e0s 18h, em dias \u00fateis. \u00c9 necess\u00e1rio que algu\u00e9m esteja na morada indicada para recepcionar a encomenda. Este servi\u00e7o n\u00e3o inclui op\u00e7\u00e3o de agendamento ou marca\u00e7\u00e3o, pelo que a entrega da encomenda ser\u00e1 efetuada sem contacto pr\u00e9vio por parte da transportadora.<\/p><p><b>Todos os produtos enviados devem ser verificados no ato da entrega. Se o cliente verificar que a encomenda se encontra danificada, dever\u00e1 devolv\u00ea-la de imediato \u00e0 empresa de transporte, justificar devidamente o motivo da devolu\u00e7\u00e3o na guia de remessa do transportador e notificar a Pergaminho Design.<\/b><\/p>\t\t\t\t\t\t\t\t<\/div>\n\t\t\t\t<\/div>\n\t\t\t\t<\/div>\n\t\t\t\t\t<\/div>\n\t\t\t\t<\/div>\n\t\t<div class=\"elementor-element elementor-element-731c5e1 e-con-full e-flex e-con e-parent\" data-id=\"731c5e1\" data-element_type=\"container\" data-e-type=\"container\">\n\t\t<div class=\"elementor-element elementor-element-d4f379e e-con-full e-flex e-con e-child\" data-id=\"d4f379e\" data-element_type=\"container\" data-e-type=\"container\">\n\t\t\t\t<div class=\"elementor-element elementor-element-2b34119 wd-width-100 elementor-widget elementor-widget-wd_title\" data-id=\"2b34119\" data-element_type=\"widget\" data-e-type=\"widget\" data-widget_type=\"wd_title.default\">\n\t\t\t\t<div class=\"elementor-widget-container\">\n\t\t\t\t\t\t\t<div class=\"title-wrapper wd-set-mb reset-last-child wd-title-color-default wd-title-style-default wd-title-size-default text-left\">\n\n\t\t\t\n\t\t\t<div class=\"liner-continer\">\n\t\t\t\t<h4 class=\"woodmart-title-container title wd-fontsize-l\">Devolu\u00e7\u00f5es<\/h4> \n\t\t\t\t\t\t\t<\/div>\n\n\t\t\t\t\t<\/div>\n\t\t\t\t\t\t<\/div>\n\t\t\t\t<\/div>\n\t\t\t\t<div class=\"elementor-element elementor-element-4b49e51 color-scheme-inherit text-left elementor-widget elementor-widget-text-editor\" data-id=\"4b49e51\" data-element_type=\"widget\" data-e-type=\"widget\" data-widget_type=\"text-editor.default\">\n\t\t\t\t<div class=\"elementor-widget-container\">\n\t\t\t\t\t\t\t\t\t<p>Em caso de devolu\u00e7\u00e3o o cliente dever\u00e1 entrar em contacto atrav\u00e9s do email <a href=\"mailto:ola@pergaminho.design\">ola@pergaminho.design<\/a> at\u00e9 30 dias ap\u00f3s a rece\u00e7\u00e3o da encomenda, indicando o n\u00famero da fatura, tendo em conta as seguintes condi\u00e7\u00f5es:<\/p><p>\u2013 O(s) produto(s) dever\u00e1(\u00e3o) estar obrigatoriamente em perfeitas condi\u00e7\u00f5es de venda, e se for caso disso com a sua embalagem original e acompanhado da respetiva fatura.<\/p><p>\u2013 O custo do transporte em caso de devolu\u00e7\u00e3o \u00e9 da responsabilidade do cliente, devendo a encomenda ser enviada para as instala\u00e7\u00f5es da Pergaminho Design.<\/p><p>\u2013 Ap\u00f3s rece\u00e7\u00e3o do(s) produto(s) devolvido(s) e ap\u00f3s valida\u00e7\u00e3o do estado do(s) mesmo(s), proceder-se-\u00e1 \u00e0 devolu\u00e7\u00e3o somente do montante referente ao valor da mercadoria, atrav\u00e9s de transfer\u00eancia banc\u00e1ria, num prazo m\u00e1ximo de 15 dias.<\/p>\t\t\t\t\t\t\t\t<\/div>\n\t\t\t\t<\/div>\n\t\t\t\t<\/div>\n\t\t<div class=\"elementor-element elementor-element-16db40e e-con-full e-flex e-con e-child\" data-id=\"16db40e\" data-element_type=\"container\" data-e-type=\"container\">\n\t\t\t\t\t<link rel=\"stylesheet\" id=\"wd-mod-animations-keyframes-css\" href=\"https:\/\/pergaminho.design\/wp-content\/themes\/woodmart\/css\/parts\/mod-animations-keyframes.min.css?ver=8.0.4\" type=\"text\/css\" media=\"all\" \/> \t\t\t\t\t<div class=\"elementor-element elementor-element-239ec0f elementor-invisible elementor-widget elementor-widget-image\" data-id=\"239ec0f\" data-element_type=\"widget\" data-e-type=\"widget\" data-settings=\"{&quot;_animation&quot;:&quot;fadeInRight&quot;,&quot;_animation_tablet&quot;:&quot;none&quot;,&quot;_animation_mobile&quot;:&quot;none&quot;}\" data-widget_type=\"image.default\">\n\t\t\t\t<div class=\"elementor-widget-container\">\n\t\t\t\t\t\t\t\t\t\t\t\t\t\t\t<img decoding=\"async\" width=\"1708\" height=\"2118\" src=\"https:\/\/pergaminho.design\/wp-content\/uploads\/2021\/03\/Envios_Devolucoes_1-1-e1616516799695.jpeg\" class=\"attachment-full size-full wp-image-9817\" alt=\"\" srcset=\"https:\/\/pergaminho.design\/wp-content\/uploads\/2021\/03\/Envios_Devolucoes_1-1-e1616516799695.jpeg 1708w, https:\/\/pergaminho.design\/wp-content\/uploads\/2021\/03\/Envios_Devolucoes_1-1-e1616516799695-150x186.jpeg 150w, https:\/\/pergaminho.design\/wp-content\/uploads\/2021\/03\/Envios_Devolucoes_1-1-e1616516799695-1000x1240.jpeg 1000w, https:\/\/pergaminho.design\/wp-content\/uploads\/2021\/03\/Envios_Devolucoes_1-1-e1616516799695-242x300.jpeg 242w, https:\/\/pergaminho.design\/wp-content\/uploads\/2021\/03\/Envios_Devolucoes_1-1-e1616516799695-826x1024.jpeg 826w, https:\/\/pergaminho.design\/wp-content\/uploads\/2021\/03\/Envios_Devolucoes_1-1-e1616516799695-768x952.jpeg 768w, https:\/\/pergaminho.design\/wp-content\/uploads\/2021\/03\/Envios_Devolucoes_1-1-e1616516799695-1239x1536.jpeg 1239w, https:\/\/pergaminho.design\/wp-content\/uploads\/2021\/03\/Envios_Devolucoes_1-1-e1616516799695-1652x2048.jpeg 1652w\" sizes=\"(max-width: 1708px) 100vw, 1708px\" \/>\t\t\t\t\t\t\t\t\t\t\t\t\t\t\t<\/div>\n\t\t\t\t<\/div>\n\t\t\t\t<\/div>\n\t\t\t\t<\/div>\n\t\t\t\t<\/div>","protected":false},"excerpt":{"rendered":"<p>Envios e Devolu\u00e7\u00f5es Envios Gratuitos As encomendas com o valor superior a 39,89\u20ac t\u00eam os portes de envio gr\u00e1tis para<\/p>","protected":false},"author":1,"featured_media":9706,"parent":0,"menu_order":0,"comment_status":"closed","ping_status":"closed","template":"","meta":{"_acf_changed":false,"footnotes":""},"class_list":["post-9814","page","type-page","status-publish","has-post-thumbnail","hentry"],"acf":[],"_links":{"self":[{"href":"https:\/\/pergaminho.design\/es\/wp-json\/wp\/v2\/pages\/9814","targetHints":{"allow":["GET"]}}],"collection":[{"href":"https:\/\/pergaminho.design\/es\/wp-json\/wp\/v2\/pages"}],"about":[{"href":"https:\/\/pergaminho.design\/es\/wp-json\/wp\/v2\/types\/page"}],"author":[{"embeddable":true,"href":"https:\/\/pergaminho.design\/es\/wp-json\/wp\/v2\/users\/1"}],"replies":[{"embeddable":true,"href":"https:\/\/pergaminho.design\/es\/wp-json\/wp\/v2\/comments?post=9814"}],"version-history":[{"count":5,"href":"https:\/\/pergaminho.design\/es\/wp-json\/wp\/v2\/pages\/9814\/revisions"}],"predecessor-version":[{"id":28030,"href":"https:\/\/pergaminho.design\/es\/wp-json\/wp\/v2\/pages\/9814\/revisions\/28030"}],"wp:featuredmedia":[{"embeddable":true,"href":"https:\/\/pergaminho.design\/es\/wp-json\/wp\/v2\/media\/9706"}],"wp:attachment":[{"href":"https:\/\/pergaminho.design\/es\/wp-json\/wp\/v2\/media?parent=9814"}],"curies":[{"name":"wp","href":"https:\/\/api.w.org\/{rel}","templated":true}]}}