{"id":651,"date":"2017-06-27T06:20:05","date_gmt":"2017-06-27T06:20:05","guid":{"rendered":"http:\/\/dummy.xtemos.com\/woodmart-elementor\/demos\/?page_id=651"},"modified":"2026-02-13T14:17:51","modified_gmt":"2026-02-13T14:17:51","slug":"contactos","status":"publish","type":"page","link":"https:\/\/pergaminho.design\/es\/contactos\/","title":{"rendered":"P\u00f3ngase en contacto con"},"content":{"rendered":"<div data-elementor-type=\"wp-page\" data-elementor-id=\"651\" class=\"elementor elementor-651\" data-elementor-post-type=\"page\">\n\t\t\t\t<div class=\"wd-negative-gap elementor-element elementor-element-2f37cd9 e-flex e-con-boxed e-con e-parent\" data-id=\"2f37cd9\" data-element_type=\"container\" data-e-type=\"container\">\n\t\t\t\t\t<div class=\"e-con-inner\">\n\t\t<div class=\"elementor-element elementor-element-d83a2d6 e-con-full e-flex e-con e-child\" data-id=\"d83a2d6\" data-element_type=\"container\" data-e-type=\"container\">\n\t\t\t\t<div class=\"elementor-element elementor-element-fd9c101 elementor-widget elementor-widget-heading\" data-id=\"fd9c101\" data-element_type=\"widget\" data-e-type=\"widget\" data-widget_type=\"heading.default\">\n\t\t\t\t<div class=\"elementor-widget-container\">\n\t\t\t\t\t<h1 class=\"elementor-heading-title elementor-size-default\">P\u00f3ngase en contacto con<\/h1>\t\t\t\t<\/div>\n\t\t\t\t<\/div>\n\t\t\t\t<div class=\"elementor-element elementor-element-90fb586 elementor-widget elementor-widget-wd_text_block\" data-id=\"90fb586\" data-element_type=\"widget\" data-e-type=\"widget\" data-widget_type=\"wd_text_block.default\">\n\t\t\t\t<div class=\"elementor-widget-container\">\n\t\t\t\t\t\t\t<div class=\"wd-text-block reset-last-child text-left\">\n\t\t\t\n\t\t\t<p><span style=\"font-family: 'Work Sans', Arial, Helvetica, sans-serif; font-size: 15px; font-style: normal; font-variant-ligatures: normal; font-variant-caps: normal; font-weight: 400;\">Disponibilizamos v\u00e1rias solu\u00e7\u00f5es de contacto, desde email, telefone, whatsapp ou mesmo numa visita ao nosso espa\u00e7o. Sintam-se \u00e0 vontade para contactar no sentido de responder \u00e0s suas quest\u00f5es, ideias, projectos e or\u00e7amentos.<\/span><br \/><br \/><span style=\"font-family: 'Work Sans', Arial, Helvetica, sans-serif; font-size: 15px; font-style: normal; font-variant-ligatures: normal; font-variant-caps: normal; font-weight: 400;\">Podem tamb\u00e9m em caso de uma solicita\u00e7\u00e3o de or\u00e7amento usar o nosso formul\u00e1rio de <span style=\"text-decoration: underline;\"><a href=\"https:\/\/pergaminho.design\/es\/pedir-orcamento\/\">pedido de or\u00e7amento<\/a><\/span>. <\/span><br \/><br \/><span style=\"font-family: 'Work Sans', Arial, Helvetica, sans-serif; font-size: 15px; font-style: normal; font-variant-ligatures: normal; font-variant-caps: normal; font-weight: 400;\">Procuramos responder ao seu contacto o mais breve poss\u00edvel.<\/span><\/p>\n\t\t\t\t\t<\/div>\n\t\t\t\t\t\t<\/div>\n\t\t\t\t<\/div>\n\t\t\t\t<\/div>\n\t\t<div class=\"elementor-element elementor-element-a9ab520 e-con-full e-flex e-con e-child\" data-id=\"a9ab520\" data-element_type=\"container\" data-e-type=\"container\">\n\t\t\t\t<div class=\"elementor-element elementor-element-95144e0 elementor-widget elementor-widget-image\" data-id=\"95144e0\" data-element_type=\"widget\" data-e-type=\"widget\" data-widget_type=\"image.default\">\n\t\t\t\t<div class=\"elementor-widget-container\">\n\t\t\t\t\t\t\t\t\t\t\t\t\t\t\t<img fetchpriority=\"high\" decoding=\"async\" width=\"1840\" height=\"1227\" src=\"https:\/\/pergaminho.design\/wp-content\/uploads\/2024\/04\/1-1-2.jpg\" class=\"attachment-full size-full wp-image-26544\" alt=\"\" srcset=\"https:\/\/pergaminho.design\/wp-content\/uploads\/2024\/04\/1-1-2.jpg 1840w, https:\/\/pergaminho.design\/wp-content\/uploads\/2024\/04\/1-1-2-300x200.jpg 300w, https:\/\/pergaminho.design\/wp-content\/uploads\/2024\/04\/1-1-2-1024x683.jpg 1024w, https:\/\/pergaminho.design\/wp-content\/uploads\/2024\/04\/1-1-2-768x512.jpg 768w, https:\/\/pergaminho.design\/wp-content\/uploads\/2024\/04\/1-1-2-1536x1024.jpg 1536w, https:\/\/pergaminho.design\/wp-content\/uploads\/2024\/04\/1-1-2-18x12.jpg 18w, https:\/\/pergaminho.design\/wp-content\/uploads\/2024\/04\/1-1-2-1320x880.jpg 1320w, https:\/\/pergaminho.design\/wp-content\/uploads\/2024\/04\/1-1-2-1000x667.jpg 1000w, https:\/\/pergaminho.design\/wp-content\/uploads\/2024\/04\/1-1-2-150x100.jpg 150w\" sizes=\"(max-width: 1840px) 100vw, 1840px\" \/>\t\t\t\t\t\t\t\t\t\t\t\t\t\t\t<\/div>\n\t\t\t\t<\/div>\n\t\t\t\t<\/div>\n\t\t\t\t\t<\/div>\n\t\t\t\t<\/div>\n\t\t<div class=\"wd-negative-gap elementor-element elementor-element-f158a20 e-grid e-con-boxed e-con e-parent\" data-id=\"f158a20\" data-element_type=\"container\" data-e-type=\"container\">\n\t\t\t\t\t<div class=\"e-con-inner\">\n\t\t<div class=\"wd-negative-gap elementor-element elementor-element-c907c75 e-flex e-con-boxed e-con e-child\" data-id=\"c907c75\" data-element_type=\"container\" data-e-type=\"container\" data-settings=\"{&quot;background_background&quot;:&quot;classic&quot;}\">\n\t\t\t\t\t<div class=\"e-con-inner\">\n\t\t<div class=\"elementor-element elementor-element-375ecdf e-con-full e-flex e-con e-child\" data-id=\"375ecdf\" data-element_type=\"container\" data-e-type=\"container\">\n\t\t\t\t<div class=\"elementor-element elementor-element-6a693c6 elementor-widget elementor-widget-image\" data-id=\"6a693c6\" data-element_type=\"widget\" data-e-type=\"widget\" data-widget_type=\"image.default\">\n\t\t\t\t<div class=\"elementor-widget-container\">\n\t\t\t\t\t\t\t\t\t\t\t\t\t\t\t<img decoding=\"async\" width=\"600\" height=\"600\" src=\"https:\/\/pergaminho.design\/wp-content\/uploads\/2024\/04\/crop_email.png\" class=\"attachment-full size-full wp-image-26782\" alt=\"\" srcset=\"https:\/\/pergaminho.design\/wp-content\/uploads\/2024\/04\/crop_email.png 600w, https:\/\/pergaminho.design\/wp-content\/uploads\/2024\/04\/crop_email-300x300.png 300w, https:\/\/pergaminho.design\/wp-content\/uploads\/2024\/04\/crop_email-150x150.png 150w, https:\/\/pergaminho.design\/wp-content\/uploads\/2024\/04\/crop_email-12x12.png 12w\" sizes=\"(max-width: 600px) 100vw, 600px\" \/>\t\t\t\t\t\t\t\t\t\t\t\t\t\t\t<\/div>\n\t\t\t\t<\/div>\n\t\t\t\t<\/div>\n\t\t<div class=\"elementor-element elementor-element-7bbd6ca e-con-full e-flex e-con e-child\" data-id=\"7bbd6ca\" data-element_type=\"container\" data-e-type=\"container\">\n\t\t\t\t<div class=\"elementor-element elementor-element-9d6a9dc elementor-widget elementor-widget-heading\" data-id=\"9d6a9dc\" data-element_type=\"widget\" data-e-type=\"widget\" data-widget_type=\"heading.default\">\n\t\t\t\t<div class=\"elementor-widget-container\">\n\t\t\t\t\t<h2 class=\"elementor-heading-title elementor-size-default\">Correo electr\u00f3nico<\/h2>\t\t\t\t<\/div>\n\t\t\t\t<\/div>\n\t\t\t\t<div class=\"elementor-element elementor-element-689ed13 elementor-icon-list--layout-traditional elementor-list-item-link-full_width elementor-widget elementor-widget-icon-list\" data-id=\"689ed13\" data-element_type=\"widget\" data-e-type=\"widget\" data-widget_type=\"icon-list.default\">\n\t\t\t\t<div class=\"elementor-widget-container\">\n\t\t\t\t\t\t\t<ul class=\"elementor-icon-list-items\">\n\t\t\t\t\t\t\t<li class=\"elementor-icon-list-item\">\n\t\t\t\t\t\t\t\t\t\t\t<a href=\"mailto:ola@pergaminho.design\">\n\n\t\t\t\t\t\t\t\t\t\t\t<span class=\"elementor-icon-list-text\">ola@pergaminho.design<\/span>\n\t\t\t\t\t\t\t\t\t\t\t<\/a>\n\t\t\t\t\t\t\t\t\t<\/li>\n\t\t\t\t\t\t<\/ul>\n\t\t\t\t\t\t<\/div>\n\t\t\t\t<\/div>\n\t\t\t\t<\/div>\n\t\t\t\t\t<\/div>\n\t\t\t\t<\/div>\n\t\t<div class=\"wd-negative-gap elementor-element elementor-element-af877b9 e-flex e-con-boxed e-con e-child\" data-id=\"af877b9\" data-element_type=\"container\" data-e-type=\"container\" data-settings=\"{&quot;background_background&quot;:&quot;classic&quot;}\">\n\t\t\t\t\t<div class=\"e-con-inner\">\n\t\t<div class=\"elementor-element elementor-element-4041d4f e-con-full e-flex e-con e-child\" data-id=\"4041d4f\" data-element_type=\"container\" data-e-type=\"container\">\n\t\t\t\t<div class=\"elementor-element elementor-element-f7becd5 elementor-widget elementor-widget-image\" data-id=\"f7becd5\" data-element_type=\"widget\" data-e-type=\"widget\" data-widget_type=\"image.default\">\n\t\t\t\t<div class=\"elementor-widget-container\">\n\t\t\t\t\t\t\t\t\t\t\t\t\t\t\t<img decoding=\"async\" width=\"600\" height=\"600\" src=\"https:\/\/pergaminho.design\/wp-content\/uploads\/2024\/04\/crop_contactos.png\" class=\"attachment-full size-full wp-image-26780\" alt=\"\" srcset=\"https:\/\/pergaminho.design\/wp-content\/uploads\/2024\/04\/crop_contactos.png 600w, https:\/\/pergaminho.design\/wp-content\/uploads\/2024\/04\/crop_contactos-300x300.png 300w, https:\/\/pergaminho.design\/wp-content\/uploads\/2024\/04\/crop_contactos-150x150.png 150w, https:\/\/pergaminho.design\/wp-content\/uploads\/2024\/04\/crop_contactos-12x12.png 12w\" sizes=\"(max-width: 600px) 100vw, 600px\" \/>\t\t\t\t\t\t\t\t\t\t\t\t\t\t\t<\/div>\n\t\t\t\t<\/div>\n\t\t\t\t<\/div>\n\t\t<div class=\"elementor-element elementor-element-68ad198 e-con-full e-flex e-con e-child\" data-id=\"68ad198\" data-element_type=\"container\" data-e-type=\"container\">\n\t\t\t\t<div class=\"elementor-element elementor-element-627ab9c elementor-widget elementor-widget-heading\" data-id=\"627ab9c\" data-element_type=\"widget\" data-e-type=\"widget\" data-widget_type=\"heading.default\">\n\t\t\t\t<div class=\"elementor-widget-container\">\n\t\t\t\t\t<h2 class=\"elementor-heading-title elementor-size-default\">P\u00f3ngase en contacto con<\/h2>\t\t\t\t<\/div>\n\t\t\t\t<\/div>\n\t\t\t\t<div class=\"elementor-element elementor-element-27f451c elementor-icon-list--layout-traditional elementor-list-item-link-full_width elementor-widget elementor-widget-icon-list\" data-id=\"27f451c\" data-element_type=\"widget\" data-e-type=\"widget\" data-widget_type=\"icon-list.default\">\n\t\t\t\t<div class=\"elementor-widget-container\">\n\t\t\t\t\t\t\t<ul class=\"elementor-icon-list-items\">\n\t\t\t\t\t\t\t<li class=\"elementor-icon-list-item\">\n\t\t\t\t\t\t\t\t\t\t\t<a href=\"tel:+351910574497\">\n\n\t\t\t\t\t\t\t\t\t\t\t<span class=\"elementor-icon-list-text\"><b>Joana |<\/b> 916 074 566 \n<\/span>\n\t\t\t\t\t\t\t\t\t\t\t<\/a>\n\t\t\t\t\t\t\t\t\t<\/li>\n\t\t\t\t\t\t<\/ul>\n\t\t\t\t\t\t<\/div>\n\t\t\t\t<\/div>\n\t\t\t\t<div class=\"elementor-element elementor-element-381fc2f elementor-icon-list--layout-traditional elementor-list-item-link-full_width elementor-widget elementor-widget-icon-list\" data-id=\"381fc2f\" data-element_type=\"widget\" data-e-type=\"widget\" data-widget_type=\"icon-list.default\">\n\t\t\t\t<div class=\"elementor-widget-container\">\n\t\t\t\t\t\t\t<ul class=\"elementor-icon-list-items\">\n\t\t\t\t\t\t\t<li class=\"elementor-icon-list-item\">\n\t\t\t\t\t\t\t\t\t\t\t<a href=\"tel:+351910574497\">\n\n\t\t\t\t\t\t\t\t\t\t\t<span class=\"elementor-icon-list-text\"><b>In\u00eas |<\/b> 912 752 529 \n<\/span>\n\t\t\t\t\t\t\t\t\t\t\t<\/a>\n\t\t\t\t\t\t\t\t\t<\/li>\n\t\t\t\t\t\t<\/ul>\n\t\t\t\t\t\t<\/div>\n\t\t\t\t<\/div>\n\t\t\t\t<\/div>\n\t\t\t\t\t<\/div>\n\t\t\t\t<\/div>\n\t\t<div class=\"wd-negative-gap elementor-element elementor-element-601504a e-flex e-con-boxed e-con e-child\" data-id=\"601504a\" data-element_type=\"container\" data-e-type=\"container\" data-settings=\"{&quot;background_background&quot;:&quot;classic&quot;}\">\n\t\t\t\t\t<div class=\"e-con-inner\">\n\t\t<div class=\"elementor-element elementor-element-4bd7acf e-con-full e-flex e-con e-child\" data-id=\"4bd7acf\" data-element_type=\"container\" data-e-type=\"container\">\n\t\t\t\t<div class=\"elementor-element elementor-element-71b072b elementor-widget elementor-widget-image\" data-id=\"71b072b\" data-element_type=\"widget\" data-e-type=\"widget\" data-widget_type=\"image.default\">\n\t\t\t\t<div class=\"elementor-widget-container\">\n\t\t\t\t\t\t\t\t\t\t\t\t\t\t\t<img loading=\"lazy\" decoding=\"async\" width=\"600\" height=\"600\" src=\"https:\/\/pergaminho.design\/wp-content\/uploads\/2024\/04\/crop_localizacao.png\" class=\"attachment-full size-full wp-image-26781\" alt=\"\" srcset=\"https:\/\/pergaminho.design\/wp-content\/uploads\/2024\/04\/crop_localizacao.png 600w, https:\/\/pergaminho.design\/wp-content\/uploads\/2024\/04\/crop_localizacao-300x300.png 300w, https:\/\/pergaminho.design\/wp-content\/uploads\/2024\/04\/crop_localizacao-150x150.png 150w, https:\/\/pergaminho.design\/wp-content\/uploads\/2024\/04\/crop_localizacao-12x12.png 12w\" sizes=\"(max-width: 600px) 100vw, 600px\" \/>\t\t\t\t\t\t\t\t\t\t\t\t\t\t\t<\/div>\n\t\t\t\t<\/div>\n\t\t\t\t<\/div>\n\t\t<div class=\"elementor-element elementor-element-cb01f9e e-con-full e-flex e-con e-child\" data-id=\"cb01f9e\" data-element_type=\"container\" data-e-type=\"container\">\n\t\t\t\t<div class=\"elementor-element elementor-element-7055539 elementor-widget elementor-widget-heading\" data-id=\"7055539\" data-element_type=\"widget\" data-e-type=\"widget\" data-widget_type=\"heading.default\">\n\t\t\t\t<div class=\"elementor-widget-container\">\n\t\t\t\t\t<h2 class=\"elementor-heading-title elementor-size-default\">Morada<\/h2>\t\t\t\t<\/div>\n\t\t\t\t<\/div>\n\t\t\t\t<div class=\"elementor-element elementor-element-dfaa52c elementor-icon-list--layout-traditional elementor-list-item-link-full_width elementor-widget elementor-widget-icon-list\" data-id=\"dfaa52c\" data-element_type=\"widget\" data-e-type=\"widget\" data-widget_type=\"icon-list.default\">\n\t\t\t\t<div class=\"elementor-widget-container\">\n\t\t\t\t\t\t\t<ul class=\"elementor-icon-list-items\">\n\t\t\t\t\t\t\t<li class=\"elementor-icon-list-item\">\n\t\t\t\t\t\t\t\t\t\t\t<a href=\"https:\/\/maps.app.goo.gl\/kGov3bGuQGiCASuQA\" target=\"_blank\" rel=\"noopener\">\n\n\t\t\t\t\t\t\t\t\t\t\t<span class=\"elementor-icon-list-text\">Rua Eus\u00e9bio da Silva Ferreira,  17\n4630-463, Marco de Canaveses<\/span>\n\t\t\t\t\t\t\t\t\t\t\t<\/a>\n\t\t\t\t\t\t\t\t\t<\/li>\n\t\t\t\t\t\t<\/ul>\n\t\t\t\t\t\t<\/div>\n\t\t\t\t<\/div>\n\t\t\t\t<\/div>\n\t\t\t\t\t<\/div>\n\t\t\t\t<\/div>\n\t\t\t\t\t<\/div>\n\t\t\t\t<\/div>\n\t\t<div class=\"wd-negative-gap elementor-element elementor-element-1b9bdda e-flex e-con-boxed e-con e-parent\" data-id=\"1b9bdda\" data-element_type=\"container\" data-e-type=\"container\">\n\t\t\t\t\t<div class=\"e-con-inner\">\n\t\t\t\t<div class=\"elementor-element elementor-element-153d3fe elementor-widget elementor-widget-heading\" data-id=\"153d3fe\" data-element_type=\"widget\" data-e-type=\"widget\" data-widget_type=\"heading.default\">\n\t\t\t\t<div class=\"elementor-widget-container\">\n\t\t\t\t\t<h2 class=\"elementor-heading-title elementor-size-default\">Concierte una cita y cu\u00e9ntenos un poco m\u00e1s sobre su historia, queremos ayudarle a que su d\u00eda sea a\u00fan m\u00e1s especial.<\/h2>\t\t\t\t<\/div>\n\t\t\t\t<\/div>\n\t\t\t\t\t<\/div>\n\t\t\t\t<\/div>\n\t\t<div class=\"wd-negative-gap elementor-element elementor-element-0f85cdd e-flex e-con-boxed e-con e-parent\" data-id=\"0f85cdd\" data-element_type=\"container\" data-e-type=\"container\">\n\t\t\t\t\t<div class=\"e-con-inner\">\n\t\t<div class=\"elementor-element elementor-element-41d9c37 e-con-full e-flex e-con e-child\" data-id=\"41d9c37\" data-element_type=\"container\" data-e-type=\"container\">\n\t\t<div class=\"wd-negative-gap elementor-element elementor-element-b8cd85e e-flex e-con-boxed e-con e-child\" data-id=\"b8cd85e\" data-element_type=\"container\" data-e-type=\"container\">\n\t\t\t\t\t<div class=\"e-con-inner\">\n\t\t\t\t<div class=\"elementor-element elementor-element-7c3e230 elementor-widget elementor-widget-image\" data-id=\"7c3e230\" data-element_type=\"widget\" data-e-type=\"widget\" data-widget_type=\"image.default\">\n\t\t\t\t<div class=\"elementor-widget-container\">\n\t\t\t\t\t\t\t\t\t\t\t\t\t\t\t<img loading=\"lazy\" decoding=\"async\" width=\"1124\" height=\"1124\" src=\"https:\/\/pergaminho.design\/wp-content\/uploads\/2024\/04\/reuniao_joana.png\" class=\"attachment-full size-full wp-image-26116\" alt=\"\" srcset=\"https:\/\/pergaminho.design\/wp-content\/uploads\/2024\/04\/reuniao_joana.png 1124w, https:\/\/pergaminho.design\/wp-content\/uploads\/2024\/04\/reuniao_joana-300x300.png 300w, https:\/\/pergaminho.design\/wp-content\/uploads\/2024\/04\/reuniao_joana-1024x1024.png 1024w, https:\/\/pergaminho.design\/wp-content\/uploads\/2024\/04\/reuniao_joana-150x150.png 150w, https:\/\/pergaminho.design\/wp-content\/uploads\/2024\/04\/reuniao_joana-768x768.png 768w, https:\/\/pergaminho.design\/wp-content\/uploads\/2024\/04\/reuniao_joana-12x12.png 12w, https:\/\/pergaminho.design\/wp-content\/uploads\/2024\/04\/reuniao_joana-1000x1000.png 1000w\" sizes=\"(max-width: 1124px) 100vw, 1124px\" \/>\t\t\t\t\t\t\t\t\t\t\t\t\t\t\t<\/div>\n\t\t\t\t<\/div>\n\t\t\t\t\t<\/div>\n\t\t\t\t<\/div>\n\t\t<div class=\"wd-negative-gap elementor-element elementor-element-220c15c e-flex e-con-boxed e-con e-child\" data-id=\"220c15c\" data-element_type=\"container\" data-e-type=\"container\">\n\t\t\t\t\t<div class=\"e-con-inner\">\n\t\t\t\t<div class=\"elementor-element elementor-element-13c5269 elementor-widget elementor-widget-heading\" data-id=\"13c5269\" data-element_type=\"widget\" data-e-type=\"widget\" data-widget_type=\"heading.default\">\n\t\t\t\t<div class=\"elementor-widget-container\">\n\t\t\t\t\t<h2 class=\"elementor-heading-title elementor-size-default\">Joana Mendes<\/h2>\t\t\t\t<\/div>\n\t\t\t\t<\/div>\n\t\t\t\t<div class=\"elementor-element elementor-element-4d330cf elementor-icon-list--layout-traditional elementor-list-item-link-full_width elementor-widget elementor-widget-icon-list\" data-id=\"4d330cf\" data-element_type=\"widget\" data-e-type=\"widget\" data-widget_type=\"icon-list.default\">\n\t\t\t\t<div class=\"elementor-widget-container\">\n\t\t\t\t\t\t\t<ul class=\"elementor-icon-list-items\">\n\t\t\t\t\t\t\t<li class=\"elementor-icon-list-item\">\n\t\t\t\t\t\t\t\t\t\t<span class=\"elementor-icon-list-text\">Gestora de Clientes<\/span>\n\t\t\t\t\t\t\t\t\t<\/li>\n\t\t\t\t\t\t<\/ul>\n\t\t\t\t\t\t<\/div>\n\t\t\t\t<\/div>\n\t\t\t\t<div class=\"elementor-element elementor-element-5fe83e0 elementor-icon-list--layout-traditional elementor-list-item-link-full_width elementor-widget elementor-widget-icon-list\" data-id=\"5fe83e0\" data-element_type=\"widget\" data-e-type=\"widget\" data-widget_type=\"icon-list.default\">\n\t\t\t\t<div class=\"elementor-widget-container\">\n\t\t\t\t\t\t\t<ul class=\"elementor-icon-list-items\">\n\t\t\t\t\t\t\t<li class=\"elementor-icon-list-item\">\n\t\t\t\t\t\t\t\t\t\t\t<a href=\"mailto:joana@pergaminho.design\">\n\n\t\t\t\t\t\t\t\t\t\t\t<span class=\"elementor-icon-list-text\">joana@pergaminho.design<\/span>\n\t\t\t\t\t\t\t\t\t\t\t<\/a>\n\t\t\t\t\t\t\t\t\t<\/li>\n\t\t\t\t\t\t<\/ul>\n\t\t\t\t\t\t<\/div>\n\t\t\t\t<\/div>\n\t\t\t\t<div class=\"elementor-element elementor-element-2425406 elementor-position-left elementor-position-left elementor-vertical-align-top elementor-vertical-align-top elementor-widget elementor-widget-image-box\" data-id=\"2425406\" data-element_type=\"widget\" data-e-type=\"widget\" data-widget_type=\"image-box.default\">\n\t\t\t\t<div class=\"elementor-widget-container\">\n\t\t\t\t\t<div class=\"elementor-image-box-wrapper\"><figure class=\"elementor-image-box-img\"><img loading=\"lazy\" decoding=\"async\" width=\"108\" height=\"49\" src=\"https:\/\/pergaminho.design\/wp-content\/uploads\/2024\/04\/contact.png\" class=\"attachment-full size-full wp-image-26121\" alt=\"\" srcset=\"https:\/\/pergaminho.design\/wp-content\/uploads\/2024\/04\/contact.png 108w, https:\/\/pergaminho.design\/wp-content\/uploads\/2024\/04\/contact-18x8.png 18w\" sizes=\"(max-width: 108px) 100vw, 108px\" \/><\/figure><div class=\"elementor-image-box-content\"><p class=\"elementor-image-box-description\"><a href=\"tel:+351910574497\"><\/a>916 074 566<\/p><\/div><\/div>\t\t\t\t<\/div>\n\t\t\t\t<\/div>\n\t\t\t\t\t<\/div>\n\t\t\t\t<\/div>\n\t\t\t\t<\/div>\n\t\t<div class=\"elementor-element elementor-element-43ce7f4 e-con-full e-flex e-con e-child\" data-id=\"43ce7f4\" data-element_type=\"container\" data-e-type=\"container\">\n\t\t<div class=\"wd-negative-gap elementor-element elementor-element-85166f0 e-flex e-con-boxed e-con e-child\" data-id=\"85166f0\" data-element_type=\"container\" data-e-type=\"container\">\n\t\t\t\t\t<div class=\"e-con-inner\">\n\t\t\t\t<div class=\"elementor-element elementor-element-c060100 elementor-widget elementor-widget-image\" data-id=\"c060100\" data-element_type=\"widget\" data-e-type=\"widget\" data-widget_type=\"image.default\">\n\t\t\t\t<div class=\"elementor-widget-container\">\n\t\t\t\t\t\t\t\t\t\t\t\t\t\t\t<img loading=\"lazy\" decoding=\"async\" width=\"1163\" height=\"1163\" src=\"https:\/\/pergaminho.design\/wp-content\/uploads\/2025\/04\/inesmonteiro-team-pergaminho-rounded.webp\" class=\"attachment-full size-full wp-image-34145\" alt=\"\" srcset=\"https:\/\/pergaminho.design\/wp-content\/uploads\/2025\/04\/inesmonteiro-team-pergaminho-rounded.webp 1163w, https:\/\/pergaminho.design\/wp-content\/uploads\/2025\/04\/inesmonteiro-team-pergaminho-rounded-300x300.webp 300w, https:\/\/pergaminho.design\/wp-content\/uploads\/2025\/04\/inesmonteiro-team-pergaminho-rounded-1024x1024.webp 1024w, https:\/\/pergaminho.design\/wp-content\/uploads\/2025\/04\/inesmonteiro-team-pergaminho-rounded-150x150.webp 150w, https:\/\/pergaminho.design\/wp-content\/uploads\/2025\/04\/inesmonteiro-team-pergaminho-rounded-768x768.webp 768w, https:\/\/pergaminho.design\/wp-content\/uploads\/2025\/04\/inesmonteiro-team-pergaminho-rounded-12x12.webp 12w, https:\/\/pergaminho.design\/wp-content\/uploads\/2025\/04\/inesmonteiro-team-pergaminho-rounded-1000x1000.webp 1000w\" sizes=\"(max-width: 1163px) 100vw, 1163px\" \/>\t\t\t\t\t\t\t\t\t\t\t\t\t\t\t<\/div>\n\t\t\t\t<\/div>\n\t\t\t\t\t<\/div>\n\t\t\t\t<\/div>\n\t\t<div class=\"wd-negative-gap elementor-element elementor-element-912f89a e-flex e-con-boxed e-con e-child\" data-id=\"912f89a\" data-element_type=\"container\" data-e-type=\"container\">\n\t\t\t\t\t<div class=\"e-con-inner\">\n\t\t\t\t<div class=\"elementor-element elementor-element-0225bea elementor-widget elementor-widget-heading\" data-id=\"0225bea\" data-element_type=\"widget\" data-e-type=\"widget\" data-widget_type=\"heading.default\">\n\t\t\t\t<div class=\"elementor-widget-container\">\n\t\t\t\t\t<h2 class=\"elementor-heading-title elementor-size-default\">In\u00eas Monteiro<\/h2>\t\t\t\t<\/div>\n\t\t\t\t<\/div>\n\t\t\t\t<div class=\"elementor-element elementor-element-9732300 elementor-icon-list--layout-traditional elementor-list-item-link-full_width elementor-widget elementor-widget-icon-list\" data-id=\"9732300\" data-element_type=\"widget\" data-e-type=\"widget\" data-widget_type=\"icon-list.default\">\n\t\t\t\t<div class=\"elementor-widget-container\">\n\t\t\t\t\t\t\t<ul class=\"elementor-icon-list-items\">\n\t\t\t\t\t\t\t<li class=\"elementor-icon-list-item\">\n\t\t\t\t\t\t\t\t\t\t<span class=\"elementor-icon-list-text\">Gestora de Clientes<\/span>\n\t\t\t\t\t\t\t\t\t<\/li>\n\t\t\t\t\t\t<\/ul>\n\t\t\t\t\t\t<\/div>\n\t\t\t\t<\/div>\n\t\t\t\t<div class=\"elementor-element elementor-element-0506832 elementor-icon-list--layout-traditional elementor-list-item-link-full_width elementor-widget elementor-widget-icon-list\" data-id=\"0506832\" data-element_type=\"widget\" data-e-type=\"widget\" data-widget_type=\"icon-list.default\">\n\t\t\t\t<div class=\"elementor-widget-container\">\n\t\t\t\t\t\t\t<ul class=\"elementor-icon-list-items\">\n\t\t\t\t\t\t\t<li class=\"elementor-icon-list-item\">\n\t\t\t\t\t\t\t\t\t\t\t<a href=\"mailto:ines@pergaminho.design\">\n\n\t\t\t\t\t\t\t\t\t\t\t<span class=\"elementor-icon-list-text\">ines@pergaminho.design<\/span>\n\t\t\t\t\t\t\t\t\t\t\t<\/a>\n\t\t\t\t\t\t\t\t\t<\/li>\n\t\t\t\t\t\t<\/ul>\n\t\t\t\t\t\t<\/div>\n\t\t\t\t<\/div>\n\t\t\t\t<div class=\"elementor-element elementor-element-05d02f2 elementor-position-left elementor-position-left elementor-vertical-align-top elementor-vertical-align-top elementor-widget elementor-widget-image-box\" data-id=\"05d02f2\" data-element_type=\"widget\" data-e-type=\"widget\" data-widget_type=\"image-box.default\">\n\t\t\t\t<div class=\"elementor-widget-container\">\n\t\t\t\t\t<div class=\"elementor-image-box-wrapper\"><figure class=\"elementor-image-box-img\"><img loading=\"lazy\" decoding=\"async\" width=\"108\" height=\"49\" src=\"https:\/\/pergaminho.design\/wp-content\/uploads\/2024\/04\/contact.png\" class=\"attachment-full size-full wp-image-26121\" alt=\"\" srcset=\"https:\/\/pergaminho.design\/wp-content\/uploads\/2024\/04\/contact.png 108w, https:\/\/pergaminho.design\/wp-content\/uploads\/2024\/04\/contact-18x8.png 18w\" sizes=\"(max-width: 108px) 100vw, 108px\" \/><\/figure><div class=\"elementor-image-box-content\"><p class=\"elementor-image-box-description\"><a href=\"tel:+351912752529\"><\/a>912 752 529<\/p><\/div><\/div>\t\t\t\t<\/div>\n\t\t\t\t<\/div>\n\t\t\t\t\t<\/div>\n\t\t\t\t<\/div>\n\t\t\t\t<\/div>\n\t\t\t\t\t<\/div>\n\t\t\t\t<\/div>\n\t\t<div class=\"wd-negative-gap elementor-element elementor-element-067db02 e-flex e-con-boxed e-con e-parent\" data-id=\"067db02\" data-element_type=\"container\" data-e-type=\"container\">\n\t\t\t\t\t<div class=\"e-con-inner\">\n\t\t\t\t<div class=\"elementor-element elementor-element-0396693 elementor-widget__width-auto elementor-align-center elementor-mobile-align-left elementor-widget elementor-widget-button\" data-id=\"0396693\" data-element_type=\"widget\" data-e-type=\"widget\" data-widget_type=\"button.default\">\n\t\t\t\t<div class=\"elementor-widget-container\">\n\t\t\t\t\t\t\t\t\t<div class=\"elementor-button-wrapper\">\n\t\t\t\t\t<a class=\"elementor-button elementor-button-link elementor-size-sm\" href=\"https:\/\/pergaminho.design\/es\/agendar-reuniao\/\">\n\t\t\t\t\t\t<span class=\"elementor-button-content-wrapper\">\n\t\t\t\t\t\t\t\t\t<span class=\"elementor-button-text\">PROGRAMAR UNA REUNI\u00d3N<\/span>\n\t\t\t\t\t<\/span>\n\t\t\t\t\t<\/a>\n\t\t\t\t<\/div>\n\t\t\t\t\t\t\t\t<\/div>\n\t\t\t\t<\/div>\n\t\t\t\t\t<\/div>\n\t\t\t\t<\/div>\n\t\t\t\t<\/div>","protected":false},"excerpt":{"rendered":"<p>Contactos Disponibilizamos v\u00e1rias solu\u00e7\u00f5es de contacto, desde email, telefone, whatsapp ou mesmo numa visita ao nosso espa\u00e7o. Sintam-se \u00e0 vontade<\/p>","protected":false},"author":1,"featured_media":9779,"parent":0,"menu_order":0,"comment_status":"closed","ping_status":"closed","template":"","meta":{"_acf_changed":false,"footnotes":""},"class_list":["post-651","page","type-page","status-publish","has-post-thumbnail","hentry"],"acf":[],"_links":{"self":[{"href":"https:\/\/pergaminho.design\/es\/wp-json\/wp\/v2\/pages\/651","targetHints":{"allow":["GET"]}}],"collection":[{"href":"https:\/\/pergaminho.design\/es\/wp-json\/wp\/v2\/pages"}],"about":[{"href":"https:\/\/pergaminho.design\/es\/wp-json\/wp\/v2\/types\/page"}],"author":[{"embeddable":true,"href":"https:\/\/pergaminho.design\/es\/wp-json\/wp\/v2\/users\/1"}],"replies":[{"embeddable":true,"href":"https:\/\/pergaminho.design\/es\/wp-json\/wp\/v2\/comments?post=651"}],"version-history":[{"count":5,"href":"https:\/\/pergaminho.design\/es\/wp-json\/wp\/v2\/pages\/651\/revisions"}],"predecessor-version":[{"id":35928,"href":"https:\/\/pergaminho.design\/es\/wp-json\/wp\/v2\/pages\/651\/revisions\/35928"}],"wp:featuredmedia":[{"embeddable":true,"href":"https:\/\/pergaminho.design\/es\/wp-json\/wp\/v2\/media\/9779"}],"wp:attachment":[{"href":"https:\/\/pergaminho.design\/es\/wp-json\/wp\/v2\/media?parent=651"}],"curies":[{"name":"wp","href":"https:\/\/api.w.org\/{rel}","templated":true}]}}