{"id":30841,"date":"2024-06-09T18:56:30","date_gmt":"2024-06-09T18:56:30","guid":{"rendered":"https:\/\/pergaminho.design\/?page_id=30841"},"modified":"2024-06-11T14:28:22","modified_gmt":"2024-06-11T14:28:22","slug":"revenda","status":"publish","type":"page","link":"https:\/\/pergaminho.design\/es\/revenda\/","title":{"rendered":"Revenda"},"content":{"rendered":"<div data-elementor-type=\"wp-page\" data-elementor-id=\"30841\" class=\"elementor elementor-30841\" data-elementor-post-type=\"page\">\n\t\t\t\t<div class=\"wd-negative-gap elementor-element elementor-element-d1cea31 e-flex e-con-boxed e-con e-parent\" data-id=\"d1cea31\" data-element_type=\"container\" data-e-type=\"container\">\n\t\t\t\t\t<div class=\"e-con-inner\">\n\t\t<div class=\"elementor-element elementor-element-ff66e40 e-con-full e-flex e-con e-child\" data-id=\"ff66e40\" data-element_type=\"container\" data-e-type=\"container\">\n\t\t\t\t<div class=\"elementor-element elementor-element-56fed0f wd-width-100 elementor-widget elementor-widget-wd_title\" data-id=\"56fed0f\" data-element_type=\"widget\" data-e-type=\"widget\" data-widget_type=\"wd_title.default\">\n\t\t\t\t<div class=\"elementor-widget-container\">\n\t\t\t\t\t\t\t<div class=\"title-wrapper wd-set-mb reset-last-child wd-title-color-default wd-title-style-default wd-title-size-large text-left\">\n\n\t\t\t\n\t\t\t<div class=\"liner-continer\">\n\t\t\t\t<h2 class=\"woodmart-title-container title wd-fontsize-xxl\">Torna-te Revendedor<\/h2> \n\t\t\t\t\t\t\t<\/div>\n\n\t\t\t\t\t<\/div>\n\t\t\t\t\t\t<\/div>\n\t\t\t\t<\/div>\n\t\t\t\t<div class=\"elementor-element elementor-element-04855f5 elementor-widget elementor-widget-wd_text_block\" data-id=\"04855f5\" data-element_type=\"widget\" data-e-type=\"widget\" data-widget_type=\"wd_text_block.default\">\n\t\t\t\t<div class=\"elementor-widget-container\">\n\t\t\t\t\t\t\t<div class=\"wd-text-block reset-last-child text-left\">\n\t\t\t\n\t\t\t<p><span style=\"font-weight: 400;\">Temos orgulho em oferecer produtos que combinam um design inovador, materiais de excel\u00eancia e um toque que faz toda a diferen\u00e7a.<\/span><\/p><p><span style=\"font-weight: 400;\">Tornar-te um revendedor dos nossos produtos \u00e9 um processo simples e direto. Entra em contato connosco atrav\u00e9s do nosso formul\u00e1rio de inscri\u00e7\u00e3o online ou ent\u00e3o, se for mais f\u00e1cil, via telem\u00f3vel. Estamos \u00e0 dist\u00e2ncia de um contato. Teremos todo o gosto em fornecer mais informa\u00e7\u00f5es e orient\u00e1-lo em cada etapa do processo.<\/span><\/p><p><span style=\"font-weight: 400;\">Sendo um revendedor dos nossos produtos, estar\u00e1 a oferecer aos seus clientes a possibilidade de transformar os seus momentos especiais em momentos memor\u00e1veis. Junte-se a n\u00f3s e descubra como a nossa paix\u00e3o pela excel\u00eancia pode contribuir para o crescimento do seu neg\u00f3cio.<\/span><\/p>\n\t\t\t\t\t<\/div>\n\t\t\t\t\t\t<\/div>\n\t\t\t\t<\/div>\n\t\t\t\t<div class=\"elementor-element elementor-element-db51d71 elementor-widget__width-auto elementor-align-left elementor-widget elementor-widget-button\" data-id=\"db51d71\" data-element_type=\"widget\" data-e-type=\"widget\" data-widget_type=\"button.default\">\n\t\t\t\t<div class=\"elementor-widget-container\">\n\t\t\t\t\t\t\t\t\t<div class=\"elementor-button-wrapper\">\n\t\t\t\t\t<a class=\"elementor-button elementor-button-link elementor-size-sm\" href=\"https:\/\/pergaminho.design\/es\/contactos\/\">\n\t\t\t\t\t\t<span class=\"elementor-button-content-wrapper\">\n\t\t\t\t\t\t\t\t\t<span class=\"elementor-button-text\">SOLICITAR INFORMACI\u00d3N<\/span>\n\t\t\t\t\t<\/span>\n\t\t\t\t\t<\/a>\n\t\t\t\t<\/div>\n\t\t\t\t\t\t\t\t<\/div>\n\t\t\t\t<\/div>\n\t\t\t\t<\/div>\n\t\t<div class=\"elementor-element elementor-element-80e3b6b e-con-full e-flex e-con e-child\" data-id=\"80e3b6b\" data-element_type=\"container\" data-e-type=\"container\">\n\t\t\t\t<div class=\"elementor-element elementor-element-e91d0f6 elementor-widget elementor-widget-image\" data-id=\"e91d0f6\" data-element_type=\"widget\" data-e-type=\"widget\" data-widget_type=\"image.default\">\n\t\t\t\t<div class=\"elementor-widget-container\">\n\t\t\t\t\t\t\t\t\t\t\t\t\t\t\t<img fetchpriority=\"high\" decoding=\"async\" width=\"1707\" height=\"2560\" src=\"https:\/\/pergaminho.design\/wp-content\/uploads\/2024\/06\/1-scaled.jpg\" class=\"attachment-full size-full wp-image-30849\" alt=\"Seating Plan de madeira com corda e molas para casamento ao ar livre com um estilo mais r\u00fastico\" srcset=\"https:\/\/pergaminho.design\/wp-content\/uploads\/2024\/06\/1-scaled.jpg 1707w, https:\/\/pergaminho.design\/wp-content\/uploads\/2024\/06\/1-200x300.jpg 200w, https:\/\/pergaminho.design\/wp-content\/uploads\/2024\/06\/1-683x1024.jpg 683w, https:\/\/pergaminho.design\/wp-content\/uploads\/2024\/06\/1-768x1152.jpg 768w, https:\/\/pergaminho.design\/wp-content\/uploads\/2024\/06\/1-1024x1536.jpg 1024w, https:\/\/pergaminho.design\/wp-content\/uploads\/2024\/06\/1-1365x2048.jpg 1365w, https:\/\/pergaminho.design\/wp-content\/uploads\/2024\/06\/1-8x12.jpg 8w, https:\/\/pergaminho.design\/wp-content\/uploads\/2024\/06\/1-1320x1980.jpg 1320w, https:\/\/pergaminho.design\/wp-content\/uploads\/2024\/06\/1-1000x1500.jpg 1000w, https:\/\/pergaminho.design\/wp-content\/uploads\/2024\/06\/1-150x225.jpg 150w\" sizes=\"(max-width: 1707px) 100vw, 1707px\" \/>\t\t\t\t\t\t\t\t\t\t\t\t\t\t\t<\/div>\n\t\t\t\t<\/div>\n\t\t\t\t<\/div>\n\t\t<div class=\"elementor-element elementor-element-dbe0796 e-con-full e-flex e-con e-child\" data-id=\"dbe0796\" data-element_type=\"container\" data-e-type=\"container\">\n\t\t\t\t<div class=\"elementor-element elementor-element-8089456 elementor-widget elementor-widget-image\" data-id=\"8089456\" data-element_type=\"widget\" data-e-type=\"widget\" data-widget_type=\"image.default\">\n\t\t\t\t<div class=\"elementor-widget-container\">\n\t\t\t\t\t\t\t\t\t\t\t\t\t\t\t<img decoding=\"async\" width=\"2560\" height=\"1707\" src=\"https:\/\/pergaminho.design\/wp-content\/uploads\/2024\/06\/2-scaled.jpg\" class=\"attachment-full size-full wp-image-30850\" alt=\"Milestones de madeira para beb\u00e9s exposto numa loja dedica a artigos de beb\u00e9\" srcset=\"https:\/\/pergaminho.design\/wp-content\/uploads\/2024\/06\/2-scaled.jpg 2560w, https:\/\/pergaminho.design\/wp-content\/uploads\/2024\/06\/2-300x200.jpg 300w, https:\/\/pergaminho.design\/wp-content\/uploads\/2024\/06\/2-1024x683.jpg 1024w, https:\/\/pergaminho.design\/wp-content\/uploads\/2024\/06\/2-768x512.jpg 768w, https:\/\/pergaminho.design\/wp-content\/uploads\/2024\/06\/2-1536x1024.jpg 1536w, https:\/\/pergaminho.design\/wp-content\/uploads\/2024\/06\/2-2048x1365.jpg 2048w, https:\/\/pergaminho.design\/wp-content\/uploads\/2024\/06\/2-18x12.jpg 18w, https:\/\/pergaminho.design\/wp-content\/uploads\/2024\/06\/2-1320x880.jpg 1320w, https:\/\/pergaminho.design\/wp-content\/uploads\/2024\/06\/2-1000x667.jpg 1000w, https:\/\/pergaminho.design\/wp-content\/uploads\/2024\/06\/2-150x100.jpg 150w\" sizes=\"(max-width: 2560px) 100vw, 2560px\" \/>\t\t\t\t\t\t\t\t\t\t\t\t\t\t\t<\/div>\n\t\t\t\t<\/div>\n\t\t\t\t<\/div>\n\t\t\t\t\t<\/div>\n\t\t\t\t<\/div>\n\t\t<div class=\"wd-negative-gap elementor-element elementor-element-4432a7a e-flex e-con-boxed e-con e-parent\" data-id=\"4432a7a\" data-element_type=\"container\" data-e-type=\"container\">\n\t\t\t\t\t<div class=\"e-con-inner\">\n\t\t<div class=\"elementor-element elementor-element-626f7cd e-con-full e-flex e-con e-child\" data-id=\"626f7cd\" data-element_type=\"container\" data-e-type=\"container\">\n\t\t\t\t<div class=\"elementor-element elementor-element-8e479a0 elementor-widget elementor-widget-image\" data-id=\"8e479a0\" data-element_type=\"widget\" data-e-type=\"widget\" data-widget_type=\"image.default\">\n\t\t\t\t<div class=\"elementor-widget-container\">\n\t\t\t\t\t\t\t\t\t\t\t\t\t\t\t<img decoding=\"async\" width=\"2000\" height=\"1333\" src=\"https:\/\/pergaminho.design\/wp-content\/uploads\/2024\/06\/Loja.jpg\" class=\"attachment-full size-full wp-image-30853\" alt=\"Prateleira, di\u00e1rio do beb\u00e9 milestones de cart\u00e3o, milestones de madeira, expositor de loja\" srcset=\"https:\/\/pergaminho.design\/wp-content\/uploads\/2024\/06\/Loja.jpg 2000w, https:\/\/pergaminho.design\/wp-content\/uploads\/2024\/06\/Loja-300x200.jpg 300w, https:\/\/pergaminho.design\/wp-content\/uploads\/2024\/06\/Loja-1024x682.jpg 1024w, https:\/\/pergaminho.design\/wp-content\/uploads\/2024\/06\/Loja-768x512.jpg 768w, https:\/\/pergaminho.design\/wp-content\/uploads\/2024\/06\/Loja-1536x1024.jpg 1536w, https:\/\/pergaminho.design\/wp-content\/uploads\/2024\/06\/Loja-18x12.jpg 18w, https:\/\/pergaminho.design\/wp-content\/uploads\/2024\/06\/Loja-1320x880.jpg 1320w, https:\/\/pergaminho.design\/wp-content\/uploads\/2024\/06\/Loja-1000x667.jpg 1000w, https:\/\/pergaminho.design\/wp-content\/uploads\/2024\/06\/Loja-150x100.jpg 150w\" sizes=\"(max-width: 2000px) 100vw, 2000px\" \/>\t\t\t\t\t\t\t\t\t\t\t\t\t\t\t<\/div>\n\t\t\t\t<\/div>\n\t\t\t\t<div class=\"elementor-element elementor-element-b65fb54 elementor-widget elementor-widget-heading\" data-id=\"b65fb54\" data-element_type=\"widget\" data-e-type=\"widget\" data-widget_type=\"heading.default\">\n\t\t\t\t<div class=\"elementor-widget-container\">\n\t\t\t\t\t<h2 class=\"elementor-heading-title elementor-size-default\">Sou uma loja<\/h2>\t\t\t\t<\/div>\n\t\t\t\t<\/div>\n\t\t\t\t<div class=\"elementor-element elementor-element-475e2d7 color-scheme-inherit text-left elementor-widget elementor-widget-text-editor\" data-id=\"475e2d7\" data-element_type=\"widget\" data-e-type=\"widget\" data-widget_type=\"text-editor.default\">\n\t\t\t\t<div class=\"elementor-widget-container\">\n\t\t\t\t\t\t\t\t\t<p>Ofere\u00e7a aos seus clientes os nossos produtos exclusivos que transformam momentos especiais em mem\u00f3rias inesquec\u00edveis.<\/p>\t\t\t\t\t\t\t\t<\/div>\n\t\t\t\t<\/div>\n\t\t\t\t<div class=\"elementor-element elementor-element-167b121 color-scheme-inherit text-left elementor-widget elementor-widget-text-editor\" data-id=\"167b121\" data-element_type=\"widget\" data-e-type=\"widget\" data-widget_type=\"text-editor.default\">\n\t\t\t\t<div class=\"elementor-widget-container\">\n\t\t\t\t\t\t\t\t\t<p><a href=\"https:\/\/pergaminho.design\/es\/revenda-lojas\/\"><span style=\"text-decoration: underline;\">M\u00e1s informaci\u00f3n<\/span><\/a><\/p>\t\t\t\t\t\t\t\t<\/div>\n\t\t\t\t<\/div>\n\t\t\t\t<\/div>\n\t\t<div class=\"elementor-element elementor-element-cb55e7d e-con-full e-flex e-con e-child\" data-id=\"cb55e7d\" data-element_type=\"container\" data-e-type=\"container\">\n\t\t\t\t<div class=\"elementor-element elementor-element-6164ff7 elementor-widget elementor-widget-image\" data-id=\"6164ff7\" data-element_type=\"widget\" data-e-type=\"widget\" data-widget_type=\"image.default\">\n\t\t\t\t<div class=\"elementor-widget-container\">\n\t\t\t\t\t\t\t\t\t\t\t\t\t\t\t<img loading=\"lazy\" decoding=\"async\" width=\"3088\" height=\"2052\" src=\"https:\/\/pergaminho.design\/wp-content\/uploads\/2024\/06\/Fornecedores.png\" class=\"attachment-full size-full wp-image-30851\" alt=\"\" srcset=\"https:\/\/pergaminho.design\/wp-content\/uploads\/2024\/06\/Fornecedores.png 3088w, https:\/\/pergaminho.design\/wp-content\/uploads\/2024\/06\/Fornecedores-300x199.png 300w, https:\/\/pergaminho.design\/wp-content\/uploads\/2024\/06\/Fornecedores-1024x680.png 1024w, https:\/\/pergaminho.design\/wp-content\/uploads\/2024\/06\/Fornecedores-768x510.png 768w, https:\/\/pergaminho.design\/wp-content\/uploads\/2024\/06\/Fornecedores-1536x1021.png 1536w, https:\/\/pergaminho.design\/wp-content\/uploads\/2024\/06\/Fornecedores-2048x1361.png 2048w, https:\/\/pergaminho.design\/wp-content\/uploads\/2024\/06\/Fornecedores-18x12.png 18w, https:\/\/pergaminho.design\/wp-content\/uploads\/2024\/06\/Fornecedores-1320x877.png 1320w, https:\/\/pergaminho.design\/wp-content\/uploads\/2024\/06\/Fornecedores-1000x665.png 1000w, https:\/\/pergaminho.design\/wp-content\/uploads\/2024\/06\/Fornecedores-150x100.png 150w\" sizes=\"(max-width: 3088px) 100vw, 3088px\" \/>\t\t\t\t\t\t\t\t\t\t\t\t\t\t\t<\/div>\n\t\t\t\t<\/div>\n\t\t\t\t<div class=\"elementor-element elementor-element-85f93ce elementor-widget elementor-widget-heading\" data-id=\"85f93ce\" data-element_type=\"widget\" data-e-type=\"widget\" data-widget_type=\"heading.default\">\n\t\t\t\t<div class=\"elementor-widget-container\">\n\t\t\t\t\t<h2 class=\"elementor-heading-title elementor-size-default\">Sou Fornecedor<\/h2>\t\t\t\t<\/div>\n\t\t\t\t<\/div>\n\t\t\t\t<div class=\"elementor-element elementor-element-98c3004 color-scheme-inherit text-left elementor-widget elementor-widget-text-editor\" data-id=\"98c3004\" data-element_type=\"widget\" data-e-type=\"widget\" data-widget_type=\"text-editor.default\">\n\t\t\t\t<div class=\"elementor-widget-container\">\n\t\t\t\t\t\t\t\t\t<p>Estamos dispon\u00edveis para poss\u00edveis parcerias: distribua os nossos produtos que encantam e inspiram em cada momento especial.<\/p>\t\t\t\t\t\t\t\t<\/div>\n\t\t\t\t<\/div>\n\t\t\t\t<div class=\"elementor-element elementor-element-8f029a4 color-scheme-inherit text-left elementor-widget elementor-widget-text-editor\" data-id=\"8f029a4\" data-element_type=\"widget\" data-e-type=\"widget\" data-widget_type=\"text-editor.default\">\n\t\t\t\t<div class=\"elementor-widget-container\">\n\t\t\t\t\t\t\t\t\t<p><a href=\"https:\/\/pergaminho.design\/es\/revenda-fornecedores\/\"><span style=\"text-decoration: underline;\">M\u00e1s informaci\u00f3n<\/span><\/a><\/p>\t\t\t\t\t\t\t\t<\/div>\n\t\t\t\t<\/div>\n\t\t\t\t<\/div>\n\t\t\t\t\t<\/div>\n\t\t\t\t<\/div>\n\t\t\t\t<\/div>","protected":false},"excerpt":{"rendered":"<p>Torna-te Revendedor Temos orgulho em oferecer produtos que combinam um design inovador, materiais de excel\u00eancia e um toque que faz<\/p>","protected":false},"author":1,"featured_media":9779,"parent":0,"menu_order":0,"comment_status":"closed","ping_status":"closed","template":"","meta":{"_acf_changed":false,"footnotes":""},"class_list":["post-30841","page","type-page","status-publish","has-post-thumbnail","hentry"],"acf":[],"_links":{"self":[{"href":"https:\/\/pergaminho.design\/es\/wp-json\/wp\/v2\/pages\/30841","targetHints":{"allow":["GET"]}}],"collection":[{"href":"https:\/\/pergaminho.design\/es\/wp-json\/wp\/v2\/pages"}],"about":[{"href":"https:\/\/pergaminho.design\/es\/wp-json\/wp\/v2\/types\/page"}],"author":[{"embeddable":true,"href":"https:\/\/pergaminho.design\/es\/wp-json\/wp\/v2\/users\/1"}],"replies":[{"embeddable":true,"href":"https:\/\/pergaminho.design\/es\/wp-json\/wp\/v2\/comments?post=30841"}],"version-history":[{"count":5,"href":"https:\/\/pergaminho.design\/es\/wp-json\/wp\/v2\/pages\/30841\/revisions"}],"predecessor-version":[{"id":30935,"href":"https:\/\/pergaminho.design\/es\/wp-json\/wp\/v2\/pages\/30841\/revisions\/30935"}],"wp:featuredmedia":[{"embeddable":true,"href":"https:\/\/pergaminho.design\/es\/wp-json\/wp\/v2\/media\/9779"}],"wp:attachment":[{"href":"https:\/\/pergaminho.design\/es\/wp-json\/wp\/v2\/media?parent=30841"}],"curies":[{"name":"wp","href":"https:\/\/api.w.org\/{rel}","templated":true}]}}