{"id":12985,"date":"2021-11-24T17:30:45","date_gmt":"2021-11-24T17:30:45","guid":{"rendered":"https:\/\/pergaminho.design\/?page_id=12985"},"modified":"2021-11-24T17:30:45","modified_gmt":"2021-11-24T17:30:45","slug":"solicitar-orcamento","status":"publish","type":"page","link":"https:\/\/pergaminho.design\/es\/solicitar-orcamento\/","title":{"rendered":"Solicitar Or\u00e7amento"},"content":{"rendered":"\t\t<div data-elementor-type=\"wp-page\" data-elementor-id=\"12985\" class=\"elementor elementor-12985\" data-elementor-post-type=\"page\">\n\t\t\t\t\t\t<section class=\"wd-negative-gap elementor-section elementor-top-section elementor-element elementor-element-994cc73 wd-section-stretch elementor-section-boxed elementor-section-height-default elementor-section-height-default\" data-id=\"994cc73\" data-element_type=\"section\" data-e-type=\"section\" data-settings=\"{&quot;background_background&quot;:&quot;classic&quot;}\">\n\t\t\t\t\t\t<div class=\"elementor-container elementor-column-gap-default\">\n\t\t\t\t\t<div class=\"elementor-column elementor-col-100 elementor-top-column elementor-element elementor-element-320ffac\" data-id=\"320ffac\" data-element_type=\"column\" data-e-type=\"column\">\n\t\t\t<div class=\"elementor-widget-wrap elementor-element-populated\">\n\t\t\t\t\t\t<div class=\"elementor-element elementor-element-3aea892 wd-width-100 elementor-widget elementor-widget-wd_title\" data-id=\"3aea892\" data-element_type=\"widget\" data-e-type=\"widget\" data-widget_type=\"wd_title.default\">\n\t\t\t\t<div class=\"elementor-widget-container\">\n\t\t\t\t\t\t\t<div class=\"title-wrapper wd-set-mb reset-last-child wd-title-color-primary wd-title-style-default wd-title-size-large text-center\">\n\n\t\t\t\n\t\t\t<div class=\"liner-continer\">\n\t\t\t\t<h1 class=\"woodmart-title-container title wd-fontsize-xxl\">SOLICITAR OR\u00c7AMENTO<\/h1> \n\t\t\t\t\t\t\t<\/div>\n\n\t\t\t\t\t\t\t<div class=\"title-after_title reset-last-child wd-fontsize-s\">\n\t\t\t\t\tEstamos aqui para tornar o seu dia perfeito!\t\t\t\t<\/div>\n\t\t\t\t\t<\/div>\n\t\t\t\t\t\t<\/div>\n\t\t\t\t<\/div>\n\t\t\t\t\t<\/div>\n\t\t<\/div>\n\t\t\t\t\t<\/div>\n\t\t<\/section>\n\t\t\t\t<section class=\"wd-negative-gap elementor-section elementor-top-section elementor-element elementor-element-4385017 elementor-section-boxed elementor-section-height-default elementor-section-height-default\" data-id=\"4385017\" data-element_type=\"section\" data-e-type=\"section\">\n\t\t\t\t\t\t<div class=\"elementor-container elementor-column-gap-default\">\n\t\t\t\t\t<div class=\"elementor-column elementor-col-50 elementor-top-column elementor-element elementor-element-5096115\" data-id=\"5096115\" data-element_type=\"column\" data-e-type=\"column\">\n\t\t\t<div class=\"elementor-widget-wrap elementor-element-populated\">\n\t\t\t\t\t\t<div class=\"elementor-element elementor-element-4462393 wd-width-100 elementor-widget elementor-widget-wd_title\" data-id=\"4462393\" data-element_type=\"widget\" data-e-type=\"widget\" data-widget_type=\"wd_title.default\">\n\t\t\t\t<div class=\"elementor-widget-container\">\n\t\t\t\t\t\t\t<div class=\"title-wrapper wd-set-mb reset-last-child wd-title-color-default wd-title-style-bordered wd-title-size-default text-left\">\n\n\t\t\t\n\t\t\t<div class=\"liner-continer\">\n\t\t\t\t<h4 class=\"woodmart-title-container title wd-fontsize-l\">PEDIDO DE OR\u00c7EMENTO<\/h4> \n\t\t\t\t\t\t\t<\/div>\n\n\t\t\t\t\t<\/div>\n\t\t\t\t\t\t<\/div>\n\t\t\t\t<\/div>\n\t\t\t\t<div class=\"elementor-element elementor-element-c0c96f4 color-scheme-inherit text-left elementor-widget elementor-widget-text-editor\" data-id=\"c0c96f4\" data-element_type=\"widget\" data-e-type=\"widget\" data-widget_type=\"text-editor.default\">\n\t\t\t\t<div class=\"elementor-widget-container\">\n\t\t\t\t\t\t\t\t\t<p>Oferecemos um servi\u00e7o de personaliza\u00e7\u00e3o individual de convites de casamento e outros suportes que refletem o gosto de cada casal, ajudando-os a tornar o seu dia \u00fanico e ainda mais especial.<\/p><p>Gostamos de dar todo nosso carinho a cada novo sonho, trabalhando sempre com gosto pelo detalhe na busca pela perfei\u00e7\u00e3o, estando ao lado dos nossos clientes desde o in\u00edcio do processo criativo.<\/p><p>Devido \u00e0 forma como trabalhamos cada projeto, temos um n\u00famero limitado de sonhos que podemos realizar.<\/p><p>Preencham o nosso formul\u00e1rio para que possamos apresentar os nossos or\u00e7amentos e disponibilidade.<\/p>\t\t\t\t\t\t\t\t<\/div>\n\t\t\t\t<\/div>\n\t\t\t\t<div class=\"elementor-element elementor-element-aead49b elementor-button-align-stretch elementor-widget elementor-widget-form\" data-id=\"aead49b\" data-element_type=\"widget\" data-e-type=\"widget\" data-settings=\"{&quot;step_next_label&quot;:&quot;Next&quot;,&quot;step_previous_label&quot;:&quot;Anterior&quot;,&quot;button_width&quot;:&quot;100&quot;,&quot;step_type&quot;:&quot;number_text&quot;,&quot;step_icon_shape&quot;:&quot;circle&quot;}\" data-widget_type=\"form.default\">\n\t\t\t\t<div class=\"elementor-widget-container\">\n\t\t\t\t\t\t\t<form class=\"elementor-form\" method=\"post\" name=\"Pedido de Or\u00e7amento\" aria-label=\"Pedido de Or\u00e7amento\">\n\t\t\t<input type=\"hidden\" name=\"post_id\" value=\"12985\"\/>\n\t\t\t<input type=\"hidden\" name=\"form_id\" value=\"aead49b\"\/>\n\t\t\t<input type=\"hidden\" name=\"referer_title\" value=\"Solicitar Or\u00e7amento - Pergaminho Design\" \/>\n\n\t\t\t\t\t\t\t<input type=\"hidden\" name=\"queried_id\" value=\"12985\"\/>\n\t\t\t\n\t\t\t<div class=\"elementor-form-fields-wrapper elementor-labels-above\">\n\t\t\t\t\t\t\t\t<div class=\"elementor-field-type-text elementor-field-group elementor-column elementor-field-group-name elementor-col-50 elementor-field-required\">\n\t\t\t\t\t\t\t\t\t\t\t\t<label for=\"form-field-name\" class=\"elementor-field-label\">\n\t\t\t\t\t\t\t\tNome\t\t\t\t\t\t\t<\/label>\n\t\t\t\t\t\t\t\t\t\t\t\t\t\t<input size=\"1\" type=\"text\" name=\"form_fields[name]\" id=\"form-field-name\" class=\"elementor-field elementor-size-sm  elementor-field-textual\" placeholder=\"Nome\" required=\"required\">\n\t\t\t\t\t\t\t\t\t\t\t<\/div>\n\t\t\t\t\t\t\t\t<div class=\"elementor-field-type-text elementor-field-group elementor-column elementor-field-group-field_2e7d652 elementor-col-50 elementor-field-required\">\n\t\t\t\t\t\t\t\t\t\t\t\t<label for=\"form-field-field_2e7d652\" class=\"elementor-field-label\">\n\t\t\t\t\t\t\t\tApelido\t\t\t\t\t\t\t<\/label>\n\t\t\t\t\t\t\t\t\t\t\t\t\t\t<input size=\"1\" type=\"text\" name=\"form_fields[field_2e7d652]\" id=\"form-field-field_2e7d652\" class=\"elementor-field elementor-size-sm  elementor-field-textual\" placeholder=\"Apelido\" required=\"required\">\n\t\t\t\t\t\t\t\t\t\t\t<\/div>\n\t\t\t\t\t\t\t\t<div class=\"elementor-field-type-email elementor-field-group elementor-column elementor-field-group-email elementor-col-50 elementor-field-required\">\n\t\t\t\t\t\t\t\t\t\t\t\t<label for=\"form-field-email\" class=\"elementor-field-label\">\n\t\t\t\t\t\t\t\tEmail\t\t\t\t\t\t\t<\/label>\n\t\t\t\t\t\t\t\t\t\t\t\t\t\t<input size=\"1\" type=\"email\" name=\"form_fields[email]\" id=\"form-field-email\" class=\"elementor-field elementor-size-sm  elementor-field-textual\" placeholder=\"O teu email\" required=\"required\">\n\t\t\t\t\t\t\t\t\t\t\t<\/div>\n\t\t\t\t\t\t\t\t<div class=\"elementor-field-type-tel elementor-field-group elementor-column elementor-field-group-field_383926f elementor-col-50 elementor-field-required\">\n\t\t\t\t\t\t\t\t\t\t\t\t<label for=\"form-field-field_383926f\" class=\"elementor-field-label\">\n\t\t\t\t\t\t\t\tTelem\u00f3vel\t\t\t\t\t\t\t<\/label>\n\t\t\t\t\t\t\t\t<input size=\"1\" type=\"tel\" name=\"form_fields[field_383926f]\" id=\"form-field-field_383926f\" class=\"elementor-field elementor-size-sm  elementor-field-textual\" placeholder=\"Um contacto telef\u00f3nico\" required=\"required\" pattern=\"[0-9()#&amp;+*-=.]+\" title=\"Only numbers and phone characters (#, -, *, etc) are accepted.\">\n\n\t\t\t\t\t\t<\/div>\n\t\t\t\t\t\t\t\t<div class=\"elementor-field-type-text elementor-field-group elementor-column elementor-field-group-field_5d6faa6 elementor-col-50\">\n\t\t\t\t\t\t\t\t\t\t\t\t<label for=\"form-field-field_5d6faa6\" class=\"elementor-field-label\">\n\t\t\t\t\t\t\t\tQuantidades necess\u00e1rias\t\t\t\t\t\t\t<\/label>\n\t\t\t\t\t\t\t\t\t\t\t\t\t\t<input size=\"1\" type=\"text\" name=\"form_fields[field_5d6faa6]\" id=\"form-field-field_5d6faa6\" class=\"elementor-field elementor-size-sm  elementor-field-textual\" placeholder=\"Da-nos uma estimativa, h\u00e1 sempre espa\u00e7o para mais um convidado!\">\n\t\t\t\t\t\t\t\t\t\t\t<\/div>\n\t\t\t\t\t\t\t\t<div class=\"elementor-field-type-text elementor-field-group elementor-column elementor-field-group-field_74f616e elementor-col-50\">\n\t\t\t\t\t\t\t\t\t\t\t\t<label for=\"form-field-field_74f616e\" class=\"elementor-field-label\">\n\t\t\t\t\t\t\t\tData da Cerim\u00f3nia\t\t\t\t\t\t\t<\/label>\n\t\t\t\t\t\t\t\t\t\t\t\t\t\t<input size=\"1\" type=\"text\" name=\"form_fields[field_74f616e]\" id=\"form-field-field_74f616e\" class=\"elementor-field elementor-size-sm  elementor-field-textual\" placeholder=\"Data da Cerim\u00f3nia\">\n\t\t\t\t\t\t\t\t\t\t\t<\/div>\n\t\t\t\t\t\t\t\t<div class=\"elementor-field-type-checkbox elementor-field-group elementor-column elementor-field-group-message elementor-col-100\">\n\t\t\t\t\t\t\t\t\t\t\t\t<label for=\"form-field-message\" class=\"elementor-field-label\">\n\t\t\t\t\t\t\t\tProduto\t\t\t\t\t\t\t<\/label>\n\t\t\t\t\t\t<div class=\"elementor-field-subgroup  \"><span class=\"elementor-field-option\"><input type=\"checkbox\" value=\"Convites de Casamento\" id=\"form-field-message-0\" name=\"form_fields[message][]\"> <label for=\"form-field-message-0\">Convites de Casamento<\/label><\/span><span class=\"elementor-field-option\"><input type=\"checkbox\" value=\"Convites dos Padrinhos\" id=\"form-field-message-1\" name=\"form_fields[message][]\"> <label for=\"form-field-message-1\">Convites dos Padrinhos<\/label><\/span><span class=\"elementor-field-option\"><input type=\"checkbox\" value=\"Caixa das Alian\u00e7as\" id=\"form-field-message-2\" name=\"form_fields[message][]\"> <label for=\"form-field-message-2\">Caixa das Alian\u00e7as<\/label><\/span><span class=\"elementor-field-option\"><input type=\"checkbox\" value=\"Missais\" id=\"form-field-message-3\" name=\"form_fields[message][]\"> <label for=\"form-field-message-3\">Missais<\/label><\/span><span class=\"elementor-field-option\"><input type=\"checkbox\" value=\"Cones de Arroz\" id=\"form-field-message-4\" name=\"form_fields[message][]\"> <label for=\"form-field-message-4\">Cones de Arroz<\/label><\/span><span class=\"elementor-field-option\"><input type=\"checkbox\" value=\"Ementas\" id=\"form-field-message-5\" name=\"form_fields[message][]\"> <label for=\"form-field-message-5\">Ementas<\/label><\/span><span class=\"elementor-field-option\"><input type=\"checkbox\" value=\"Placas de Boas Vindas\" id=\"form-field-message-6\" name=\"form_fields[message][]\"> <label for=\"form-field-message-6\">Placas de Boas Vindas<\/label><\/span><span class=\"elementor-field-option\"><input type=\"checkbox\" value=\"Seating Plan\" id=\"form-field-message-7\" name=\"form_fields[message][]\"> <label for=\"form-field-message-7\">Seating Plan<\/label><\/span><span class=\"elementor-field-option\"><input type=\"checkbox\" value=\"Marcadores de Mesa\" id=\"form-field-message-8\" name=\"form_fields[message][]\"> <label for=\"form-field-message-8\">Marcadores de Mesa<\/label><\/span><span class=\"elementor-field-option\"><input type=\"checkbox\" value=\"Marcadores de Lugar\" id=\"form-field-message-9\" name=\"form_fields[message][]\"> <label for=\"form-field-message-9\">Marcadores de Lugar<\/label><\/span><span class=\"elementor-field-option\"><input type=\"checkbox\" value=\"Cart\u00f5es de Agradecimento\" id=\"form-field-message-10\" name=\"form_fields[message][]\"> <label for=\"form-field-message-10\">Cart\u00f5es de Agradecimento<\/label><\/span><span class=\"elementor-field-option\"><input type=\"checkbox\" value=\"Livro de Honra\" id=\"form-field-message-11\" name=\"form_fields[message][]\"> <label for=\"form-field-message-11\">Livro de Honra<\/label><\/span><span class=\"elementor-field-option\"><input type=\"checkbox\" value=\"Topo de Bolo\" id=\"form-field-message-12\" name=\"form_fields[message][]\"> <label for=\"form-field-message-12\">Topo de Bolo<\/label><\/span><span class=\"elementor-field-option\"><input type=\"checkbox\" value=\"Etiquetas\" id=\"form-field-message-13\" name=\"form_fields[message][]\"> <label for=\"form-field-message-13\">Etiquetas<\/label><\/span><span class=\"elementor-field-option\"><input type=\"checkbox\" value=\"Outro\" id=\"form-field-message-14\" name=\"form_fields[message][]\"> <label for=\"form-field-message-14\">Outro<\/label><\/span><\/div>\t\t\t\t<\/div>\n\t\t\t\t\t\t\t\t<div class=\"elementor-field-type-textarea elementor-field-group elementor-column elementor-field-group-field_916d2de elementor-col-100 elementor-field-required\">\n\t\t\t\t\t\t\t\t\t\t\t\t<label for=\"form-field-field_916d2de\" class=\"elementor-field-label\">\n\t\t\t\t\t\t\t\tMensagem\t\t\t\t\t\t\t<\/label>\n\t\t\t\t\t\t<textarea class=\"elementor-field-textual elementor-field  elementor-size-sm\" name=\"form_fields[field_916d2de]\" id=\"form-field-field_916d2de\" rows=\"6\" placeholder=\"Conta-nos as vossas ideias, para que vos possamos ajudar\" required=\"required\"><\/textarea>\t\t\t\t<\/div>\n\t\t\t\t\t\t\t\t<div class=\"elementor-field-type-upload elementor-field-group elementor-column elementor-field-group-field_d12d343 elementor-col-100\">\n\t\t\t\t\t\t\t\t\t\t\t\t<label for=\"form-field-field_d12d343\" class=\"elementor-field-label\">\n\t\t\t\t\t\t\t\tCarregue aqui as suas imagens de inspira\u00e7\u00e3o.\t\t\t\t\t\t\t<\/label>\n\t\t\t\t\t\t\t\t<input type=\"file\" name=\"form_fields[field_d12d343][]\" id=\"form-field-field_d12d343\" class=\"elementor-field elementor-size-sm  elementor-upload-field\" multiple=\"multiple\" data-maxsize=\"20\" data-maxsize-message=\"This file exceeds the maximum allowed size.\">\n\n\t\t\t\t\t\t<\/div>\n\t\t\t\t\t\t\t\t<div class=\"elementor-field-group elementor-column elementor-field-type-submit elementor-col-100 e-form__buttons\">\n\t\t\t\t\t<button class=\"elementor-button elementor-size-sm\" type=\"submit\">\n\t\t\t\t\t\t<span class=\"elementor-button-content-wrapper\">\n\t\t\t\t\t\t\t\t\t\t\t\t\t\t\t\t\t\t\t\t\t\t<span class=\"elementor-button-text\">Enviar<\/span>\n\t\t\t\t\t\t\t\t\t\t\t\t\t<\/span>\n\t\t\t\t\t<\/button>\n\t\t\t\t<\/div>\n\t\t\t<\/div>\n\t\t<\/form>\n\t\t\t\t\t\t<\/div>\n\t\t\t\t<\/div>\n\t\t\t\t\t<\/div>\n\t\t<\/div>\n\t\t\t\t<div class=\"elementor-column elementor-col-50 elementor-top-column elementor-element elementor-element-1836331\" data-id=\"1836331\" data-element_type=\"column\" data-e-type=\"column\">\n\t\t\t<div class=\"elementor-widget-wrap elementor-element-populated\">\n\t\t\t\t\t\t<div class=\"elementor-element elementor-element-1583976 wd-width-100 elementor-widget elementor-widget-wd_title\" data-id=\"1583976\" data-element_type=\"widget\" data-e-type=\"widget\" data-widget_type=\"wd_title.default\">\n\t\t\t\t<div class=\"elementor-widget-container\">\n\t\t\t\t\t\t\t<div class=\"title-wrapper wd-set-mb reset-last-child wd-title-color-default wd-title-style-bordered wd-title-size-default text-left\">\n\n\t\t\t\n\t\t\t<div class=\"liner-continer\">\n\t\t\t\t<h4 class=\"woodmart-title-container title wd-fontsize-l\">CONTACTOS<\/h4> \n\t\t\t\t\t\t\t<\/div>\n\n\t\t\t\t\t<\/div>\n\t\t\t\t\t\t<\/div>\n\t\t\t\t<\/div>\n\t\t\t\t<section class=\"wd-negative-gap elementor-section elementor-inner-section elementor-element elementor-element-2631236 elementor-section-boxed elementor-section-height-default elementor-section-height-default\" data-id=\"2631236\" data-element_type=\"section\" data-e-type=\"section\">\n\t\t\t\t\t\t<div class=\"elementor-container elementor-column-gap-extended\">\n\t\t\t\t\t<div class=\"elementor-column elementor-col-100 elementor-inner-column elementor-element elementor-element-381994\" data-id=\"381994\" data-element_type=\"column\" data-e-type=\"column\">\n\t\t\t<div class=\"elementor-widget-wrap elementor-element-populated\">\n\t\t\t\t\t\t<div class=\"elementor-element elementor-element-0005637 elementor-widget elementor-widget-wd_infobox\" data-id=\"0005637\" data-element_type=\"widget\" data-e-type=\"widget\" data-widget_type=\"wd_infobox.default\">\n\t\t\t\t<div class=\"elementor-widget-container\">\n\t\t\t\t\t\t\t<div class=\"info-box-wrapper\">\n\t\t\t<div class=\"wd-info-box text-left box-icon-align-left box-style-base color-scheme- wd-items-top\">\n\t\t\t\t\t\t\t\t\t<div class=\"box-icon-wrapper  box-with-icon box-icon-simple\">\n\t\t\t\t\t\t<div class=\"info-box-icon\">\n\t\t\t\t\t\t\t\t\t\t\t\t\t\t\t<img loading=\"lazy\" decoding=\"async\" width=\"30\" height=\"30\" src=\"https:\/\/pergaminho.design\/wp-content\/uploads\/2021\/04\/phone-call-2-30x30.png\" class=\"attachment-30x30 size-30x30\" alt=\"Icon de liga\u00e7\u00e3o telefonica preto em fundo branco\" srcset=\"https:\/\/pergaminho.design\/wp-content\/uploads\/2021\/04\/phone-call-2-30x30.png 30w, https:\/\/pergaminho.design\/wp-content\/uploads\/2021\/04\/phone-call-2-150x150.png 150w, https:\/\/pergaminho.design\/wp-content\/uploads\/2021\/04\/phone-call-2-300x300.png 300w, https:\/\/pergaminho.design\/wp-content\/uploads\/2021\/04\/phone-call-2.png 512w\" sizes=\"auto, (max-width: 30px) 100vw, 30px\" \/>\t\t\t\t\t\t\t\t\t\t\t\t\t<\/div>\n\t\t\t\t\t<\/div>\n\t\t\t\t\n\t\t\t\t<div class=\"info-box-content\">\n\t\t\t\t\t\n\t\t\t\t\t\n\t\t\t\t\t<div class=\"info-box-inner reset-last-child\"data-elementor-setting-key=\"content\"><p>(+351) 910 574 497<\/p>\n<\/div>\n\n\t\t\t\t\t\t\t\t\t<\/div>\n\n\t\t\t\t\t\t\t<\/div>\n\t\t<\/div>\n\t\t\t\t\t\t<\/div>\n\t\t\t\t<\/div>\n\t\t\t\t<div class=\"elementor-element elementor-element-bd21109 elementor-widget elementor-widget-wd_infobox\" data-id=\"bd21109\" data-element_type=\"widget\" data-e-type=\"widget\" data-widget_type=\"wd_infobox.default\">\n\t\t\t\t<div class=\"elementor-widget-container\">\n\t\t\t\t\t\t\t<div class=\"info-box-wrapper\">\n\t\t\t<div class=\"wd-info-box text-left box-icon-align-left box-style-base color-scheme- wd-items-top\">\n\t\t\t\t\t\t\t\t\t<div class=\"box-icon-wrapper  box-with-icon box-icon-simple\">\n\t\t\t\t\t\t<div class=\"info-box-icon\">\n\t\t\t\t\t\t\t\t\t\t\t\t\t\t\t<img loading=\"lazy\" decoding=\"async\" width=\"30\" height=\"30\" src=\"https:\/\/pergaminho.design\/wp-content\/uploads\/2021\/04\/whatsapp-2-30x30.png\" class=\"attachment-30x30 size-30x30\" alt=\"Icon de whatsapp preto em fundo branco\" srcset=\"https:\/\/pergaminho.design\/wp-content\/uploads\/2021\/04\/whatsapp-2-30x30.png 30w, https:\/\/pergaminho.design\/wp-content\/uploads\/2021\/04\/whatsapp-2-150x150.png 150w, https:\/\/pergaminho.design\/wp-content\/uploads\/2021\/04\/whatsapp-2-300x300.png 300w, https:\/\/pergaminho.design\/wp-content\/uploads\/2021\/04\/whatsapp-2.png 512w\" sizes=\"auto, (max-width: 30px) 100vw, 30px\" \/>\t\t\t\t\t\t\t\t\t\t\t\t\t<\/div>\n\t\t\t\t\t<\/div>\n\t\t\t\t\n\t\t\t\t<div class=\"info-box-content\">\n\t\t\t\t\t\n\t\t\t\t\t\n\t\t\t\t\t<div class=\"info-box-inner reset-last-child\"data-elementor-setting-key=\"content\"><p>(+351) 910 574 497<span style=\"font-size: 16px;\"><\/span><\/p>\n<\/div>\n\n\t\t\t\t\t\t\t\t\t<\/div>\n\n\t\t\t\t\t\t\t<\/div>\n\t\t<\/div>\n\t\t\t\t\t\t<\/div>\n\t\t\t\t<\/div>\n\t\t\t\t<div class=\"elementor-element elementor-element-4475289 elementor-widget elementor-widget-wd_infobox\" data-id=\"4475289\" data-element_type=\"widget\" data-e-type=\"widget\" data-widget_type=\"wd_infobox.default\">\n\t\t\t\t<div class=\"elementor-widget-container\">\n\t\t\t\t\t\t\t<div class=\"info-box-wrapper\">\n\t\t\t<div class=\"wd-info-box text-left box-icon-align-left box-style-base color-scheme- wd-items-top\">\n\t\t\t\t\t\t\t\t\t<div class=\"box-icon-wrapper  box-with-icon box-icon-simple\">\n\t\t\t\t\t\t<div class=\"info-box-icon\">\n\t\t\t\t\t\t\t\t\t\t\t\t\t\t\t<img loading=\"lazy\" decoding=\"async\" width=\"30\" height=\"30\" src=\"https:\/\/pergaminho.design\/wp-content\/uploads\/2021\/04\/mail-1-30x30.png\" class=\"attachment-30x30 size-30x30\" alt=\"Icon de mensagem preto em fundo branco\" srcset=\"https:\/\/pergaminho.design\/wp-content\/uploads\/2021\/04\/mail-1-30x30.png 30w, https:\/\/pergaminho.design\/wp-content\/uploads\/2021\/04\/mail-1-150x150.png 150w, https:\/\/pergaminho.design\/wp-content\/uploads\/2021\/04\/mail-1-300x300.png 300w, https:\/\/pergaminho.design\/wp-content\/uploads\/2021\/04\/mail-1.png 512w\" sizes=\"auto, (max-width: 30px) 100vw, 30px\" \/>\t\t\t\t\t\t\t\t\t\t\t\t\t<\/div>\n\t\t\t\t\t<\/div>\n\t\t\t\t\n\t\t\t\t<div class=\"info-box-content\">\n\t\t\t\t\t\n\t\t\t\t\t\n\t\t\t\t\t<div class=\"info-box-inner reset-last-child\"data-elementor-setting-key=\"content\"><p>joana@pergaminho.design<\/p>\n<\/div>\n\n\t\t\t\t\t\t\t\t\t<\/div>\n\n\t\t\t\t\t\t\t<\/div>\n\t\t<\/div>\n\t\t\t\t\t\t<\/div>\n\t\t\t\t<\/div>\n\t\t\t\t<div class=\"elementor-element elementor-element-5801440 elementor-widget elementor-widget-wd_infobox\" data-id=\"5801440\" data-element_type=\"widget\" data-e-type=\"widget\" data-widget_type=\"wd_infobox.default\">\n\t\t\t\t<div class=\"elementor-widget-container\">\n\t\t\t\t\t\t\t<div class=\"info-box-wrapper\">\n\t\t\t<div class=\"wd-info-box text-left box-icon-align-left box-style-base color-scheme- wd-items-top\">\n\t\t\t\t\t\t\t\t\t<div class=\"box-icon-wrapper  box-with-icon box-icon-simple\">\n\t\t\t\t\t\t<div class=\"info-box-icon\">\n\t\t\t\t\t\t\t\t\t\t\t\t\t\t\t<img loading=\"lazy\" decoding=\"async\" width=\"30\" height=\"30\" src=\"https:\/\/pergaminho.design\/wp-content\/uploads\/2017\/06\/pin-30x30.png\" class=\"attachment-30x30 size-30x30\" alt=\"Icon de localiza\u00e7\u00e3o preto sem fundo\" srcset=\"https:\/\/pergaminho.design\/wp-content\/uploads\/2017\/06\/pin-30x30.png 30w, https:\/\/pergaminho.design\/wp-content\/uploads\/2017\/06\/pin-150x150.png 150w, https:\/\/pergaminho.design\/wp-content\/uploads\/2017\/06\/pin-300x300.png 300w, https:\/\/pergaminho.design\/wp-content\/uploads\/2017\/06\/pin.png 512w\" sizes=\"auto, (max-width: 30px) 100vw, 30px\" \/>\t\t\t\t\t\t\t\t\t\t\t\t\t<\/div>\n\t\t\t\t\t<\/div>\n\t\t\t\t\n\t\t\t\t<div class=\"info-box-content\">\n\t\t\t\t\t\n\t\t\t\t\t\n\t\t\t\t\t<div class=\"info-box-inner reset-last-child\"data-elementor-setting-key=\"content\"><p>Rua Dr. Joaquim Cotta, 44 \u2013 1\u00baD, 4560-506 - Penafiel, Porto, Portugal<\/p>\n<\/div>\n\n\t\t\t\t\t\t\t\t\t<\/div>\n\n\t\t\t\t\t\t\t<\/div>\n\t\t<\/div>\n\t\t\t\t\t\t<\/div>\n\t\t\t\t<\/div>\n\t\t\t\t\t<\/div>\n\t\t<\/div>\n\t\t\t\t\t<\/div>\n\t\t<\/section>\n\t\t\t\t<div class=\"elementor-element elementor-element-475763 color-scheme-inherit text-left elementor-widget elementor-widget-text-editor\" data-id=\"475763\" data-element_type=\"widget\" data-e-type=\"widget\" data-widget_type=\"text-editor.default\">\n\t\t\t\t<div class=\"elementor-widget-container\">\n\t\t\t\t\t\t\t\t\t<span style=\"color: #333333;\"><strong>Agende uma reuni\u00e3o e conte-nos um pouco mais sobre a vossa hist\u00f3ria, queremos ajudar a tornar o vosso dia ainda mais especial.\n\t\t\t\t\t\t\t\t<\/div>\n\t\t\t\t<\/div>\n\t\t\t\t<section class=\"elementor-section elementor-inner-section elementor-element elementor-element-04a0c02 elementor-section-content-middle elementor-section-full_width elementor-section-height-default elementor-section-height-default\" data-id=\"04a0c02\" data-element_type=\"section\" data-e-type=\"section\">\n\t\t\t\t\t\t<div class=\"elementor-container elementor-column-gap-default\">\n\t\t\t\t\t<div class=\"elementor-column elementor-col-100 elementor-inner-column elementor-element elementor-element-30892c3\" data-id=\"30892c3\" data-element_type=\"column\" data-e-type=\"column\">\n\t\t\t<div class=\"elementor-widget-wrap elementor-element-populated\">\n\t\t\t\t\t\t<div class=\"elementor-element elementor-element-2bd1ea8 botao_linha elementor-widget elementor-widget-wd_button\" data-id=\"2bd1ea8\" data-element_type=\"widget\" data-e-type=\"widget\" data-widget_type=\"wd_button.default\">\n\t\t\t\t<div class=\"elementor-widget-container\">\n\t\t\t\t\t\t\t<div class=\"wd-button-wrapper text-left\" >\n\t\t\t<a class=\"btn btn-style-default btn-shape-rectangle btn-size-default btn-full-width btn-icon-pos-right\" href=\"https:\/\/calendly.com\/pergaminho\/30?back=1&#038;month=2021-06\" target=\"_blank\" rel=\"noopener\">\n\t\t\t\t<span class=\"wd-btn-text\" data-elementor-setting-key=\"text\">\n\t\t\t\t\tREUNI\u00c3O ONLINE\t\t\t\t<\/span>\n\n\t\t\t\t\t\t\t<\/a>\n\t\t<\/div>\n\t\t\t\t\t\t<\/div>\n\t\t\t\t<\/div>\n\t\t\t\t<div class=\"elementor-element elementor-element-6b3873c elementor-widget elementor-widget-wd_popup\" data-id=\"6b3873c\" data-element_type=\"widget\" data-e-type=\"widget\" data-widget_type=\"wd_popup.default\">\n\t\t\t\t<div class=\"elementor-widget-container\">\n\t\t\t\t\t\t\t\t\t<div class=\"wd-button-wrapper text-left\" >\n\t\t\t<a class=\"btn btn-style-default btn-shape-rectangle btn-size-default wd-open-popup btn-color-primary btn-full-width btn-icon-pos-right\"  href=\"#317\">\n\t\t\t\t<span class=\"wd-btn-text\" data-elementor-setting-key=\"text\">\n\t\t\t\t\tREUNI\u00c3O PRESENCIAL\t\t\t\t<\/span>\n\n\t\t\t\t\t\t\t<\/a>\n\t\t<\/div>\n\t\t\t\t\t\t\t<div id=\"317\" class=\"mfp-hide wd-popup wd-popup-element wd-scroll-content wd-entry-content\" style=\"--wd-popup-width:810px;\">\n\t\t\t\t\t\t\t<\/div>\n\t\t\t\t\t\t\t\t<\/div>\n\t\t\t\t<\/div>\n\t\t\t\t\t<\/div>\n\t\t<\/div>\n\t\t\t\t\t<\/div>\n\t\t<\/section>\n\t\t\t\t\t<\/div>\n\t\t<\/div>\n\t\t\t\t\t<\/div>\n\t\t<\/section>\n\t\t\t\t<\/div>\n\t\t","protected":false},"excerpt":{"rendered":"<p>SOLICITAR OR\u00c7AMENTO Estamos aqui para tornar o seu dia perfeito! PEDIDO DE OR\u00c7EMENTO Oferecemos um servi\u00e7o de personaliza\u00e7\u00e3o individual de<\/p>","protected":false},"author":1,"featured_media":9779,"parent":0,"menu_order":0,"comment_status":"closed","ping_status":"closed","template":"","meta":{"_acf_changed":false,"footnotes":""},"class_list":["post-12985","page","type-page","status-publish","has-post-thumbnail","hentry"],"acf":[],"_links":{"self":[{"href":"https:\/\/pergaminho.design\/es\/wp-json\/wp\/v2\/pages\/12985","targetHints":{"allow":["GET"]}}],"collection":[{"href":"https:\/\/pergaminho.design\/es\/wp-json\/wp\/v2\/pages"}],"about":[{"href":"https:\/\/pergaminho.design\/es\/wp-json\/wp\/v2\/types\/page"}],"author":[{"embeddable":true,"href":"https:\/\/pergaminho.design\/es\/wp-json\/wp\/v2\/users\/1"}],"replies":[{"embeddable":true,"href":"https:\/\/pergaminho.design\/es\/wp-json\/wp\/v2\/comments?post=12985"}],"version-history":[{"count":0,"href":"https:\/\/pergaminho.design\/es\/wp-json\/wp\/v2\/pages\/12985\/revisions"}],"wp:featuredmedia":[{"embeddable":true,"href":"https:\/\/pergaminho.design\/es\/wp-json\/wp\/v2\/media\/9779"}],"wp:attachment":[{"href":"https:\/\/pergaminho.design\/es\/wp-json\/wp\/v2\/media?parent=12985"}],"curies":[{"name":"wp","href":"https:\/\/api.w.org\/{rel}","templated":true}]}}