{"id":8514,"date":"2021-02-03T16:45:17","date_gmt":"2021-02-03T16:45:17","guid":{"rendered":"http:\/\/pergaminho-design.local\/product\/lacre-violeta\/"},"modified":"2025-04-23T12:24:28","modified_gmt":"2025-04-23T12:24:28","slug":"lacre-violeta","status":"publish","type":"product","link":"https:\/\/pergaminho.design\/en\/product\/lacre-violeta\/","title":{"rendered":"Lacre Violeta"},"content":{"rendered":"<p><strong>Tempo de produ\u00e7\u00e3o:<\/strong> 1 a 2 Dias \u00fateis<br \/>\n<strong>Cont\u00e9m:<\/strong> 4 Barras de lacre<br \/>\n<strong>Dimens\u00f5es:<\/strong> 14 cm de comprimento x 10mm de di\u00e2metro<br \/>\n<strong>Rendimento:<\/strong> 1 barra aprox. 12 lacre com di\u00e2metro de 25mm.<\/p>\n<p>&nbsp;<\/p>","protected":false},"excerpt":{"rendered":"<p>As barras de lacre violeta servem para criar selos decorativos personalizados de uma forma cl\u00e1ssica e elegante. O lacre pode ser utilizado em v\u00e1rios elementos, tais como, cart\u00f5es, convites, envelopes entre outros, \u00e9 o ideal para casamentos, eventos, monogramas, marcas e log\u00f3tipos.<\/p>","protected":false},"featured_media":9993,"comment_status":"closed","ping_status":"closed","template":"","meta":{"_acf_changed":false},"product_brand":[],"product_cat":[191,306],"product_tag":[229,230,232,237,239,279,149,222],"class_list":{"0":"post-8514","1":"product","2":"type-product","3":"status-publish","4":"has-post-thumbnail","6":"product_cat-envelopes-e-lacres","7":"product_cat-lacres","8":"product_tag-lacre-de-cera","9":"product_tag-lacre-decorativo","10":"product_tag-lacre-personalizado","11":"product_tag-lacre-violeta","12":"product_tag-lacres-e-acessorios","13":"product_tag-selos-de-lacre","14":"product_tag-barras-de-lacre","15":"product_tag-lacre","17":"first","18":"instock","19":"shipping-taxable","20":"purchasable","21":"product-type-simple"},"acf":[],"tiered_pricing_type":"fixed","tiered_pricing_fixed_rules":[],"tiered_pricing_product_settings":{"layout":"default","base_unit_name":{"singular":null,"plural":null},"default_variation":null},"tiered_pricing_minimum_quantity":null,"tiered_pricing_roles_data":[],"tiered_pricing_percentage_rules":[],"_links":{"self":[{"href":"https:\/\/pergaminho.design\/en\/wp-json\/wp\/v2\/product\/8514","targetHints":{"allow":["GET"]}}],"collection":[{"href":"https:\/\/pergaminho.design\/en\/wp-json\/wp\/v2\/product"}],"about":[{"href":"https:\/\/pergaminho.design\/en\/wp-json\/wp\/v2\/types\/product"}],"replies":[{"embeddable":true,"href":"https:\/\/pergaminho.design\/en\/wp-json\/wp\/v2\/comments?post=8514"}],"version-history":[{"count":1,"href":"https:\/\/pergaminho.design\/en\/wp-json\/wp\/v2\/product\/8514\/revisions"}],"predecessor-version":[{"id":26969,"href":"https:\/\/pergaminho.design\/en\/wp-json\/wp\/v2\/product\/8514\/revisions\/26969"}],"wp:featuredmedia":[{"embeddable":true,"href":"https:\/\/pergaminho.design\/en\/wp-json\/wp\/v2\/media\/9993"}],"wp:attachment":[{"href":"https:\/\/pergaminho.design\/en\/wp-json\/wp\/v2\/media?parent=8514"}],"wp:term":[{"taxonomy":"product_brand","embeddable":true,"href":"https:\/\/pergaminho.design\/en\/wp-json\/wp\/v2\/product_brand?post=8514"},{"taxonomy":"product_cat","embeddable":true,"href":"https:\/\/pergaminho.design\/en\/wp-json\/wp\/v2\/product_cat?post=8514"},{"taxonomy":"product_tag","embeddable":true,"href":"https:\/\/pergaminho.design\/en\/wp-json\/wp\/v2\/product_tag?post=8514"}],"curies":[{"name":"wp","href":"https:\/\/api.w.org\/{rel}","templated":true}]}}