{"id":8513,"date":"2021-02-03T16:43:07","date_gmt":"2021-02-03T16:43:07","guid":{"rendered":"http:\/\/pergaminho-design.local\/product\/lacre-amarelo\/"},"modified":"2025-04-23T12:24:22","modified_gmt":"2025-04-23T12:24:22","slug":"lacre-amarelo","status":"publish","type":"product","link":"https:\/\/pergaminho.design\/en\/product\/lacre-amarelo\/","title":{"rendered":"Lacre Amarelo"},"content":{"rendered":"<p><strong>Tempo de produ\u00e7\u00e3o:<\/strong> 1 a 2 Dias \u00fateis<br \/>\n<strong>Cont\u00e9m:<\/strong> 4 Barras de lacre<br \/>\n<strong>Dimens\u00f5es:<\/strong> 14 cm de comprimento x 10mm de di\u00e2metro<br \/>\n<strong>Rendimento:<\/strong> 1 barra aprox. 12 lacre com di\u00e2metro de 25mm.<\/p>\n<p>&nbsp;<\/p>","protected":false},"excerpt":{"rendered":"<p>As barras de lacre amarelo servem para criar selos decorativos personalizados de uma forma cl\u00e1ssica e elegante. O lacre pode ser utilizado em v\u00e1rios elementos, tais como, cart\u00f5es, convites, envelopes entre outros, \u00e9 o ideal para casamentos, eventos, monogramas, marcas e log\u00f3tipos.<\/p>","protected":false},"featured_media":9989,"comment_status":"closed","ping_status":"closed","template":"","meta":{"_acf_changed":false},"product_brand":[],"product_cat":[191,306],"product_tag":[229,230,232,239,279,149,222,223],"class_list":{"0":"post-8513","1":"product","2":"type-product","3":"status-publish","4":"has-post-thumbnail","6":"product_cat-envelopes-e-lacres","7":"product_cat-lacres","8":"product_tag-lacre-de-cera","9":"product_tag-lacre-decorativo","10":"product_tag-lacre-personalizado","11":"product_tag-lacres-e-acessorios","12":"product_tag-selos-de-lacre","13":"product_tag-barras-de-lacre","14":"product_tag-lacre","15":"product_tag-lacre-amarelo","17":"first","18":"instock","19":"shipping-taxable","20":"purchasable","21":"product-type-simple"},"acf":[],"tiered_pricing_type":"fixed","tiered_pricing_fixed_rules":[],"tiered_pricing_product_settings":{"layout":"default","base_unit_name":{"singular":null,"plural":null},"default_variation":null},"tiered_pricing_minimum_quantity":null,"tiered_pricing_roles_data":[],"tiered_pricing_percentage_rules":[],"_links":{"self":[{"href":"https:\/\/pergaminho.design\/en\/wp-json\/wp\/v2\/product\/8513","targetHints":{"allow":["GET"]}}],"collection":[{"href":"https:\/\/pergaminho.design\/en\/wp-json\/wp\/v2\/product"}],"about":[{"href":"https:\/\/pergaminho.design\/en\/wp-json\/wp\/v2\/types\/product"}],"replies":[{"embeddable":true,"href":"https:\/\/pergaminho.design\/en\/wp-json\/wp\/v2\/comments?post=8513"}],"version-history":[{"count":1,"href":"https:\/\/pergaminho.design\/en\/wp-json\/wp\/v2\/product\/8513\/revisions"}],"predecessor-version":[{"id":26944,"href":"https:\/\/pergaminho.design\/en\/wp-json\/wp\/v2\/product\/8513\/revisions\/26944"}],"wp:featuredmedia":[{"embeddable":true,"href":"https:\/\/pergaminho.design\/en\/wp-json\/wp\/v2\/media\/9989"}],"wp:attachment":[{"href":"https:\/\/pergaminho.design\/en\/wp-json\/wp\/v2\/media?parent=8513"}],"wp:term":[{"taxonomy":"product_brand","embeddable":true,"href":"https:\/\/pergaminho.design\/en\/wp-json\/wp\/v2\/product_brand?post=8513"},{"taxonomy":"product_cat","embeddable":true,"href":"https:\/\/pergaminho.design\/en\/wp-json\/wp\/v2\/product_cat?post=8513"},{"taxonomy":"product_tag","embeddable":true,"href":"https:\/\/pergaminho.design\/en\/wp-json\/wp\/v2\/product_tag?post=8513"}],"curies":[{"name":"wp","href":"https:\/\/api.w.org\/{rel}","templated":true}]}}