{"id":8503,"date":"2021-02-03T16:29:57","date_gmt":"2021-02-03T16:29:57","guid":{"rendered":"http:\/\/pergaminho-design.local\/product\/lacre-preto\/"},"modified":"2025-04-23T12:23:48","modified_gmt":"2025-04-23T12:23:48","slug":"lacre-preto","status":"publish","type":"product","link":"https:\/\/pergaminho.design\/en\/product\/lacre-preto\/","title":{"rendered":"Lacre Preto"},"content":{"rendered":"<p><strong>Tempo de produ\u00e7\u00e3o:<\/strong> 1 a 2 Dias \u00fateis<br \/>\n<strong>Cont\u00e9m:<\/strong> 4 Barras de lacre<br \/>\n<strong>Dimens\u00f5es:<\/strong> 14 cm de comprimento x 10mm de di\u00e2metro<br \/>\n<strong>Rendimento:<\/strong> 1 barra aprox. 12 lacre com di\u00e2metro de 25mm.<\/p>\n<p>&nbsp;<\/p>\n<p>&nbsp;<\/p>","protected":false},"excerpt":{"rendered":"<p>As barras de lacre preto servem para criar selos decorativos personalizados de uma forma cl\u00e1ssica e elegante. O lacre pode ser utilizado em v\u00e1rios elementos, tais como, cart\u00f5es, convites, envelopes entre outros, \u00e9 o ideal para casamentos, eventos, monogramas, marcas e log\u00f3tipos.<\/p>","protected":false},"featured_media":9961,"comment_status":"closed","ping_status":"closed","template":"","meta":{"_acf_changed":false},"product_brand":[],"product_cat":[191,306],"product_tag":[227,229,230,232,234,239,279,149,222],"class_list":{"0":"post-8503","1":"product","2":"type-product","3":"status-publish","4":"has-post-thumbnail","6":"product_cat-envelopes-e-lacres","7":"product_cat-lacres","8":"product_tag-lacre-castanho","9":"product_tag-lacre-de-cera","10":"product_tag-lacre-decorativo","11":"product_tag-lacre-personalizado","12":"product_tag-lacre-preto","13":"product_tag-lacres-e-acessorios","14":"product_tag-selos-de-lacre","15":"product_tag-barras-de-lacre","16":"product_tag-lacre","18":"first","19":"instock","20":"shipping-taxable","21":"purchasable","22":"product-type-simple"},"acf":[],"tiered_pricing_type":"fixed","tiered_pricing_fixed_rules":[],"tiered_pricing_product_settings":{"layout":"default","base_unit_name":{"singular":null,"plural":null},"default_variation":null},"tiered_pricing_minimum_quantity":null,"tiered_pricing_roles_data":[],"tiered_pricing_percentage_rules":[],"_links":{"self":[{"href":"https:\/\/pergaminho.design\/en\/wp-json\/wp\/v2\/product\/8503","targetHints":{"allow":["GET"]}}],"collection":[{"href":"https:\/\/pergaminho.design\/en\/wp-json\/wp\/v2\/product"}],"about":[{"href":"https:\/\/pergaminho.design\/en\/wp-json\/wp\/v2\/types\/product"}],"replies":[{"embeddable":true,"href":"https:\/\/pergaminho.design\/en\/wp-json\/wp\/v2\/comments?post=8503"}],"version-history":[{"count":1,"href":"https:\/\/pergaminho.design\/en\/wp-json\/wp\/v2\/product\/8503\/revisions"}],"predecessor-version":[{"id":26957,"href":"https:\/\/pergaminho.design\/en\/wp-json\/wp\/v2\/product\/8503\/revisions\/26957"}],"wp:featuredmedia":[{"embeddable":true,"href":"https:\/\/pergaminho.design\/en\/wp-json\/wp\/v2\/media\/9961"}],"wp:attachment":[{"href":"https:\/\/pergaminho.design\/en\/wp-json\/wp\/v2\/media?parent=8503"}],"wp:term":[{"taxonomy":"product_brand","embeddable":true,"href":"https:\/\/pergaminho.design\/en\/wp-json\/wp\/v2\/product_brand?post=8503"},{"taxonomy":"product_cat","embeddable":true,"href":"https:\/\/pergaminho.design\/en\/wp-json\/wp\/v2\/product_cat?post=8503"},{"taxonomy":"product_tag","embeddable":true,"href":"https:\/\/pergaminho.design\/en\/wp-json\/wp\/v2\/product_tag?post=8503"}],"curies":[{"name":"wp","href":"https:\/\/api.w.org\/{rel}","templated":true}]}}