{"id":8186,"date":"2021-01-29T15:29:50","date_gmt":"2021-01-29T15:29:50","guid":{"rendered":"http:\/\/pergaminho-design.local\/product\/envelope-bege\/"},"modified":"2026-03-27T13:17:09","modified_gmt":"2026-03-27T13:17:09","slug":"envelope-bege","status":"publish","type":"product","link":"https:\/\/pergaminho.design\/en\/product\/envelope-bege\/","title":{"rendered":"Envelope Bege"},"content":{"rendered":"<p><strong>Tempo de produ\u00e7\u00e3o:<\/strong> 10 a 15 dias \u00fateis<br \/>\n<strong>Quantidade m\u00ednima:<\/strong> 25 Envelopes<br \/>\n<strong>Fecho:<\/strong> Aba em forma de V<br \/>\n<strong>Papel:<\/strong> Cartolina<br \/>\n<strong>Cola:<\/strong> N\u00e3o cont\u00e9m fita adesiva<br \/>\n<strong>Tamanho:<\/strong> 10\u00d715 Vertical, 15\u00d710 Horizontal, 13\u00d718 Vertical, 18\u00d713 Horizontal, 15\u00d715 Quadrado, 10\u00d720 Vertical, 20\u00d710 Horizontal, 15\u00d720 Vertical, 20\u00d715 Horizontal<\/p>\n<p>Para personalizar o seu envelope de uma forma \u00fanica e criativa recomendamos fechar os envelopes com <a href=\"https:\/\/pergaminho.design\/en\/categoria-produto\/lacres-e-acessorios\/\">lacres de cera<\/a>, ou com uma das nossas sugest\u00f5es de <a href=\"https:\/\/pergaminho.design\/en\/categoria-produto\/lacres-e-acessorios\/fios-e-cordoes\/\">fios e cord\u00f5es<\/a>.<\/p>\n<p>&nbsp;<\/p>","protected":false},"excerpt":{"rendered":"<p><span style=\"vertical-align: inherit;\"><span style=\"vertical-align: inherit;\">Os nossos envelopes bege s\u00e3o a embalagem perfeita para enviar e complementar os seus cart\u00f5es de felicita\u00e7\u00f5es, cartas, postais, convites de casamento, convites de batizado ou outro tipo de festas ou eventos.<\/span><\/span><\/p>\n<p>&nbsp;<\/p>","protected":false},"featured_media":9875,"comment_status":"closed","ping_status":"closed","template":"","meta":{"_acf_changed":false},"product_brand":[],"product_cat":[198,191],"product_tag":[194,195,196,238,260,180,181,192],"class_list":{"0":"post-8186","1":"product","2":"type-product","3":"status-publish","4":"has-post-thumbnail","6":"product_cat-envelopes-lisos","7":"product_cat-envelopes-e-lacres","8":"product_tag-envelopes-coloridos","9":"product_tag-envelopes-de-casamento","10":"product_tag-envelopes-de-papel","11":"product_tag-lacres","12":"product_tag-papelaria","13":"product_tag-convites","14":"product_tag-convites-de-casamento","15":"product_tag-envelopes","17":"first","18":"instock","19":"shipping-taxable","20":"purchasable","21":"product-type-variable"},"acf":[],"tiered_pricing_type":"fixed","tiered_pricing_fixed_rules":[],"tiered_pricing_product_settings":{"layout":"default","base_unit_name":{"singular":null,"plural":null},"default_variation":null},"tiered_pricing_minimum_quantity":null,"tiered_pricing_roles_data":[],"tiered_pricing_percentage_rules":[],"_links":{"self":[{"href":"https:\/\/pergaminho.design\/en\/wp-json\/wp\/v2\/product\/8186","targetHints":{"allow":["GET"]}}],"collection":[{"href":"https:\/\/pergaminho.design\/en\/wp-json\/wp\/v2\/product"}],"about":[{"href":"https:\/\/pergaminho.design\/en\/wp-json\/wp\/v2\/types\/product"}],"replies":[{"embeddable":true,"href":"https:\/\/pergaminho.design\/en\/wp-json\/wp\/v2\/comments?post=8186"}],"version-history":[{"count":3,"href":"https:\/\/pergaminho.design\/en\/wp-json\/wp\/v2\/product\/8186\/revisions"}],"predecessor-version":[{"id":26775,"href":"https:\/\/pergaminho.design\/en\/wp-json\/wp\/v2\/product\/8186\/revisions\/26775"}],"wp:featuredmedia":[{"embeddable":true,"href":"https:\/\/pergaminho.design\/en\/wp-json\/wp\/v2\/media\/9875"}],"wp:attachment":[{"href":"https:\/\/pergaminho.design\/en\/wp-json\/wp\/v2\/media?parent=8186"}],"wp:term":[{"taxonomy":"product_brand","embeddable":true,"href":"https:\/\/pergaminho.design\/en\/wp-json\/wp\/v2\/product_brand?post=8186"},{"taxonomy":"product_cat","embeddable":true,"href":"https:\/\/pergaminho.design\/en\/wp-json\/wp\/v2\/product_cat?post=8186"},{"taxonomy":"product_tag","embeddable":true,"href":"https:\/\/pergaminho.design\/en\/wp-json\/wp\/v2\/product_tag?post=8186"}],"curies":[{"name":"wp","href":"https:\/\/api.w.org\/{rel}","templated":true}]}}