{"id":8093,"date":"2021-01-28T22:59:54","date_gmt":"2021-01-28T22:59:54","guid":{"rendered":"http:\/\/pergaminho-design.local\/product\/sinete\/"},"modified":"2025-04-23T12:23:13","modified_gmt":"2025-04-23T12:23:13","slug":"sinete-redondo","status":"publish","type":"product","link":"https:\/\/pergaminho.design\/en\/product\/sinete-redondo\/","title":{"rendered":"Sinete Redondo"},"content":{"rendered":"<p><strong>Tempo de produ\u00e7\u00e3o:<\/strong> 10 a 15 Dias<br \/>\n<strong>Material:<\/strong> Madeira e A\u00e7o<br \/>\n<strong>T\u00e9cnica de grava\u00e7\u00e3o:<\/strong> Grava\u00e7\u00e3o mec\u00e2nica<br \/>\n<strong>Di\u00e2metro:<\/strong> 2,5cm<\/p>\n<p>&nbsp;<\/p>","protected":false},"excerpt":{"rendered":"<p>O Sinete Redondo \u00e9 o produto ideal para dar aos seus convites um toque cl\u00e1ssico atrav\u00e9s da personaliza\u00e7\u00e3o do de lacre com um design \u00e0 sua escolha.<\/p>","protected":false},"featured_media":9866,"comment_status":"closed","ping_status":"closed","template":"","meta":{"_acf_changed":false},"product_brand":[],"product_cat":[191,302],"product_tag":[127,222,229,232,239,279,280,281],"class_list":{"0":"post-8093","1":"product","2":"type-product","3":"status-publish","4":"has-post-thumbnail","6":"product_cat-envelopes-e-lacres","7":"product_cat-acessorios-p-lacres","8":"product_tag-acessorio","9":"product_tag-lacre","10":"product_tag-lacre-de-cera","11":"product_tag-lacre-personalizado","12":"product_tag-lacres-e-acessorios","13":"product_tag-selos-de-lacre","14":"product_tag-sinete","15":"product_tag-sinete-personalizado","17":"first","18":"instock","19":"shipping-taxable","20":"purchasable","21":"product-type-simple"},"acf":[],"tiered_pricing_type":"fixed","tiered_pricing_fixed_rules":[],"tiered_pricing_product_settings":{"layout":"default","base_unit_name":{"singular":null,"plural":null},"default_variation":null},"tiered_pricing_minimum_quantity":null,"tiered_pricing_roles_data":[],"tiered_pricing_percentage_rules":[],"_links":{"self":[{"href":"https:\/\/pergaminho.design\/en\/wp-json\/wp\/v2\/product\/8093","targetHints":{"allow":["GET"]}}],"collection":[{"href":"https:\/\/pergaminho.design\/en\/wp-json\/wp\/v2\/product"}],"about":[{"href":"https:\/\/pergaminho.design\/en\/wp-json\/wp\/v2\/types\/product"}],"replies":[{"embeddable":true,"href":"https:\/\/pergaminho.design\/en\/wp-json\/wp\/v2\/comments?post=8093"}],"version-history":[{"count":3,"href":"https:\/\/pergaminho.design\/en\/wp-json\/wp\/v2\/product\/8093\/revisions"}],"predecessor-version":[{"id":30005,"href":"https:\/\/pergaminho.design\/en\/wp-json\/wp\/v2\/product\/8093\/revisions\/30005"}],"wp:featuredmedia":[{"embeddable":true,"href":"https:\/\/pergaminho.design\/en\/wp-json\/wp\/v2\/media\/9866"}],"wp:attachment":[{"href":"https:\/\/pergaminho.design\/en\/wp-json\/wp\/v2\/media?parent=8093"}],"wp:term":[{"taxonomy":"product_brand","embeddable":true,"href":"https:\/\/pergaminho.design\/en\/wp-json\/wp\/v2\/product_brand?post=8093"},{"taxonomy":"product_cat","embeddable":true,"href":"https:\/\/pergaminho.design\/en\/wp-json\/wp\/v2\/product_cat?post=8093"},{"taxonomy":"product_tag","embeddable":true,"href":"https:\/\/pergaminho.design\/en\/wp-json\/wp\/v2\/product_tag?post=8093"}],"curies":[{"name":"wp","href":"https:\/\/api.w.org\/{rel}","templated":true}]}}