{"id":36880,"date":"2026-04-01T14:48:16","date_gmt":"2026-04-01T14:48:16","guid":{"rendered":"https:\/\/pergaminho.design\/?post_type=product&#038;p=36880"},"modified":"2026-04-01T14:52:06","modified_gmt":"2026-04-01T14:52:06","slug":"marcador-de-mesa-acrilico-dourado","status":"publish","type":"product","link":"https:\/\/pergaminho.design\/en\/product\/marcador-de-mesa-acrilico-dourado\/","title":{"rendered":"Marcador de Mesa &#8211; Acr\u00edlico Dourado"},"content":{"rendered":"<p class=\"p1\"><strong>Tempo de produ\u00e7\u00e3o:<\/strong> 10 a 12 dias \u00fateis<br \/>\n<strong>Tamanho:<\/strong> 13x18cm<br \/>\n<strong>Material:<\/strong> Acr\u00edlico dourado com impress\u00e3o direta a cor branca<\/p>","protected":false},"excerpt":{"rendered":"<p>O Marcador de Mesa em Acr\u00edlico Dourado \u00e9 a escolha perfeita para adicionar um toque de eleg\u00e2ncia e modernidade a qualquer evento.<\/p>","protected":false},"featured_media":36886,"comment_status":"closed","ping_status":"closed","template":"","meta":{"_acf_changed":false},"product_brand":[],"product_cat":[261,317],"product_tag":[],"class_list":{"0":"post-36880","1":"product","2":"type-product","3":"status-publish","4":"has-post-thumbnail","6":"product_cat-sinaletica","7":"product_cat-marcadores-de-mesa","9":"first","10":"instock","11":"shipping-taxable","12":"purchasable","13":"product-type-simple"},"acf":[],"tiered_pricing_type":"fixed","tiered_pricing_fixed_rules":[],"tiered_pricing_product_settings":{"layout":"default","base_unit_name":{"singular":null,"plural":null},"default_variation":null},"tiered_pricing_minimum_quantity":null,"tiered_pricing_roles_data":[],"tiered_pricing_percentage_rules":[],"_links":{"self":[{"href":"https:\/\/pergaminho.design\/en\/wp-json\/wp\/v2\/product\/36880","targetHints":{"allow":["GET"]}}],"collection":[{"href":"https:\/\/pergaminho.design\/en\/wp-json\/wp\/v2\/product"}],"about":[{"href":"https:\/\/pergaminho.design\/en\/wp-json\/wp\/v2\/types\/product"}],"replies":[{"embeddable":true,"href":"https:\/\/pergaminho.design\/en\/wp-json\/wp\/v2\/comments?post=36880"}],"version-history":[{"count":2,"href":"https:\/\/pergaminho.design\/en\/wp-json\/wp\/v2\/product\/36880\/revisions"}],"predecessor-version":[{"id":36892,"href":"https:\/\/pergaminho.design\/en\/wp-json\/wp\/v2\/product\/36880\/revisions\/36892"}],"wp:featuredmedia":[{"embeddable":true,"href":"https:\/\/pergaminho.design\/en\/wp-json\/wp\/v2\/media\/36886"}],"wp:attachment":[{"href":"https:\/\/pergaminho.design\/en\/wp-json\/wp\/v2\/media?parent=36880"}],"wp:term":[{"taxonomy":"product_brand","embeddable":true,"href":"https:\/\/pergaminho.design\/en\/wp-json\/wp\/v2\/product_brand?post=36880"},{"taxonomy":"product_cat","embeddable":true,"href":"https:\/\/pergaminho.design\/en\/wp-json\/wp\/v2\/product_cat?post=36880"},{"taxonomy":"product_tag","embeddable":true,"href":"https:\/\/pergaminho.design\/en\/wp-json\/wp\/v2\/product_tag?post=36880"}],"curies":[{"name":"wp","href":"https:\/\/api.w.org\/{rel}","templated":true}]}}