{"id":33684,"date":"2025-02-20T14:03:26","date_gmt":"2025-02-20T14:03:26","guid":{"rendered":"https:\/\/pergaminho.design\/?post_type=product&#038;p=33684"},"modified":"2026-03-27T13:00:49","modified_gmt":"2026-03-27T13:00:49","slug":"iman-pvc","status":"publish","type":"product","link":"https:\/\/pergaminho.design\/en\/product\/iman-pvc\/","title":{"rendered":"\u00cdman &#8211; PVC"},"content":{"rendered":"<p><strong>Tempo de produ\u00e7\u00e3o:<\/strong> 12 dias \u00fateis<br \/>\n<strong>Dimens\u00f5es:<\/strong> 7cm de di\u00e2metro<br \/>\n<strong>Material:<\/strong> PVC<\/p>\n<p>&nbsp;<\/p>","protected":false},"excerpt":{"rendered":"<p>As lembran\u00e7as s\u00e3o o presente ideal para os convidados se lembrarem do seu dia especial.<\/p>","protected":false},"featured_media":33693,"comment_status":"closed","ping_status":"closed","template":"","meta":{"_acf_changed":false},"product_brand":[],"product_cat":[349],"product_tag":[239,279,280,281,127,222,229,232],"class_list":{"0":"post-33684","1":"product","2":"type-product","3":"status-publish","4":"has-post-thumbnail","6":"product_cat-lembrancas","7":"product_tag-lacres-e-acessorios","8":"product_tag-selos-de-lacre","9":"product_tag-sinete","10":"product_tag-sinete-personalizado","11":"product_tag-acessorio","12":"product_tag-lacre","13":"product_tag-lacre-de-cera","14":"product_tag-lacre-personalizado","16":"first","17":"instock","18":"shipping-taxable","19":"purchasable","20":"product-type-simple"},"acf":[],"tiered_pricing_type":"fixed","tiered_pricing_fixed_rules":{"6":"2.70","16":"2.10","26":"1.90","51":"1.70","100":"1.50"},"tiered_pricing_product_settings":{"layout":"default","base_unit_name":{"singular":null,"plural":null},"default_variation":null},"tiered_pricing_minimum_quantity":null,"tiered_pricing_roles_data":[],"tiered_pricing_percentage_rules":[],"_links":{"self":[{"href":"https:\/\/pergaminho.design\/en\/wp-json\/wp\/v2\/product\/33684","targetHints":{"allow":["GET"]}}],"collection":[{"href":"https:\/\/pergaminho.design\/en\/wp-json\/wp\/v2\/product"}],"about":[{"href":"https:\/\/pergaminho.design\/en\/wp-json\/wp\/v2\/types\/product"}],"replies":[{"embeddable":true,"href":"https:\/\/pergaminho.design\/en\/wp-json\/wp\/v2\/comments?post=33684"}],"version-history":[{"count":2,"href":"https:\/\/pergaminho.design\/en\/wp-json\/wp\/v2\/product\/33684\/revisions"}],"predecessor-version":[{"id":33875,"href":"https:\/\/pergaminho.design\/en\/wp-json\/wp\/v2\/product\/33684\/revisions\/33875"}],"wp:featuredmedia":[{"embeddable":true,"href":"https:\/\/pergaminho.design\/en\/wp-json\/wp\/v2\/media\/33693"}],"wp:attachment":[{"href":"https:\/\/pergaminho.design\/en\/wp-json\/wp\/v2\/media?parent=33684"}],"wp:term":[{"taxonomy":"product_brand","embeddable":true,"href":"https:\/\/pergaminho.design\/en\/wp-json\/wp\/v2\/product_brand?post=33684"},{"taxonomy":"product_cat","embeddable":true,"href":"https:\/\/pergaminho.design\/en\/wp-json\/wp\/v2\/product_cat?post=33684"},{"taxonomy":"product_tag","embeddable":true,"href":"https:\/\/pergaminho.design\/en\/wp-json\/wp\/v2\/product_tag?post=33684"}],"curies":[{"name":"wp","href":"https:\/\/api.w.org\/{rel}","templated":true}]}}