{"id":32691,"date":"2024-10-18T12:48:59","date_gmt":"2024-10-18T12:48:59","guid":{"rendered":"https:\/\/pergaminho.design\/?post_type=product&#038;p=32691"},"modified":"2026-03-27T14:22:17","modified_gmt":"2026-03-27T14:22:17","slug":"tela-da-arvore","status":"publish","type":"product","link":"https:\/\/pergaminho.design\/en\/product\/tela-da-arvore\/","title":{"rendered":"Tela da \u00c1rvore"},"content":{"rendered":"<p><strong>Tempo de produ\u00e7\u00e3o:<\/strong> 10 a 12 dias \u00fateis<br \/>\n<strong>Tamanho:<\/strong> 50x75cm<br \/>\n<strong>Material:<\/strong> Tela<\/p>","protected":false},"excerpt":{"rendered":"<p>Celebre o seu casamento ou batizado de forma especial com a nossa tela da \u00e1rvore, um quadro \u00fanico que os seus convidados ajudar\u00e3o a completar.<\/p>","protected":false},"featured_media":32698,"comment_status":"closed","ping_status":"closed","template":"","meta":{"_acf_changed":false},"product_brand":[],"product_cat":[261,339],"product_tag":[],"class_list":{"0":"post-32691","1":"product","2":"type-product","3":"status-publish","4":"has-post-thumbnail","6":"product_cat-sinaletica","7":"product_cat-tela-arvore","9":"first","10":"instock","11":"shipping-taxable","12":"purchasable","13":"product-type-simple"},"acf":[],"tiered_pricing_type":"fixed","tiered_pricing_fixed_rules":[],"tiered_pricing_product_settings":{"layout":"default","base_unit_name":{"singular":null,"plural":null},"default_variation":null},"tiered_pricing_minimum_quantity":null,"tiered_pricing_roles_data":[],"tiered_pricing_percentage_rules":[],"_links":{"self":[{"href":"https:\/\/pergaminho.design\/en\/wp-json\/wp\/v2\/product\/32691","targetHints":{"allow":["GET"]}}],"collection":[{"href":"https:\/\/pergaminho.design\/en\/wp-json\/wp\/v2\/product"}],"about":[{"href":"https:\/\/pergaminho.design\/en\/wp-json\/wp\/v2\/types\/product"}],"replies":[{"embeddable":true,"href":"https:\/\/pergaminho.design\/en\/wp-json\/wp\/v2\/comments?post=32691"}],"version-history":[{"count":2,"href":"https:\/\/pergaminho.design\/en\/wp-json\/wp\/v2\/product\/32691\/revisions"}],"predecessor-version":[{"id":32763,"href":"https:\/\/pergaminho.design\/en\/wp-json\/wp\/v2\/product\/32691\/revisions\/32763"}],"wp:featuredmedia":[{"embeddable":true,"href":"https:\/\/pergaminho.design\/en\/wp-json\/wp\/v2\/media\/32698"}],"wp:attachment":[{"href":"https:\/\/pergaminho.design\/en\/wp-json\/wp\/v2\/media?parent=32691"}],"wp:term":[{"taxonomy":"product_brand","embeddable":true,"href":"https:\/\/pergaminho.design\/en\/wp-json\/wp\/v2\/product_brand?post=32691"},{"taxonomy":"product_cat","embeddable":true,"href":"https:\/\/pergaminho.design\/en\/wp-json\/wp\/v2\/product_cat?post=32691"},{"taxonomy":"product_tag","embeddable":true,"href":"https:\/\/pergaminho.design\/en\/wp-json\/wp\/v2\/product_tag?post=32691"}],"curies":[{"name":"wp","href":"https:\/\/api.w.org\/{rel}","templated":true}]}}