{"id":32540,"date":"2024-10-17T08:38:16","date_gmt":"2024-10-17T08:38:16","guid":{"rendered":"https:\/\/pergaminho.design\/?post_type=product&#038;p=32540"},"modified":"2025-02-26T12:21:40","modified_gmt":"2025-02-26T12:21:40","slug":"placa-guestbook-acrilico-preto","status":"publish","type":"product","link":"https:\/\/pergaminho.design\/en\/product\/placa-guestbook-acrilico-preto\/","title":{"rendered":"Placa Guestbook &#8211; Acr\u00edlico Preto"},"content":{"rendered":"<p><strong>Tempo de produ\u00e7\u00e3o:<\/strong> 10 a 12 dias \u00fateis<br \/>\n<strong>Tamanho:<\/strong> 30x20cm<br \/>\n<strong>Material:<\/strong> Acr\u00edlico Preto com impress\u00e3o direta a cor branca<\/p>","protected":false},"excerpt":{"rendered":"<p>Crie um ambiente ainda mais especial no seu casamento ou batizado com esta elegante placa de guestbook. Pensada para acompanhar o livro de honra, a placa \u00e9 uma forma perfeita de orientar os seus convidados a deixar mensagens de carinho e votos sinceros, eternizando os momentos \u00fanicos que marcam o seu dia.<\/p>","protected":false},"featured_media":32552,"comment_status":"closed","ping_status":"closed","template":"","meta":{"_acf_changed":false},"product_brand":[],"product_cat":[261,337],"product_tag":[],"class_list":{"0":"post-32540","1":"product","2":"type-product","3":"status-publish","4":"has-post-thumbnail","6":"product_cat-sinaletica","7":"product_cat-placa-guestbook","9":"first","10":"instock","11":"shipping-taxable","12":"purchasable","13":"product-type-simple"},"acf":[],"tiered_pricing_type":"fixed","tiered_pricing_fixed_rules":[],"tiered_pricing_product_settings":{"layout":"default","base_unit_name":{"singular":null,"plural":null},"default_variation":null},"tiered_pricing_minimum_quantity":null,"tiered_pricing_roles_data":[],"tiered_pricing_percentage_rules":[],"_links":{"self":[{"href":"https:\/\/pergaminho.design\/en\/wp-json\/wp\/v2\/product\/32540","targetHints":{"allow":["GET"]}}],"collection":[{"href":"https:\/\/pergaminho.design\/en\/wp-json\/wp\/v2\/product"}],"about":[{"href":"https:\/\/pergaminho.design\/en\/wp-json\/wp\/v2\/types\/product"}],"replies":[{"embeddable":true,"href":"https:\/\/pergaminho.design\/en\/wp-json\/wp\/v2\/comments?post=32540"}],"version-history":[{"count":1,"href":"https:\/\/pergaminho.design\/en\/wp-json\/wp\/v2\/product\/32540\/revisions"}],"predecessor-version":[{"id":32555,"href":"https:\/\/pergaminho.design\/en\/wp-json\/wp\/v2\/product\/32540\/revisions\/32555"}],"wp:featuredmedia":[{"embeddable":true,"href":"https:\/\/pergaminho.design\/en\/wp-json\/wp\/v2\/media\/32552"}],"wp:attachment":[{"href":"https:\/\/pergaminho.design\/en\/wp-json\/wp\/v2\/media?parent=32540"}],"wp:term":[{"taxonomy":"product_brand","embeddable":true,"href":"https:\/\/pergaminho.design\/en\/wp-json\/wp\/v2\/product_brand?post=32540"},{"taxonomy":"product_cat","embeddable":true,"href":"https:\/\/pergaminho.design\/en\/wp-json\/wp\/v2\/product_cat?post=32540"},{"taxonomy":"product_tag","embeddable":true,"href":"https:\/\/pergaminho.design\/en\/wp-json\/wp\/v2\/product_tag?post=32540"}],"curies":[{"name":"wp","href":"https:\/\/api.w.org\/{rel}","templated":true}]}}