{"id":32126,"date":"2024-09-11T10:10:12","date_gmt":"2024-09-11T10:10:12","guid":{"rendered":"https:\/\/pergaminho.design\/?post_type=product&#038;p=32126"},"modified":"2026-03-27T12:49:37","modified_gmt":"2026-03-27T12:49:37","slug":"caixa-capsula-de-cafe","status":"publish","type":"product","link":"https:\/\/pergaminho.design\/en\/product\/caixa-capsula-de-cafe\/","title":{"rendered":"Caixa C\u00e1psula de Caf\u00e9"},"content":{"rendered":"<p><strong>Tempo de produ\u00e7\u00e3o:<\/strong> 12 dias \u00fateis<br \/>\n<strong>Dimens\u00f5es:<\/strong> 5,5cm de largura x 3,5cm de altura<br \/>\n<strong>Material:<\/strong> Papel<br \/>\n<strong>Outros:<\/strong> C\u00e1psula de Caf\u00e9 n\u00e3o inclu\u00edda<\/p>\n<p>&nbsp;<\/p>","protected":false},"excerpt":{"rendered":"<p>As lembran\u00e7as s\u00e3o o presente ideal para os convidados se lembrarem do seu dia especial.<\/p>","protected":false},"featured_media":32742,"comment_status":"closed","ping_status":"closed","template":"","meta":{"_acf_changed":false},"product_brand":[],"product_cat":[349],"product_tag":[280,281,127,222,229,232,239,279],"class_list":{"0":"post-32126","1":"product","2":"type-product","3":"status-publish","4":"has-post-thumbnail","6":"product_cat-lembrancas","7":"product_tag-sinete","8":"product_tag-sinete-personalizado","9":"product_tag-acessorio","10":"product_tag-lacre","11":"product_tag-lacre-de-cera","12":"product_tag-lacre-personalizado","13":"product_tag-lacres-e-acessorios","14":"product_tag-selos-de-lacre","16":"first","17":"instock","18":"shipping-taxable","19":"purchasable","20":"product-type-simple"},"acf":[],"tiered_pricing_type":"fixed","tiered_pricing_fixed_rules":{"6":"2.30","16":"2.10","26":"1.90","51":"1.70","100":"1.50"},"tiered_pricing_product_settings":{"layout":"default","base_unit_name":{"singular":null,"plural":null},"default_variation":null},"tiered_pricing_minimum_quantity":null,"tiered_pricing_roles_data":[],"tiered_pricing_percentage_rules":[],"_links":{"self":[{"href":"https:\/\/pergaminho.design\/en\/wp-json\/wp\/v2\/product\/32126","targetHints":{"allow":["GET"]}}],"collection":[{"href":"https:\/\/pergaminho.design\/en\/wp-json\/wp\/v2\/product"}],"about":[{"href":"https:\/\/pergaminho.design\/en\/wp-json\/wp\/v2\/types\/product"}],"replies":[{"embeddable":true,"href":"https:\/\/pergaminho.design\/en\/wp-json\/wp\/v2\/comments?post=32126"}],"version-history":[{"count":1,"href":"https:\/\/pergaminho.design\/en\/wp-json\/wp\/v2\/product\/32126\/revisions"}],"predecessor-version":[{"id":32140,"href":"https:\/\/pergaminho.design\/en\/wp-json\/wp\/v2\/product\/32126\/revisions\/32140"}],"wp:featuredmedia":[{"embeddable":true,"href":"https:\/\/pergaminho.design\/en\/wp-json\/wp\/v2\/media\/32742"}],"wp:attachment":[{"href":"https:\/\/pergaminho.design\/en\/wp-json\/wp\/v2\/media?parent=32126"}],"wp:term":[{"taxonomy":"product_brand","embeddable":true,"href":"https:\/\/pergaminho.design\/en\/wp-json\/wp\/v2\/product_brand?post=32126"},{"taxonomy":"product_cat","embeddable":true,"href":"https:\/\/pergaminho.design\/en\/wp-json\/wp\/v2\/product_cat?post=32126"},{"taxonomy":"product_tag","embeddable":true,"href":"https:\/\/pergaminho.design\/en\/wp-json\/wp\/v2\/product_tag?post=32126"}],"curies":[{"name":"wp","href":"https:\/\/api.w.org\/{rel}","templated":true}]}}