{"id":32057,"date":"2024-08-22T10:03:42","date_gmt":"2024-08-22T10:03:42","guid":{"rendered":"https:\/\/pergaminho.design\/?post_type=product&#038;p=32057"},"modified":"2025-02-27T10:58:23","modified_gmt":"2025-02-27T10:58:23","slug":"placa-de-nascimento-luminosa","status":"publish","type":"product","link":"https:\/\/pergaminho.design\/en\/product\/placa-de-nascimento-luminosa\/","title":{"rendered":"Placa de Nascimento Luminosa"},"content":{"rendered":"<p><strong>Tempo de produ\u00e7\u00e3o:<\/strong> 8 a 10 dias \u00fateis<br \/>\n<strong>Material:<\/strong> Acr\u00edlico 3mm<br \/>\n<strong>T\u00e9cnica de Impress\u00e3o:<\/strong> Impress\u00e3o directa UV<br \/>\n<strong>Dimens\u00e3o:<\/strong> 13x18cm<\/p>","protected":false},"excerpt":{"rendered":"<p>A Placa de Nascimento personalizada com luz \u00e9 a melhor forma de registar um momento t\u00e3o importante como o nascimento de um beb\u00e9.<\/p>","protected":false},"featured_media":33337,"comment_status":"closed","ping_status":"closed","template":"","meta":{"_acf_changed":false},"product_brand":[],"product_cat":[154,270],"product_tag":[],"class_list":{"0":"post-32057","1":"product","2":"type-product","3":"status-publish","4":"has-post-thumbnail","6":"product_cat-bebes-e-mamas","7":"product_cat-quadro-nascimento","9":"first","10":"instock","11":"sale","12":"shipping-taxable","13":"purchasable","14":"product-type-simple"},"acf":[],"tiered_pricing_type":"fixed","tiered_pricing_fixed_rules":[],"tiered_pricing_product_settings":{"layout":"default","base_unit_name":{"singular":null,"plural":null},"default_variation":null},"tiered_pricing_minimum_quantity":null,"tiered_pricing_roles_data":[],"tiered_pricing_percentage_rules":[],"_links":{"self":[{"href":"https:\/\/pergaminho.design\/en\/wp-json\/wp\/v2\/product\/32057","targetHints":{"allow":["GET"]}}],"collection":[{"href":"https:\/\/pergaminho.design\/en\/wp-json\/wp\/v2\/product"}],"about":[{"href":"https:\/\/pergaminho.design\/en\/wp-json\/wp\/v2\/types\/product"}],"replies":[{"embeddable":true,"href":"https:\/\/pergaminho.design\/en\/wp-json\/wp\/v2\/comments?post=32057"}],"version-history":[{"count":1,"href":"https:\/\/pergaminho.design\/en\/wp-json\/wp\/v2\/product\/32057\/revisions"}],"predecessor-version":[{"id":32069,"href":"https:\/\/pergaminho.design\/en\/wp-json\/wp\/v2\/product\/32057\/revisions\/32069"}],"wp:featuredmedia":[{"embeddable":true,"href":"https:\/\/pergaminho.design\/en\/wp-json\/wp\/v2\/media\/33337"}],"wp:attachment":[{"href":"https:\/\/pergaminho.design\/en\/wp-json\/wp\/v2\/media?parent=32057"}],"wp:term":[{"taxonomy":"product_brand","embeddable":true,"href":"https:\/\/pergaminho.design\/en\/wp-json\/wp\/v2\/product_brand?post=32057"},{"taxonomy":"product_cat","embeddable":true,"href":"https:\/\/pergaminho.design\/en\/wp-json\/wp\/v2\/product_cat?post=32057"},{"taxonomy":"product_tag","embeddable":true,"href":"https:\/\/pergaminho.design\/en\/wp-json\/wp\/v2\/product_tag?post=32057"}],"curies":[{"name":"wp","href":"https:\/\/api.w.org\/{rel}","templated":true}]}}