{"id":31589,"date":"2024-07-22T13:57:25","date_gmt":"2024-07-22T13:57:25","guid":{"rendered":"https:\/\/pergaminho.design\/?post_type=product&#038;p=31589"},"modified":"2026-04-01T14:44:31","modified_gmt":"2026-04-01T14:44:31","slug":"caixa-de-aliancas-vidro","status":"publish","type":"product","link":"https:\/\/pergaminho.design\/en\/product\/caixa-de-aliancas-vidro\/","title":{"rendered":"Caixa de Alian\u00e7as &#8211; Vidro"},"content":{"rendered":"<p><strong>Tempo de produ\u00e7\u00e3o:<\/strong> 8 a 10 dias \u00fateis<br \/>\n<strong>Material:<\/strong> Vidro<br \/>\n<strong>Dimens\u00e3o:<\/strong> 10x14cm<br \/>\n<strong>Outros:<\/strong> Alian\u00e7as n\u00e3o inclu\u00eddas<\/p>","protected":false},"excerpt":{"rendered":"<p>A Caixa de Alian\u00e7as \u00e9 a forma perfeita para transportar as alian\u00e7as at\u00e9 ao momento mais especial: a uni\u00e3o dos noivos.<\/p>","protected":false},"featured_media":36868,"comment_status":"closed","ping_status":"closed","template":"","meta":{"_acf_changed":false},"product_brand":[],"product_cat":[161],"product_tag":[218,254,287,131,169,189],"class_list":{"0":"post-31589","1":"product","2":"type-product","3":"status-publish","4":"has-post-thumbnail","6":"product_cat-caixas-de-aliancas","7":"product_tag-inspiracao","8":"product_tag-organizacao","9":"product_tag-timeline","10":"product_tag-agenda","11":"product_tag-checklist","12":"product_tag-diario-do-bebe","14":"first","15":"instock","16":"shipping-taxable","17":"purchasable","18":"product-type-simple"},"acf":[],"tiered_pricing_type":"fixed","tiered_pricing_fixed_rules":[],"tiered_pricing_product_settings":{"layout":"default","base_unit_name":{"singular":null,"plural":null},"default_variation":null},"tiered_pricing_minimum_quantity":null,"tiered_pricing_roles_data":[],"tiered_pricing_percentage_rules":[],"_links":{"self":[{"href":"https:\/\/pergaminho.design\/en\/wp-json\/wp\/v2\/product\/31589","targetHints":{"allow":["GET"]}}],"collection":[{"href":"https:\/\/pergaminho.design\/en\/wp-json\/wp\/v2\/product"}],"about":[{"href":"https:\/\/pergaminho.design\/en\/wp-json\/wp\/v2\/types\/product"}],"replies":[{"embeddable":true,"href":"https:\/\/pergaminho.design\/en\/wp-json\/wp\/v2\/comments?post=31589"}],"version-history":[{"count":3,"href":"https:\/\/pergaminho.design\/en\/wp-json\/wp\/v2\/product\/31589\/revisions"}],"predecessor-version":[{"id":32321,"href":"https:\/\/pergaminho.design\/en\/wp-json\/wp\/v2\/product\/31589\/revisions\/32321"}],"wp:featuredmedia":[{"embeddable":true,"href":"https:\/\/pergaminho.design\/en\/wp-json\/wp\/v2\/media\/36868"}],"wp:attachment":[{"href":"https:\/\/pergaminho.design\/en\/wp-json\/wp\/v2\/media?parent=31589"}],"wp:term":[{"taxonomy":"product_brand","embeddable":true,"href":"https:\/\/pergaminho.design\/en\/wp-json\/wp\/v2\/product_brand?post=31589"},{"taxonomy":"product_cat","embeddable":true,"href":"https:\/\/pergaminho.design\/en\/wp-json\/wp\/v2\/product_cat?post=31589"},{"taxonomy":"product_tag","embeddable":true,"href":"https:\/\/pergaminho.design\/en\/wp-json\/wp\/v2\/product_tag?post=31589"}],"curies":[{"name":"wp","href":"https:\/\/api.w.org\/{rel}","templated":true}]}}