{"id":29987,"date":"2024-05-21T13:08:09","date_gmt":"2024-05-21T13:08:09","guid":{"rendered":"https:\/\/pergaminho.design\/?post_type=product&#038;p=29987"},"modified":"2025-04-23T12:22:17","modified_gmt":"2025-04-23T12:22:17","slug":"sinete-oval","status":"publish","type":"product","link":"https:\/\/pergaminho.design\/en\/product\/sinete-oval\/","title":{"rendered":"Sinete Oval"},"content":{"rendered":"<p><strong>Tempo de produ\u00e7\u00e3o:<\/strong> 10 a 15 Dias<br \/>\n<strong>Material:<\/strong> Madeira e A\u00e7o<br \/>\n<strong>T\u00e9cnica de grava\u00e7\u00e3o:<\/strong> Grava\u00e7\u00e3o mec\u00e2nica<br \/>\n<strong>Dimens\u00e3o:<\/strong> 3cmx2cm<\/p>\n<p>&nbsp;<\/p>","protected":false},"excerpt":{"rendered":"<p>O Sinete Oval \u00e9 o produto ideal para dar aos seus convites um toque cl\u00e1ssico atrav\u00e9s da personaliza\u00e7\u00e3o do de lacre com um design \u00e0 sua escolha.<\/p>","protected":false},"featured_media":31180,"comment_status":"closed","ping_status":"closed","template":"","meta":{"_acf_changed":false},"product_brand":[],"product_cat":[191,302],"product_tag":[281,127,222,229,232,239,279,280],"class_list":{"0":"post-29987","1":"product","2":"type-product","3":"status-publish","4":"has-post-thumbnail","6":"product_cat-envelopes-e-lacres","7":"product_cat-acessorios-p-lacres","8":"product_tag-sinete-personalizado","9":"product_tag-acessorio","10":"product_tag-lacre","11":"product_tag-lacre-de-cera","12":"product_tag-lacre-personalizado","13":"product_tag-lacres-e-acessorios","14":"product_tag-selos-de-lacre","15":"product_tag-sinete","17":"first","18":"instock","19":"shipping-taxable","20":"purchasable","21":"product-type-simple"},"acf":[],"tiered_pricing_type":"fixed","tiered_pricing_fixed_rules":[],"tiered_pricing_product_settings":{"layout":"default","base_unit_name":{"singular":null,"plural":null},"default_variation":null},"tiered_pricing_minimum_quantity":null,"tiered_pricing_roles_data":[],"tiered_pricing_percentage_rules":[],"_links":{"self":[{"href":"https:\/\/pergaminho.design\/en\/wp-json\/wp\/v2\/product\/29987","targetHints":{"allow":["GET"]}}],"collection":[{"href":"https:\/\/pergaminho.design\/en\/wp-json\/wp\/v2\/product"}],"about":[{"href":"https:\/\/pergaminho.design\/en\/wp-json\/wp\/v2\/types\/product"}],"replies":[{"embeddable":true,"href":"https:\/\/pergaminho.design\/en\/wp-json\/wp\/v2\/comments?post=29987"}],"version-history":[{"count":1,"href":"https:\/\/pergaminho.design\/en\/wp-json\/wp\/v2\/product\/29987\/revisions"}],"predecessor-version":[{"id":29995,"href":"https:\/\/pergaminho.design\/en\/wp-json\/wp\/v2\/product\/29987\/revisions\/29995"}],"wp:featuredmedia":[{"embeddable":true,"href":"https:\/\/pergaminho.design\/en\/wp-json\/wp\/v2\/media\/31180"}],"wp:attachment":[{"href":"https:\/\/pergaminho.design\/en\/wp-json\/wp\/v2\/media?parent=29987"}],"wp:term":[{"taxonomy":"product_brand","embeddable":true,"href":"https:\/\/pergaminho.design\/en\/wp-json\/wp\/v2\/product_brand?post=29987"},{"taxonomy":"product_cat","embeddable":true,"href":"https:\/\/pergaminho.design\/en\/wp-json\/wp\/v2\/product_cat?post=29987"},{"taxonomy":"product_tag","embeddable":true,"href":"https:\/\/pergaminho.design\/en\/wp-json\/wp\/v2\/product_tag?post=29987"}],"curies":[{"name":"wp","href":"https:\/\/api.w.org\/{rel}","templated":true}]}}