{"id":29937,"date":"2024-05-13T09:34:51","date_gmt":"2024-05-13T09:34:51","guid":{"rendered":"https:\/\/pergaminho.design\/?post_type=product&#038;p=29937"},"modified":"2025-02-12T11:49:01","modified_gmt":"2025-02-12T11:49:01","slug":"caixa-de-padrinhos-veludo","status":"publish","type":"product","link":"https:\/\/pergaminho.design\/en\/product\/caixa-de-padrinhos-veludo\/","title":{"rendered":"Caixa de Padrinhos &#8211; Veludo"},"content":{"rendered":"<p><strong>Tempo de produ\u00e7\u00e3o:<\/strong> 10 a 12 dias \u00fateis<br \/>\n<strong>Material:<\/strong> Veludo<br \/>\n<strong>Tamanho:<\/strong> 20cm de largura x 30cm de comprimento x 8cm de altura<br \/>\n<strong>Outros:<\/strong> Elementos no interior da caixa n\u00e3o inclu\u00eddos<\/p>","protected":false},"excerpt":{"rendered":"<p>A Caixa de Padrinhos de Veludo \u00e9 mais do que um simples convite \u2013 \u00e9 um presente especial que expressa o quanto a presen\u00e7a deles \u00e9 importante para os noivos.<\/p>","protected":false},"featured_media":33320,"comment_status":"closed","ping_status":"closed","template":"","meta":{"_acf_changed":false},"product_brand":[],"product_cat":[327],"product_tag":[162],"class_list":{"0":"post-29937","1":"product","2":"type-product","3":"status-publish","4":"has-post-thumbnail","6":"product_cat-convites-especiais","7":"product_tag-caixa-madeira","9":"first","10":"instock","11":"shipping-taxable","12":"purchasable","13":"product-type-variable"},"acf":[],"tiered_pricing_type":"fixed","tiered_pricing_fixed_rules":[],"tiered_pricing_product_settings":{"layout":"default","base_unit_name":{"singular":null,"plural":null},"default_variation":null},"tiered_pricing_minimum_quantity":null,"tiered_pricing_roles_data":[],"tiered_pricing_percentage_rules":[],"_links":{"self":[{"href":"https:\/\/pergaminho.design\/en\/wp-json\/wp\/v2\/product\/29937","targetHints":{"allow":["GET"]}}],"collection":[{"href":"https:\/\/pergaminho.design\/en\/wp-json\/wp\/v2\/product"}],"about":[{"href":"https:\/\/pergaminho.design\/en\/wp-json\/wp\/v2\/types\/product"}],"replies":[{"embeddable":true,"href":"https:\/\/pergaminho.design\/en\/wp-json\/wp\/v2\/comments?post=29937"}],"version-history":[{"count":3,"href":"https:\/\/pergaminho.design\/en\/wp-json\/wp\/v2\/product\/29937\/revisions"}],"predecessor-version":[{"id":33559,"href":"https:\/\/pergaminho.design\/en\/wp-json\/wp\/v2\/product\/29937\/revisions\/33559"}],"wp:featuredmedia":[{"embeddable":true,"href":"https:\/\/pergaminho.design\/en\/wp-json\/wp\/v2\/media\/33320"}],"wp:attachment":[{"href":"https:\/\/pergaminho.design\/en\/wp-json\/wp\/v2\/media?parent=29937"}],"wp:term":[{"taxonomy":"product_brand","embeddable":true,"href":"https:\/\/pergaminho.design\/en\/wp-json\/wp\/v2\/product_brand?post=29937"},{"taxonomy":"product_cat","embeddable":true,"href":"https:\/\/pergaminho.design\/en\/wp-json\/wp\/v2\/product_cat?post=29937"},{"taxonomy":"product_tag","embeddable":true,"href":"https:\/\/pergaminho.design\/en\/wp-json\/wp\/v2\/product_tag?post=29937"}],"curies":[{"name":"wp","href":"https:\/\/api.w.org\/{rel}","templated":true}]}}