{"id":29860,"date":"2024-05-10T13:39:40","date_gmt":"2024-05-10T13:39:40","guid":{"rendered":"https:\/\/pergaminho.design\/?post_type=product&#038;p=29860"},"modified":"2026-03-27T14:30:36","modified_gmt":"2026-03-27T14:30:36","slug":"caixa-de-aliancas-veludo","status":"publish","type":"product","link":"https:\/\/pergaminho.design\/en\/product\/caixa-de-aliancas-veludo\/","title":{"rendered":"Caixa de Alian\u00e7as &#8211; Veludo"},"content":{"rendered":"<p><strong>Tempo de produ\u00e7\u00e3o:<\/strong> 8 a 10 dias \u00fateis<br \/>\n<strong>Material:<\/strong> Veludo<br \/>\n<strong>Dimens\u00e3o:<\/strong> 10x10cm<br \/>\n<strong>Outros:<\/strong> Almofada e Alian\u00e7as n\u00e3o inclu\u00eddas<\/p>","protected":false},"excerpt":{"rendered":"<p>A Caixa de Alian\u00e7as \u00e9 a forma perfeita para transportar as alian\u00e7as at\u00e9 ao momento mais especial: a uni\u00e3o dos noivos.<\/p>","protected":false},"featured_media":32332,"comment_status":"closed","ping_status":"closed","template":"","meta":{"_acf_changed":false},"product_brand":[],"product_cat":[161],"product_tag":[],"class_list":{"0":"post-29860","1":"product","2":"type-product","3":"status-publish","4":"has-post-thumbnail","6":"product_cat-caixas-de-aliancas","8":"first","9":"instock","10":"shipping-taxable","11":"purchasable","12":"product-type-variable"},"acf":[],"tiered_pricing_type":"fixed","tiered_pricing_fixed_rules":[],"tiered_pricing_product_settings":{"layout":"default","base_unit_name":{"singular":null,"plural":null},"default_variation":null},"tiered_pricing_minimum_quantity":null,"tiered_pricing_roles_data":[],"tiered_pricing_percentage_rules":[],"_links":{"self":[{"href":"https:\/\/pergaminho.design\/en\/wp-json\/wp\/v2\/product\/29860","targetHints":{"allow":["GET"]}}],"collection":[{"href":"https:\/\/pergaminho.design\/en\/wp-json\/wp\/v2\/product"}],"about":[{"href":"https:\/\/pergaminho.design\/en\/wp-json\/wp\/v2\/types\/product"}],"replies":[{"embeddable":true,"href":"https:\/\/pergaminho.design\/en\/wp-json\/wp\/v2\/comments?post=29860"}],"version-history":[{"count":3,"href":"https:\/\/pergaminho.design\/en\/wp-json\/wp\/v2\/product\/29860\/revisions"}],"predecessor-version":[{"id":32476,"href":"https:\/\/pergaminho.design\/en\/wp-json\/wp\/v2\/product\/29860\/revisions\/32476"}],"wp:featuredmedia":[{"embeddable":true,"href":"https:\/\/pergaminho.design\/en\/wp-json\/wp\/v2\/media\/32332"}],"wp:attachment":[{"href":"https:\/\/pergaminho.design\/en\/wp-json\/wp\/v2\/media?parent=29860"}],"wp:term":[{"taxonomy":"product_brand","embeddable":true,"href":"https:\/\/pergaminho.design\/en\/wp-json\/wp\/v2\/product_brand?post=29860"},{"taxonomy":"product_cat","embeddable":true,"href":"https:\/\/pergaminho.design\/en\/wp-json\/wp\/v2\/product_cat?post=29860"},{"taxonomy":"product_tag","embeddable":true,"href":"https:\/\/pergaminho.design\/en\/wp-json\/wp\/v2\/product_tag?post=29860"}],"curies":[{"name":"wp","href":"https:\/\/api.w.org\/{rel}","templated":true}]}}